{"id":2657,"date":"2011-06-25T18:57:59","date_gmt":"2011-06-25T16:57:59","guid":{"rendered":"http:\/\/klubmamgdynia.pl\/index.php\/produkt\/janod-zestaw-kreatywny-tygrys-z-mini-pomponow-j07968\/"},"modified":"2026-04-06T04:05:20","modified_gmt":"2026-04-06T02:05:20","slug":"janod-zestaw-kreatywny-tygrys-z-mini-pomponow-j07968","status":"publish","type":"product","link":"http:\/\/klubmamgdynia.pl\/index.php\/produkt\/janod-zestaw-kreatywny-tygrys-z-mini-pomponow-j07968\/","title":{"rendered":"Janod Zestaw Kreatywny Tygrys z Mini Pompon\u00f3w J07968"},"content":{"rendered":"<p>Janod Zestaw Kreatywny Tygrys z Mini Pompon\u00f3w                            <\/p>\n<p>a                            <\/p>\n<p>Zestaw kreatywny Mini-pompony Tygrys francuskiej marki JANOD zawiera 150 mini-pompon\u00f3w w kolorach bia\u0142ym, czarnym i pomara\u0144czowym, wyci\u0119ty z filcu kszta\u0142t tygrysa, 2 arkusze filcowe z wst\u0119pnie naci\u0119tymi elementami, arkusz papieru dwustronnie przylepnego oraz mi\u0119kkie wype\u0142nienie zabawki. Do zestawu do\u0142\u0105czona jest szczeg\u00f3\u0142owa instrukcja, jak wykona\u0107 z tych cz\u0119\u015bci niedu\u017ce, puszyste zwierz\u0105tko \u2013 tygryska. Wycinanie, przyklejanie, komponowanie kolor\u00f3w to dla dziecka d\u0142ugie godziny anga\u017cuj\u0105cej i jednocze\u015bnie uspokajaj\u0105cej zabawy, a gotowe stworzonko b\u0119dzie powodem do dumy i wspania\u0142ym elementem dekoracyjnym dzieci\u0119cego pokoju.Zestaw posiada oznaczenia na opakowaniu oraz instrukcj\u0119 w j\u0119zyku polskim.Zestaw zaprojektowano we Francji we wsp\u00f3\u0142pracy z francusk\u0105 grup\u0105 mediow\u0105 i wydawnicz\u0105 Hachette oraz francusk\u0105 artystk\u0105 \u00c9milie Lapeyre. Zapakowany jest w stylowe kartonowe pude\u0142ko. Idealnie nadaje si\u0119 na prezent.                            <\/p>\n<p>a                            <\/p>\n<p>Zestawy artystyczne marki Janod to zbi\u00f3r kreatywnych zada\u0144 do samodzielnego wykonania przez dziecko, kt\u00f3re wspaniale kszta\u0142tuj\u0105 koordynacj\u0119 r\u0119ka-oko, poprawiaj\u0105 sprawno\u015b\u0107 manualn\u0105, pobudzaj\u0105 wyobra\u017ani\u0119 i ucz\u0105 koncentracji. To doskona\u0142y pomys\u0142 na zabaw\u0119 dla dzieci, kt\u00f3re lubi\u0105 tworzy\u0107 \u2013 sk\u0142ada\u0107, klei\u0107, malowa\u0107 czy rysowa\u0107. Mali arty\u015bci b\u0119d\u0105 na pewno bardzo dumni ze swoich dzie\u0142.Zabawka rozwija:umiej\u0119tno\u015b\u0107 budowania i projektowaniawyobra\u017ani\u0119, pomys\u0142owo\u015b\u0107 i kreatywno\u015b\u0107wiek:\u00a06 lat +materia\u0142: bawe\u0142na, filc i innedesign: Francjawymiary opakowania: 22 x 4 x 13 cmbezpiecze\u0144stwo i jako\u015b\u0107: EN71-1; EN71-2, EN71-3; REACH                            <\/p>\n<p>a                            <\/p>\n<p>a                            <\/p>\n<p>Janod od 1970 roku niezmiennie projektuje zabawki, kt\u00f3re s\u0105 synonimem innowacyjno\u015bci, francuskiego designu i najwy\u017cszej jako\u015bci. Unikalne zabawki Janod tworzone s\u0105 z drewna i innych doskona\u0142ych materia\u0142\u00f3w, a przede wszystkim z dzieci\u0119cych marze\u0144!\u00a0W obecnej ofercie Janod jest ponad 500 produkt\u00f3w, z kt\u00f3rych kluczowe to zabawki drewniane, puzzle, uk\u0142adanki i zabawki magnetyczne. Wszystkie produkty projektowane s\u0105 we Francji przez w\u0142asnych designer\u00f3w. St\u0105d wiele motyw\u00f3w i wzor\u00f3w powtarza si\u0119 w kolekcjach, tworz\u0105c wyj\u0105tkowy, bajkowy \u015bwiat Janod.\u00a0Wszystkie zabawki tworzone s\u0105 z dba\u0142o\u015bci\u0105 o szczeg\u00f3\u0142y, z najwy\u017cszej jako\u015bci materia\u0142\u00f3w, bezpiecznych dla dzieci. Zabawki spe\u0142niaj\u0105 restrykcyjne normy bezpiecze\u0144stwa, takie jak EN71-1, EN71-2, EN71-3 oraz REACH.<\/p>\n<h2>Janod Zestaw Kreatywny Tygrys z Mini Pompon\u00f3w J07968 Janod<\/h2>\n<p>kreatywne zabawy dla 10 latka, przys\u0142owia o rodzinie, kolorowanki do druku pokemon, znaczenie imienia paula, zabawy z 7 latkiem, proste szczere \u017cyczenia bo\u017conarodzeniowe, znaczenie imienia julian, impreza halloween 2021 dla dzieci, kartk\u00f3wki z zegara, zabawki na roczek dla ch\u0142opca, kolorowanka prezent, rozalia imie, natan imi\u0119, jak zrobi\u0107 laurk\u0119 dla babci, aurora imi\u0119, cytaty dziecko, kolorowanka harry potter, karolcia test z lektury<\/p>\n<p>yyyyy<\/p>\n<p>&nbsp;<\/p>\n","protected":false},"excerpt":{"rendered":"<p>Janod Zestaw Kreatywny Tygrys z Mini Pompon\u00f3w a Zestaw kreatywny Mini-pompony Tygrys francuskiej marki JANOD zawiera 150 mini-pompon\u00f3w w kolorach bia\u0142ym, czarnym i pomara\u0144czowym, wyci\u0119ty z filcu kszta\u0142t tygrysa, 2 arkusze filcowe z wst\u0119pnie naci\u0119tymi elementami, arkusz papieru dwustronnie przylepnego oraz mi\u0119kkie wype\u0142nienie zabawki. Do zestawu do\u0142\u0105czona jest szczeg\u00f3\u0142owa instrukcja, jak wykona\u0107 z tych cz\u0119\u015bci [&hellip;]<\/p>\n","protected":false},"featured_media":2658,"comment_status":"closed","ping_status":"open","template":"","meta":[],"product_cat":[557,21],"product_tag":[772,837,742,643,785],"class_list":["post-2657","product","type-product","status-publish","has-post-thumbnail","hentry","product_cat-janod","product_cat-zabawki-plastyczne","product_tag-45-panstw-europy-i-ich-stolice-quiz","product_tag-cicha-noc-po-angielsku","product_tag-piosenki-dla-dzieci-tekst","product_tag-prezent-dla-17-latki","product_tag-prezent-dla-nastolatkow"],"_links":{"self":[{"href":"http:\/\/klubmamgdynia.pl\/index.php\/wp-json\/wp\/v2\/product\/2657","targetHints":{"allow":["GET"]}}],"collection":[{"href":"http:\/\/klubmamgdynia.pl\/index.php\/wp-json\/wp\/v2\/product"}],"about":[{"href":"http:\/\/klubmamgdynia.pl\/index.php\/wp-json\/wp\/v2\/types\/product"}],"replies":[{"embeddable":true,"href":"http:\/\/klubmamgdynia.pl\/index.php\/wp-json\/wp\/v2\/comments?post=2657"}],"wp:featuredmedia":[{"embeddable":true,"href":"http:\/\/klubmamgdynia.pl\/index.php\/wp-json\/wp\/v2\/media\/2658"}],"wp:attachment":[{"href":"http:\/\/klubmamgdynia.pl\/index.php\/wp-json\/wp\/v2\/media?parent=2657"}],"wp:term":[{"taxonomy":"product_cat","embeddable":true,"href":"http:\/\/klubmamgdynia.pl\/index.php\/wp-json\/wp\/v2\/product_cat?post=2657"},{"taxonomy":"product_tag","embeddable":true,"href":"http:\/\/klubmamgdynia.pl\/index.php\/wp-json\/wp\/v2\/product_tag?post=2657"}],"curies":[{"name":"wp","href":"https:\/\/api.w.org\/{rel}","templated":true}]}}