{"id":2663,"date":"2022-09-14T11:37:32","date_gmt":"2022-09-14T09:37:32","guid":{"rendered":"http:\/\/klubmamgdynia.pl\/index.php\/produkt\/swede-slime-unicorn\/"},"modified":"2026-04-30T01:49:42","modified_gmt":"2026-04-29T23:49:42","slug":"swede-slime-unicorn","status":"publish","type":"product","link":"http:\/\/klubmamgdynia.pl\/index.php\/produkt\/swede-slime-unicorn\/","title":{"rendered":"Swede Slime Unicorn"},"content":{"rendered":"<p>Produkt wyst\u0119puje w kilku wersjach kolorystycznych, wybierany losowo. Cena dotyczy jednej sztuki.<\/p>\n<h2>Swede Slime Unicorn Swede<\/h2>\n<p>rysunki dla pocz\u0105tkuj\u0105cych, menu na urodziny dziecka, jak namalowa\u0107 kota, piosenka na dzie\u0144 mamy tekst, quiz o wio\u015bnie, m\u0105dra my\u015bl na dobranoc, traktor z przyczep\u0105 kolorowanka, kawa\u0142y na prima aprilis dla rodzic\u00f3w<\/p>\n<p>yyyyy<\/p>\n<p>&nbsp;<\/p>\n","protected":false},"excerpt":{"rendered":"<p>Produkt wyst\u0119puje w kilku wersjach kolorystycznych, wybierany losowo. Cena dotyczy jednej sztuki. Swede Slime Unicorn Swede rysunki dla pocz\u0105tkuj\u0105cych, menu na urodziny dziecka, jak namalowa\u0107 kota, piosenka na dzie\u0144 mamy tekst, quiz o wio\u015bnie, m\u0105dra my\u015bl na dobranoc, traktor z przyczep\u0105 kolorowanka, kawa\u0142y na prima aprilis dla rodzic\u00f3w yyyyy &nbsp;<\/p>\n","protected":false},"featured_media":2664,"comment_status":"closed","ping_status":"open","template":"","meta":[],"product_cat":[171,21],"product_tag":[784,748,587,760],"class_list":["post-2663","product","type-product","status-publish","has-post-thumbnail","hentry","product_cat-swede","product_cat-zabawki-plastyczne","product_tag-hymn-gorniczy","product_tag-okolice-wroclawia-atrakcje","product_tag-skalne-miasto","product_tag-zagadka-matematyczna"],"_links":{"self":[{"href":"http:\/\/klubmamgdynia.pl\/index.php\/wp-json\/wp\/v2\/product\/2663","targetHints":{"allow":["GET"]}}],"collection":[{"href":"http:\/\/klubmamgdynia.pl\/index.php\/wp-json\/wp\/v2\/product"}],"about":[{"href":"http:\/\/klubmamgdynia.pl\/index.php\/wp-json\/wp\/v2\/types\/product"}],"replies":[{"embeddable":true,"href":"http:\/\/klubmamgdynia.pl\/index.php\/wp-json\/wp\/v2\/comments?post=2663"}],"wp:featuredmedia":[{"embeddable":true,"href":"http:\/\/klubmamgdynia.pl\/index.php\/wp-json\/wp\/v2\/media\/2664"}],"wp:attachment":[{"href":"http:\/\/klubmamgdynia.pl\/index.php\/wp-json\/wp\/v2\/media?parent=2663"}],"wp:term":[{"taxonomy":"product_cat","embeddable":true,"href":"http:\/\/klubmamgdynia.pl\/index.php\/wp-json\/wp\/v2\/product_cat?post=2663"},{"taxonomy":"product_tag","embeddable":true,"href":"http:\/\/klubmamgdynia.pl\/index.php\/wp-json\/wp\/v2\/product_tag?post=2663"}],"curies":[{"name":"wp","href":"https:\/\/api.w.org\/{rel}","templated":true}]}}