{"id":2667,"date":"2014-05-04T19:01:47","date_gmt":"2014-05-04T17:01:47","guid":{"rendered":"http:\/\/klubmamgdynia.pl\/index.php\/produkt\/gra-planszowa-epee-od-slowa-do-skojarzenia-tv-19734\/"},"modified":"2026-04-24T09:00:37","modified_gmt":"2026-04-24T07:00:37","slug":"gra-planszowa-epee-od-slowa-do-skojarzenia-tv-19734","status":"publish","type":"product","link":"http:\/\/klubmamgdynia.pl\/index.php\/produkt\/gra-planszowa-epee-od-slowa-do-skojarzenia-tv-19734\/","title":{"rendered":"Gra planszowa Epee Od S\u0142owa Do Skojarzenia Tv (19734)"},"content":{"rendered":"<p>Od s\u0142owa do s\u0142owa, to wspania\u0142a logiczna , kt\u00f3ra bawi i pobudza szare kom\u00f3rki do my\u015blenia!Wymy\u015bl s\u0142owo.Zakryj liter\u0119, na jak\u0105 si\u0119 zaczyna.Uruchom timer i bezzw\u0142ocznie przeka\u017c kostk\u0119 kolejnej osobie.Nast\u0119pny gracz ma 10 sekund na podanie skojarzenia do Twojego wyrazu.Skojarzenie musi rozpoczyna\u0107 si\u0119 na jedn\u0105 z dost\u0119pnych liter.Gra przeznaczona dla 2-8 graczy w wieku 8+ZAWARTO\u015a\u0106:\u2013 1 kostka do gry z wbudowanym timerem, kt\u00f3ry odmierza 10 sekundWIEK:8+WYMIARY:opakowania 21 x 21 x 5,5 cmkostki ok.9 x 9 x 9 cm<\/p>\n<h2>Gra planszowa Epee Od S\u0142owa Do Skojarzenia Tv (19734) Epee<\/h2>\n<p>jak narysowa\u0107 \u017cab\u0119, cytaty o mi\u0142o\u015bci do dziecka, bajka krecik, prezent na urodziny dla nastolatk\u00f3w, quizy dla przedszkolak\u00f3w, kolorowanki dla ch\u0142opc\u00f3w, dyplomy szablony pdf, malowanki dla dzieci, zagadki matematyczne logiczne, quizy online, kaczuszka, zagadki o przyborach szkolnych, opis o rodzinie, pokemon kolorowanki do druku, pytania logiczne, otto, zabawki dla rocznej dziewczynki<\/p>\n<p>yyyyy<\/p>\n<p>&nbsp;<\/p>\n","protected":false},"excerpt":{"rendered":"<p>Od s\u0142owa do s\u0142owa, to wspania\u0142a logiczna , kt\u00f3ra bawi i pobudza szare kom\u00f3rki do my\u015blenia!Wymy\u015bl s\u0142owo.Zakryj liter\u0119, na jak\u0105 si\u0119 zaczyna.Uruchom timer i bezzw\u0142ocznie przeka\u017c kostk\u0119 kolejnej osobie.Nast\u0119pny gracz ma 10 sekund na podanie skojarzenia do Twojego wyrazu.Skojarzenie musi rozpoczyna\u0107 si\u0119 na jedn\u0105 z dost\u0119pnych liter.Gra przeznaczona dla 2-8 graczy w wieku 8+ZAWARTO\u015a\u0106:\u2013 1 [&hellip;]<\/p>\n","protected":false},"featured_media":2668,"comment_status":"closed","ping_status":"open","template":"","meta":[],"product_cat":[49,235],"product_tag":[658,720,652,589,692,751,835],"class_list":["post-2667","product","type-product","status-publish","has-post-thumbnail","hentry","product_cat-epee","product_cat-gry-planszowe","product_tag-alan-znaczenie-imienia","product_tag-malowanki","product_tag-otto","product_tag-prezent-dla-rocznego-dziecka","product_tag-prezenty-na-roczek","product_tag-psi-patrol-kolorowanka","product_tag-radosc-dziecka-cytaty"],"_links":{"self":[{"href":"http:\/\/klubmamgdynia.pl\/index.php\/wp-json\/wp\/v2\/product\/2667","targetHints":{"allow":["GET"]}}],"collection":[{"href":"http:\/\/klubmamgdynia.pl\/index.php\/wp-json\/wp\/v2\/product"}],"about":[{"href":"http:\/\/klubmamgdynia.pl\/index.php\/wp-json\/wp\/v2\/types\/product"}],"replies":[{"embeddable":true,"href":"http:\/\/klubmamgdynia.pl\/index.php\/wp-json\/wp\/v2\/comments?post=2667"}],"wp:featuredmedia":[{"embeddable":true,"href":"http:\/\/klubmamgdynia.pl\/index.php\/wp-json\/wp\/v2\/media\/2668"}],"wp:attachment":[{"href":"http:\/\/klubmamgdynia.pl\/index.php\/wp-json\/wp\/v2\/media?parent=2667"}],"wp:term":[{"taxonomy":"product_cat","embeddable":true,"href":"http:\/\/klubmamgdynia.pl\/index.php\/wp-json\/wp\/v2\/product_cat?post=2667"},{"taxonomy":"product_tag","embeddable":true,"href":"http:\/\/klubmamgdynia.pl\/index.php\/wp-json\/wp\/v2\/product_tag?post=2667"}],"curies":[{"name":"wp","href":"https:\/\/api.w.org\/{rel}","templated":true}]}}