{"id":2669,"date":"2011-05-24T13:14:06","date_gmt":"2011-05-24T11:14:06","guid":{"rendered":"http:\/\/klubmamgdynia.pl\/index.php\/produkt\/swede-zwierzeta-piszczki-q3084\/"},"modified":"2026-04-04T14:35:59","modified_gmt":"2026-04-04T12:35:59","slug":"swede-zwierzeta-piszczki-q3084","status":"publish","type":"product","link":"http:\/\/klubmamgdynia.pl\/index.php\/produkt\/swede-zwierzeta-piszczki-q3084\/","title":{"rendered":"Swede Zwierz\u0119ta Piszczki (Q3084)"},"content":{"rendered":"<p>Zwierz\u0105tka piszczki dla mniejszych dzieci. Do wyboru: tygrys, lew, \u017cyrafa, s\u0142o\u0144, hipopotam, nosoro\u017cec. Produkt wyst\u0119puje w kilku wresjach, wybierany losowo. Cena dotyczy jednej sztuki.Zabawka przeznaczona dla dzieci od 24 miesi\u0105ca \u017cycia. Podane wymiary mog\u0105 r\u00f3\u017cni\u0107 si\u0119 od podanych ze wzgl\u0119du na inny rozmiar zabawek. Podane wymiary s\u0105 wymiarami s\u0142onia.<\/p>\n<h2>Swede Zwierz\u0119ta Piszczki (Q3084) Swede<\/h2>\n<p>film rodzinny o \u015bwi\u0119tach, eksperymenty dla dzieci wulkan, quiz bajki, oryginalny prezent na roczek dla dziewczynki, dzien matki cytaty, madre zyczenia bozonarodzeniowe, quiz o zwierz\u0119tach domowych<\/p>\n<p>yyyyy<\/p>\n<p>&nbsp;<\/p>\n","protected":false},"excerpt":{"rendered":"<p>Zwierz\u0105tka piszczki dla mniejszych dzieci. Do wyboru: tygrys, lew, \u017cyrafa, s\u0142o\u0144, hipopotam, nosoro\u017cec. Produkt wyst\u0119puje w kilku wresjach, wybierany losowo. Cena dotyczy jednej sztuki.Zabawka przeznaczona dla dzieci od 24 miesi\u0105ca \u017cycia. Podane wymiary mog\u0105 r\u00f3\u017cni\u0107 si\u0119 od podanych ze wzgl\u0119du na inny rozmiar zabawek. Podane wymiary s\u0105 wymiarami s\u0142onia. Swede Zwierz\u0119ta Piszczki (Q3084) Swede film [&hellip;]<\/p>\n","protected":false},"featured_media":2670,"comment_status":"closed","ping_status":"open","template":"","meta":[],"product_cat":[95,171],"product_tag":[744,759,588],"class_list":["post-2669","product","type-product","status-publish","has-post-thumbnail","hentry","product_cat-figurki-makiety-i-zestawy","product_cat-swede","product_tag-kolorowanki-swiateczne-do-wydruku","product_tag-pomysly-na-prezent-dla-nastolatkow","product_tag-wzruszajace-slowa-dla-przyjaciela"],"_links":{"self":[{"href":"http:\/\/klubmamgdynia.pl\/index.php\/wp-json\/wp\/v2\/product\/2669","targetHints":{"allow":["GET"]}}],"collection":[{"href":"http:\/\/klubmamgdynia.pl\/index.php\/wp-json\/wp\/v2\/product"}],"about":[{"href":"http:\/\/klubmamgdynia.pl\/index.php\/wp-json\/wp\/v2\/types\/product"}],"replies":[{"embeddable":true,"href":"http:\/\/klubmamgdynia.pl\/index.php\/wp-json\/wp\/v2\/comments?post=2669"}],"wp:featuredmedia":[{"embeddable":true,"href":"http:\/\/klubmamgdynia.pl\/index.php\/wp-json\/wp\/v2\/media\/2670"}],"wp:attachment":[{"href":"http:\/\/klubmamgdynia.pl\/index.php\/wp-json\/wp\/v2\/media?parent=2669"}],"wp:term":[{"taxonomy":"product_cat","embeddable":true,"href":"http:\/\/klubmamgdynia.pl\/index.php\/wp-json\/wp\/v2\/product_cat?post=2669"},{"taxonomy":"product_tag","embeddable":true,"href":"http:\/\/klubmamgdynia.pl\/index.php\/wp-json\/wp\/v2\/product_tag?post=2669"}],"curies":[{"name":"wp","href":"https:\/\/api.w.org\/{rel}","templated":true}]}}