{"id":267,"date":"2015-10-28T03:29:00","date_gmt":"2015-10-28T02:29:00","guid":{"rendered":"http:\/\/klubmamgdynia.pl\/index.php\/produkt\/trefl-puzzle-20el-rodzina-treflikow-dzien-z-ciocia-21064\/"},"modified":"2026-05-17T22:29:39","modified_gmt":"2026-05-17T20:29:39","slug":"trefl-puzzle-20el-rodzina-treflikow-dzien-z-ciocia-21064","status":"publish","type":"product","link":"http:\/\/klubmamgdynia.pl\/index.php\/produkt\/trefl-puzzle-20el-rodzina-treflikow-dzien-z-ciocia-21064\/","title":{"rendered":"Trefl Puzzle 20el. Rodzina Treflik\u00f3w Dzie\u0144 Z Cioci\u0105 21064"},"content":{"rendered":"<p>Trefl Puzzle Minimaxi Rodzina Treflik\u00f3w Dzie\u0144 Z Cioci\u0105 20El. 21064Puzzle z postaciami bajki ,,Rodzina Treflik\u00f3w&#8221; spodobaj\u0105 si\u0119 ka\u017cdemu dziecku!Wysokiej jako\u015bci materia\u0142 i nadruk sprawiaj\u0105, \u017ce produktem mo\u017cna cieszy\u0107 si\u0119 przez d\u0142ugi czas.                            <\/p>\n<p>                    Sprawd\u017c inne puzzle z Treflikami:<\/p>\n<p>            Trefl Puzzle 20el. Rodzina Treflik\u00f3w Dzie\u0144 Z Cioci\u0105 21064<\/p>\n<p>                        od<br \/>\n                            4,83<br \/>\n                            z\u0142<\/p>\n<p>                    Zobacz<\/p>\n<p>            Trefl Puzzle 2W1 Rodzina Treflik\u00f3w 91790<\/p>\n<p>                        od<br \/>\n                            14,90<br \/>\n                            z\u0142<\/p>\n<p>                    Zobacz<\/p>\n<p>            Trefl Puzzle 20el. Rodzina Treflik\u00f3w Kot Rudolf 21065<\/p>\n<p>                        od<br \/>\n                            4,40<br \/>\n                            z\u0142<\/p>\n<p>                    Zobacz<\/p>\n<p>            Trefl Puzzle 30el. Edukacyjne Trefliki Poznaj\u0105 Alfabet 15553<\/p>\n<p>                        od<br \/>\n                            17,31<br \/>\n                            z\u0142<\/p>\n<p>                    Zobacz<\/p>\n<p>            Trefl Puzzle 4W1 Wsp\u00f3lne Zabawy Treflik\u00f3w 34358<\/p>\n<p>                        od<br \/>\n                            11,00<br \/>\n                            z\u0142<\/p>\n<p>                    Zobacz<\/p>\n<p>            Trefl Puzzle 54el. Weso\u0142y \u015awiat Treflik\u00f3w 4 19666<\/p>\n<p>                        od<br \/>\n                            2,86<br \/>\n                            z\u0142<\/p>\n<p>                    Zobacz<\/p>\n<p>            Trefl Puzzle 48el. Edukacyjne Trefliki Poznaj\u0105 Zwierz\u0119ta \u015awiata 15552<\/p>\n<p>                        od<br \/>\n                            17,30<br \/>\n                            z\u0142<\/p>\n<p>                    Zobacz<\/p>\n<p>            Trefl Puzzle 24el. Rodzina Treflik\u00f3w 14247<\/p>\n<p>                        od<br \/>\n                            10,15<br \/>\n                            z\u0142<\/p>\n<p>                    Zobacz<\/p>\n<p>            Trefl Primo Puzzle Baby Maxi 4w1 Poznaj Bobaski 43000<\/p>\n<p>                        od<br \/>\n                            26,36<br \/>\n                            z\u0142<\/p>\n<p>                    Zobacz<\/p>\n<p>            Trefl Puzzle 60el. Rodzina Treflik\u00f3w Na Tropie 17308<\/p>\n<p>                        od<br \/>\n                            7,62<br \/>\n                            z\u0142<\/p>\n<p>                    Zobacz<\/p>\n<p>            Trefl Puzzle 24el. Portret Rodzinny Z Robobotem 14254<\/p>\n<p>                        od<br \/>\n                            12,49<br \/>\n                            z\u0142<\/p>\n<p>                    Zobacz<\/p>\n<p>            Trefl Puzzle 4W1 Przygotowania Do Balu Treflik\u00f3w 34318<\/p>\n<p>                        od<br \/>\n                            14,72<br \/>\n                            z\u0142<\/p>\n<p>                    Zobacz<\/p>\n<p>            Trefl Puzzle 4W1 Trefliki Wieczorne Rytua\u0142y Dobranoc 34370<\/p>\n<p>                        od<br \/>\n                            15,93<br \/>\n                            z\u0142<\/p>\n<p>                    Zobacz<\/p>\n<p>            Trefl Puzzle 54el. Weso\u0142y \u015awiat Treflik\u00f3w 2 19668<\/p>\n<p>                        od<br \/>\n                            3,99<br \/>\n                            z\u0142<\/p>\n<p>                    Zobacz<\/p>\n<p>            Trefl Puzzle 54el. Weso\u0142y \u015awiat Treflik\u00f3w 1 19667<\/p>\n<p>                        od<br \/>\n                            3,40<br \/>\n                            z\u0142<\/p>\n<p>                    Zobacz<\/p>\n<p>            Trefl Puzzle 100el. Zabawne Trefliki 16422<\/p>\n<p>                        od<br \/>\n                            11,51<br \/>\n                            z\u0142<\/p>\n<p>                    Zobacz<\/p>\n<p>            Trefl Puzzle 4W1 Nowi Przyjaciele Rodzina Treflik\u00f3w 34290<\/p>\n<p>                        od<br \/>\n                            13,99<br \/>\n                            z\u0142<\/p>\n<p>                    Zobacz<\/p>\n<p>            Trefl Puzzle 30el. TreflIki Nad Stawem 18265<\/p>\n<p>                        od<br \/>\n                            9,97<br \/>\n                            z\u0142<\/p>\n<p>                    Zobacz<\/p>\n<p>            Trefl Puzzle 30el. Rodzina Treflik\u00f3w + naklejki 90989<\/p>\n<p>                        od<br \/>\n                            12,99<br \/>\n                            z\u0142<\/p>\n<p>                    Zobacz<\/p>\n<p>            Trefl Puzzle 54el. Trefliki Mapa Polski 15556<\/p>\n<p>                        od<br \/>\n                            17,30<br \/>\n                            z\u0142<\/p>\n<p>                    Zobacz<\/p>\n<p>            Trefl Puzzle 60el. Radosny dzie\u0144 Treflik\u00f3w 17377<\/p>\n<p>                        od<br \/>\n                            10,16<br \/>\n                            z\u0142<\/p>\n<p>                    Zobacz<\/p>\n<p>            Trefl Puzzle 100el. Zabawa W Indianina 16305<\/p>\n<p>                        od<br \/>\n                            11,50<br \/>\n                            z\u0142<\/p>\n<p>                    Zobacz<\/p>\n<p>            Trefl Puzzle 24el. Zabawy Treflik\u00f3w Przed Snem Dobranoc 14325<\/p>\n<p>                        od<br \/>\n                            10,15<br \/>\n                            z\u0142<\/p>\n<p>                    Zobacz<\/p>\n<p>            Trefl Puzzle 15el. Weso\u0142y \u015awiat Bobask\u00f3w Trefliki 14332<\/p>\n<p>                        od<br \/>\n                            15,67<br \/>\n                            z\u0142<\/p>\n<p>                    Zobacz<\/p>\n<p>            Trefl Puzzle 30el. Edukacyjne Trefliki Poznaj\u0105 Cyferki 15554<\/p>\n<p>                        od<br \/>\n                            17,31<br \/>\n                            z\u0142<\/p>\n<p>                    Zobacz<\/p>\n<p>            Trefl Puzzle 30el. Aktywny dzie\u0144 Rodzina Treflik\u00f3w 18287<\/p>\n<p>                        od<br \/>\n                            9,78<br \/>\n                            z\u0142<\/p>\n<p>                    Zobacz<\/p>\n<p>            Trefl Puzzle 3W1 Razem Jest Weso\u0142o 34850<\/p>\n<p>                        od<br \/>\n                            13,87<br \/>\n                            z\u0142<\/p>\n<p>                    Zobacz<\/p>\n<p>            Trefl Puzzle 30el. Trefliki Safari 91755<\/p>\n<p>                        od<br \/>\n                            25,00<br \/>\n                            z\u0142<\/p>\n<p>                    Zobacz<\/p>\n<p>            Trefl Puzzle 54el. Weso\u0142y \u015awiat Treflik\u00f3w 3 19665<\/p>\n<p>                        od<br \/>\n                            3,99<br \/>\n                            z\u0142<\/p>\n<p>                    Zobacz<\/p>\n<p>            Trefl Puzzle 100el. Trefliki I Wujcio 16388<\/p>\n<p>                        od<br \/>\n                            10,52<br \/>\n                            z\u0142<\/p>\n<p>                    Zobacz<\/p>\n<h2>Trefl Puzzle 20el. Rodzina Treflik\u00f3w Dzie\u0144 Z Cioci\u0105 21064 Trefl<\/h2>\n<p>paloma, dzieci z bullerbyn quiz, dyplomy szablony pdf, super zings kolorowanka, daniel imie, serce origami, prezent dla siedemnastolatka, rodzina cytaty, zabawy na dzie\u0144 dziecka w szkole, zagadki dla przedszkolak\u00f3w, znaki drogowe quizy, z\u0142ote my\u015bli o przyja\u017ani, paula znaczenie imienia, motyl kolorowanka, quiz bajki, rebusy i krzy\u017c\u00f3wki dla dzieci do druku, aniela znaczenie imienia, cytaty o dzieciach i rodzicach<\/p>\n<p>yyyyy<\/p>\n<p>&nbsp;<\/p>\n","protected":false},"excerpt":{"rendered":"<p>Trefl Puzzle Minimaxi Rodzina Treflik\u00f3w Dzie\u0144 Z Cioci\u0105 20El. 21064Puzzle z postaciami bajki ,,Rodzina Treflik\u00f3w&#8221; spodobaj\u0105 si\u0119 ka\u017cdemu dziecku!Wysokiej jako\u015bci materia\u0142 i nadruk sprawiaj\u0105, \u017ce produktem mo\u017cna cieszy\u0107 si\u0119 przez d\u0142ugi czas. Sprawd\u017c inne puzzle z Treflikami: Trefl Puzzle 20el. Rodzina Treflik\u00f3w Dzie\u0144 Z Cioci\u0105 21064 od 4,83 z\u0142 Zobacz Trefl Puzzle 2W1 Rodzina Treflik\u00f3w [&hellip;]<\/p>\n","protected":false},"featured_media":268,"comment_status":"closed","ping_status":"open","template":"","meta":[],"product_cat":[90,104],"product_tag":[766,813,665],"class_list":["post-267","product","type-product","status-publish","has-post-thumbnail","hentry","product_cat-puzzle","product_cat-trefl","product_tag-kira","product_tag-krotkie-zagadki-matematyczne-z-odpowiedziami","product_tag-proste-zagadki"],"_links":{"self":[{"href":"http:\/\/klubmamgdynia.pl\/index.php\/wp-json\/wp\/v2\/product\/267","targetHints":{"allow":["GET"]}}],"collection":[{"href":"http:\/\/klubmamgdynia.pl\/index.php\/wp-json\/wp\/v2\/product"}],"about":[{"href":"http:\/\/klubmamgdynia.pl\/index.php\/wp-json\/wp\/v2\/types\/product"}],"replies":[{"embeddable":true,"href":"http:\/\/klubmamgdynia.pl\/index.php\/wp-json\/wp\/v2\/comments?post=267"}],"wp:featuredmedia":[{"embeddable":true,"href":"http:\/\/klubmamgdynia.pl\/index.php\/wp-json\/wp\/v2\/media\/268"}],"wp:attachment":[{"href":"http:\/\/klubmamgdynia.pl\/index.php\/wp-json\/wp\/v2\/media?parent=267"}],"wp:term":[{"taxonomy":"product_cat","embeddable":true,"href":"http:\/\/klubmamgdynia.pl\/index.php\/wp-json\/wp\/v2\/product_cat?post=267"},{"taxonomy":"product_tag","embeddable":true,"href":"http:\/\/klubmamgdynia.pl\/index.php\/wp-json\/wp\/v2\/product_tag?post=267"}],"curies":[{"name":"wp","href":"https:\/\/api.w.org\/{rel}","templated":true}]}}