{"id":2671,"date":"2012-09-15T20:29:17","date_gmt":"2012-09-15T18:29:17","guid":{"rendered":"http:\/\/klubmamgdynia.pl\/index.php\/produkt\/aspirator-do-nosa-odciagacz-kataru\/"},"modified":"2026-04-05T08:44:22","modified_gmt":"2026-04-05T06:44:22","slug":"aspirator-do-nosa-odciagacz-kataru","status":"publish","type":"product","link":"http:\/\/klubmamgdynia.pl\/index.php\/produkt\/aspirator-do-nosa-odciagacz-kataru\/","title":{"rendered":"Aspirator Do Nosa Odci\u0105gacz Kataru"},"content":{"rendered":"<p>Aspirator Elektryczny Do Nosa Odci\u0105gacz Kataru 2W1<\/p>\n<h2>Aspirator Do Nosa Odci\u0105gacz Kataru Inny<\/h2>\n<p>hymn g\u00f3rniczy, film animowany o \u015bwi\u0119tach, zagadki dla starszych dzieci, zagadki dla dzieci 10-12 lat, mapa europy do druku, zima z\u0142a tekst, bardzo trudne zagadki, bajki na dobranoc dla dzieci<\/p>\n<p>yyyyy<\/p>\n<p>&nbsp;<\/p>\n","protected":false},"excerpt":{"rendered":"<p>Aspirator Elektryczny Do Nosa Odci\u0105gacz Kataru 2W1 Aspirator Do Nosa Odci\u0105gacz Kataru Inny hymn g\u00f3rniczy, film animowany o \u015bwi\u0119tach, zagadki dla starszych dzieci, zagadki dla dzieci 10-12 lat, mapa europy do druku, zima z\u0142a tekst, bardzo trudne zagadki, bajki na dobranoc dla dzieci yyyyy &nbsp;<\/p>\n","protected":false},"featured_media":2672,"comment_status":"closed","ping_status":"open","template":"","meta":[],"product_cat":[953,169],"product_tag":[831,777,669,759],"class_list":["post-2671","product","type-product","status-publish","has-post-thumbnail","hentry","product_cat-aspiratory-i-gruszki-do-nosa","product_cat-inny","product_tag-bruno","product_tag-co-na-roczek","product_tag-kolorowanki","product_tag-pomysly-na-prezent-dla-nastolatkow"],"_links":{"self":[{"href":"http:\/\/klubmamgdynia.pl\/index.php\/wp-json\/wp\/v2\/product\/2671","targetHints":{"allow":["GET"]}}],"collection":[{"href":"http:\/\/klubmamgdynia.pl\/index.php\/wp-json\/wp\/v2\/product"}],"about":[{"href":"http:\/\/klubmamgdynia.pl\/index.php\/wp-json\/wp\/v2\/types\/product"}],"replies":[{"embeddable":true,"href":"http:\/\/klubmamgdynia.pl\/index.php\/wp-json\/wp\/v2\/comments?post=2671"}],"wp:featuredmedia":[{"embeddable":true,"href":"http:\/\/klubmamgdynia.pl\/index.php\/wp-json\/wp\/v2\/media\/2672"}],"wp:attachment":[{"href":"http:\/\/klubmamgdynia.pl\/index.php\/wp-json\/wp\/v2\/media?parent=2671"}],"wp:term":[{"taxonomy":"product_cat","embeddable":true,"href":"http:\/\/klubmamgdynia.pl\/index.php\/wp-json\/wp\/v2\/product_cat?post=2671"},{"taxonomy":"product_tag","embeddable":true,"href":"http:\/\/klubmamgdynia.pl\/index.php\/wp-json\/wp\/v2\/product_tag?post=2671"}],"curies":[{"name":"wp","href":"https:\/\/api.w.org\/{rel}","templated":true}]}}