{"id":2675,"date":"2019-02-06T09:47:13","date_gmt":"2019-02-06T08:47:13","guid":{"rendered":"http:\/\/klubmamgdynia.pl\/index.php\/produkt\/brit-premium-by-nature-adult-medium-15kg\/"},"modified":"2026-04-27T04:33:26","modified_gmt":"2026-04-27T02:33:26","slug":"brit-premium-by-nature-adult-medium-15kg","status":"publish","type":"product","link":"http:\/\/klubmamgdynia.pl\/index.php\/produkt\/brit-premium-by-nature-adult-medium-15kg\/","title":{"rendered":"Brit Premium By Nature Adult Medium 15Kg"},"content":{"rendered":"<p>Brit Premium By Nature Adult MediumBRIT PREMIUM BY NATURE Z KURCZAKIEM DLA DOROS\u0141YCH PS\u00d3W \u015aREDNICH RAS (10-25KG)Sk\u0142ad karmy Brit Premium by Nature Adult Medium zosta\u0142 opracowany z uwzgl\u0119dnieniem codziennego zapotrzebowania na sk\u0142adniki od\u017cywcze przez doros\u0142e psy ras \u015brednich. Receptura karmy oparta na wysokiej koncentracji sk\u0142adnik\u00f3w od\u017cywczych dostarcza psom odpowiedni\u0105 ilo\u015b\u0107 wa\u017cnych sk\u0142adnik\u00f3w w relatywnie niskich dawkach pokarmowych, co zmniejsza ryzyko wyst\u0105pienia skr\u0119t\u00f3w jelit. Karma Brit przyczynia si\u0119 do utrzymania zdrowych i mocnych ko\u015bci dzi\u0119ki zawarto\u015bci 4 sk\u0142adnik\u00f3w, do kt\u00f3rych nalez\u0105 chondroityna, glukozamina, wap\u0144 i fosfor. Ponadto dzi\u0119ki obni\u017conej zawarto\u015bci t\u0142uszczu i wysokiej zawarto\u015bci bia\u0142ka, karma wspomaga w utrzymaniu prawid\u0142owej masy cia\u0142a psa, co prowadzi do ograniczenia wyst\u0119powania schorze\u0144 staw\u00f3w.\u00a0Mo\u017cna podawa\u0107 w postaci suchej lub zwil\u017conej letni\u0105 wod\u0105. Podawaj karm\u0119 w 1-2 r\u00f3wnych porcjach w ci\u0105gu dnia. Zalecan\u0105 ilo\u015b\u0107 dobow\u0105 przedstawiono w tabeli \u017cywieniowej. Podaj\u0105c Brit Premium po raz pierwszy, wybierz mniejsz\u0105 ilo\u015b\u0107 i wymieszaj j\u0105 z poprzednio stosowan\u0105 karm\u0105. Stopniowo zwi\u0119kszaj zawarto\u015b\u0107 Brit Premium. Nale\u017cy zadba\u0107 o to, aby pies mia\u0142 zawsze \u015bwie\u017c\u0105 wod\u0119 do picia.                            <\/p>\n<p>a                            <\/p>\n<p>Energia Metaboliczna3 790 kcal\/kgKwasy T\u0142uszczowe Omega 3: 0,2%Kwasy T\u0142uszczowe Omega 6: 1,7%                            <\/p>\n<p>Zdrowa sk\u00f3ra i l\u015bni\u0105ca sier\u015b\u0107                            <\/p>\n<p> Poprawa odporno\u015bci i kondycji                            <\/p>\n<p> Zapobieganie stresowi i wsparcie funkcji serca                            <\/p>\n<p>SK\u0141AD                            <\/p>\n<p>kurczak 45% (dehydratyzowany 25%, odkostniony 20%), owies zwyczajny, pszenica, t\u0142uszcz z kurczaka (konserwowany mieszank\u0105 tokoferoli), kukurydza, suszone jab\u0142ka, olej z \u0142ososia (2%), hydrozlizowana w\u0105tr\u00f3bka z kurczaka, dro\u017cd\u017ce browarniane, kolagen, hydrolizat muszli skorupiak\u00f3w (\u017ar\u00f3d\u0142o glukozaminy, 210 mg\/kg), wyci\u0105g z chrz\u0105stki (\u017ar\u00f3d\u0142o chondroityny, 150 mg\/kg), wyci\u0105g z zi\u00f3\u0142 i owoc\u00f3w (go\u017adziki, owoce cytrusowe, rozmaryn, kurkuma, 120 mg\/kg), mannooligosacharydy (120 mg\/kg), fruktooligosacharydy (90 mg\/kg), jukka Mojave (90 mg\/kg), suszony rumianek (80 mg\/kg), omu\u0142ek zielonowargowy (\u017ar\u00f3d\u0142o glukozaminoglikan\u00f3w, 50mg \/ kg), suszone bor\u00f3wki (50mg\/kg)                            <\/p>\n<p>SK\u0141ADNIKI OD\u017bYWCZE                            <\/p>\n<p>bia\u0142ko surowe 26%, zawarto\u015b\u0107 t\u0142uszczu 15%, wilgotno\u015b\u0107 10%, popi\u00f3\u0142 surowy 7%, w\u0142\u00f3kno surowe 2,2%, wap\u0144 1,5%, fosfor 1,1%                            <\/p>\n<p>SPRAWD\u0179 CA\u0141\u0104 GAM\u0118 PRODUKT\u00d3W BRIT PREMIUM ADULT                            <\/p>\n<p>            Brit\u00a0Premium By Nature Adult Small 8Kg<\/p>\n<p>                    Zobacz<\/p>\n<p>            Brit Premium By Nature Adult Medium 15Kg<\/p>\n<p>                    Zobacz<\/p>\n<p>            Brit Premium By Nature Adult Large 15Kg<\/p>\n<p>                    Zobacz<\/p>\n<p>            Brit Premium By Nature Adult Extra Large 15Kg<\/p>\n<p>                    Zobacz<\/p>\n<p>Profilaktyka przez \u017cywienie &#8211; to g\u0142\u00f3wna zasada, kt\u00f3r\u0105 spe\u0142niaj\u0105 starannie skomponowane karmy Brit Care. Wiemy, \u017ce zwierz\u0119ta domowe s\u0105 w r\u00f3wnym stopniu jak my sami nara\u017cone na stres i powa\u017cne choroby, dlatego z mi\u0142o\u015bci do nich opracowali\u015bmy unikaln\u0105 receptur\u0119, opart\u0105 na wyselekcjonowanych sk\u0142adnikach. Wierzymy, \u017ce odpowiednia dieta ma ogromne znaczenie dla zdrowia i kondycji naszych czworono\u017cnych przyjaci\u00f3\u0142. St\u0105d w karmach Brit znajdziecie tylko to, co najlepsze: wysokiej jako\u015bci mi\u0119so, ryby, warzywa i owoce, zio\u0142a oraz sk\u0142adniki funkcjonalne.<\/p>\n<h2>Brit Premium By Nature Adult Medium 15Kg Brit<\/h2>\n<p>opowie\u015bci z narni lew czarownica i stara szafa test, kolorowanki miasto dzieci, kolorowanki konie, uk\u0142ad s\u0142oneczny kolorowanka, imie iwo, pia imi\u0119, esmeralda, bezwarunkowa mi\u0142o\u015b\u0107 do dziecka cytaty, prezent dla rocznego ch\u0142opca, znaczenie imiona alan, bajki dla niemowl\u0105t, darmowy szablon list do miko\u0142aja, koty rysunki<\/p>\n<p>yyyyy<\/p>\n<p>&nbsp;<\/p>\n","protected":false},"excerpt":{"rendered":"<p>Brit Premium By Nature Adult MediumBRIT PREMIUM BY NATURE Z KURCZAKIEM DLA DOROS\u0141YCH PS\u00d3W \u015aREDNICH RAS (10-25KG)Sk\u0142ad karmy Brit Premium by Nature Adult Medium zosta\u0142 opracowany z uwzgl\u0119dnieniem codziennego zapotrzebowania na sk\u0142adniki od\u017cywcze przez doros\u0142e psy ras \u015brednich. Receptura karmy oparta na wysokiej koncentracji sk\u0142adnik\u00f3w od\u017cywczych dostarcza psom odpowiedni\u0105 ilo\u015b\u0107 wa\u017cnych sk\u0142adnik\u00f3w w relatywnie niskich [&hellip;]<\/p>\n","protected":false},"featured_media":2676,"comment_status":"closed","ping_status":"open","template":"","meta":[],"product_cat":[954,951],"product_tag":[765,856,735,623,633],"class_list":["post-2675","product","type-product","status-publish","has-post-thumbnail","hentry","product_cat-brit","product_cat-karmy-dla-psow","product_tag-atrakcje-dla-dzieci-warszawa","product_tag-prezent-dla-16-latki","product_tag-prezent-na-roczek-dziewczynka","product_tag-zagadki-logiczne-smieszne","product_tag-zagadki-z-odpowiedziami"],"_links":{"self":[{"href":"http:\/\/klubmamgdynia.pl\/index.php\/wp-json\/wp\/v2\/product\/2675","targetHints":{"allow":["GET"]}}],"collection":[{"href":"http:\/\/klubmamgdynia.pl\/index.php\/wp-json\/wp\/v2\/product"}],"about":[{"href":"http:\/\/klubmamgdynia.pl\/index.php\/wp-json\/wp\/v2\/types\/product"}],"replies":[{"embeddable":true,"href":"http:\/\/klubmamgdynia.pl\/index.php\/wp-json\/wp\/v2\/comments?post=2675"}],"wp:featuredmedia":[{"embeddable":true,"href":"http:\/\/klubmamgdynia.pl\/index.php\/wp-json\/wp\/v2\/media\/2676"}],"wp:attachment":[{"href":"http:\/\/klubmamgdynia.pl\/index.php\/wp-json\/wp\/v2\/media?parent=2675"}],"wp:term":[{"taxonomy":"product_cat","embeddable":true,"href":"http:\/\/klubmamgdynia.pl\/index.php\/wp-json\/wp\/v2\/product_cat?post=2675"},{"taxonomy":"product_tag","embeddable":true,"href":"http:\/\/klubmamgdynia.pl\/index.php\/wp-json\/wp\/v2\/product_tag?post=2675"}],"curies":[{"name":"wp","href":"https:\/\/api.w.org\/{rel}","templated":true}]}}