{"id":2677,"date":"2018-10-16T05:31:40","date_gmt":"2018-10-16T03:31:40","guid":{"rendered":"http:\/\/klubmamgdynia.pl\/index.php\/produkt\/marioinex-klocki-mini-waffle-edu-500el\/"},"modified":"2026-04-05T19:18:42","modified_gmt":"2026-04-05T17:18:42","slug":"marioinex-klocki-mini-waffle-edu-500el","status":"publish","type":"product","link":"http:\/\/klubmamgdynia.pl\/index.php\/produkt\/marioinex-klocki-mini-waffle-edu-500el\/","title":{"rendered":"Marioinex Klocki Mini Waffle Edu 500El"},"content":{"rendered":"<p>Wiele godzin wci\u0105gaj\u0105cej, fantastycznej zabawy zapewni\u0105 dziecku KLOCKI WAFLE MINI &#8211; EDU MarioinexElastyczne klocki, wykonane zosta\u0142y z materia\u0142u kt\u00f3ry w dotyku przypomina gum\u0119. Rozbudz\u0105 kreatywno\u015b\u0107 ma\u0142ego konstruktora i przenios\u0105 go w \u015bwiat niezwyk\u0142ych budowli. Nieograniczone mo\u017cliwo\u015bci tworzenia w po\u0142\u0105czeniu z wyobra\u017ani\u0105 dziecka zaoowocuj\u0105 wyj\u0105tkowymi, oryginalnymi projektami. Kolorowe elementy swym kszta\u0142tem przypominaja uwielbiane przez dzieci wafelki i st\u0105d wywodzi si\u0119 ich smaczna nazwa. Wygl\u0105daj\u0105 tak fantastycznie, \u017ce a\u017c chcia\u0142oby si\u0119 je schrupa\u0107. Maj\u0105 jednak inne du\u017co wa\u017cniejsze zadanie &#8211; dostarczy\u0107 niesamowit\u0105 przyjemno\u015b\u0107 tworzenia, wspom\u00f3c rozw\u00f3j motoryki i koncentracji u dziecka.Zabawa nimi to doskona\u0142a okazja do wsp\u00f3lnego sp\u0119dzania czasu. Dla dziecka to wyj\u0105tkowe chwile z mam\u0105 lub tat\u0105, dla rodzica sentymentalna podr\u00f3\u017c do dzieci\u0119cych lat. Producent do\u0142o\u017cy\u0142 wszelkich stara\u0144, aby klocki wykonane by\u0142y z materia\u0142\u00f3w najwy\u017cszej jako\u015bci, tak by zapewni\u0107 bezpiecze\u0144stwo u\u017cytkowania. Elastyczne elementy cechuj\u0105 si\u0119 bardzo du\u017c\u0105 wytrzyma\u0142o\u015bci\u0105 &#8211; nie da si\u0119 ich rozerwa\u0107, a odgi\u0119te bardzo szybko wracaj\u0105 do swojego pierwotnego kszta\u0142tu.Do zestawu do\u0142\u0105czono te\u017c 28 dwustronnych kart, kt\u00f3re poprowadz\u0105 dziecko przez r\u00f3\u017cne poziomy trudno\u015bci i przygotuj\u0105 do tworzenia bardziej skomplikowanych budowli. B\u0119d\u0105 interesuj\u0105cym uzupe\u0142nieniem zabaw nie tylko indywidualnych, lecz tak\u017ce grupowych. Pierwsze 13 kart zawiera zadania polegaj\u0105ce na na\u015bladowaniu, uzupe\u0142nianiu i kontynuowaniu sekwencji stworzonych z wafli. \u0106wiczenia takie stymuluj\u0105 lew\u0105 p\u00f3\u0142kul\u0119 m\u00f3zgu, ucz\u0105 systematyczno\u015bci w wykonywaniu zada\u0144 oraz logicznego my\u015blenia. To doskona\u0142y trening rozwijaj\u0105cy nawyk linearny, tak bardzo potrzebny przy p\u00f3\u017aniejszej nauce czytania, pisania, czy te\u017c rozwi\u0105zywania zada\u0144 matematycznych. Karty od 14 do 28kszta\u0142tuj\u0105 kreatywno\u015b\u0107 i wspieraja rozw\u00f3j motoryki ma\u0142ej.Fantastyczne KLOCKI WAFLE MINI EDU Marioinex b\u0119d\u0105 idealnym pomys\u0142em na prezent dla kreatywnego malca.W opakowaniu znajduj\u0105 si\u0119:kolorowe klocki 500 element\u00f3w28 kart zabawwymiar pojedy\u0144czego elementu 3,5 x 3,5 x 0,5 cmprodukt oryginalnie zapakowanyprzeznaczony dla dzieci od 3 roku \u017cyciaMarioinex to polski producent, kt\u00f3ry swoj\u0105 dzia\u0142alno\u015b\u0107 rozpocz\u0105\u0142 w 1986 roku. G\u0142\u00f3wnym za\u0142o\u017ceniem ho\u0142duj\u0105cej rodzinnym tradycjom firmy jest tworzenie wysokiej jako\u015bci zabawek, bezpiecznych dla ma\u0142ych u\u017cytkownik\u00f3w. Ka\u017cdy produkt posiada certyfikaty europejskie i dzi\u0119ki testom spe\u0142nia rygorystyczne normy bezpiecze\u0144stwa. Producent k\u0142adzie te\u017c bardzo du\u017cy nacisk na ochron\u0119 \u015brodowiska.<\/p>\n<h2>Marioinex Klocki Mini Waffle Edu 500El Marioinex<\/h2>\n<p>tekst ko\u0142ysanki, niech \u017cyj\u0105 wakacje tekst, dzie\u0144 pluszowego misia napis, tajemniczy ogr\u00f3d test z odpowiedziami, rodzina cytaty, nauka pisania literek do wydruku pdf, opowie\u015bci z narni lew czarownica i stara szafa test, kolorowanki pikachu, zagadki o dinozaurach, dzie\u0144 dziecka dla nastolatk\u00f3w, \u015bmieszne zagadki matematyczne, everest psi patrol, atrakcje dla dzieci wielkopolska, bajka o piesku do czytania, test z lektury mitologia grecka, zagadki o wio\u015bnie dla dzieci, malowanie kamieni, cookie dough przepis<\/p>\n<p>yyyyy<\/p>\n<p>&nbsp;<\/p>\n","protected":false},"excerpt":{"rendered":"<p>Wiele godzin wci\u0105gaj\u0105cej, fantastycznej zabawy zapewni\u0105 dziecku KLOCKI WAFLE MINI &#8211; EDU MarioinexElastyczne klocki, wykonane zosta\u0142y z materia\u0142u kt\u00f3ry w dotyku przypomina gum\u0119. Rozbudz\u0105 kreatywno\u015b\u0107 ma\u0142ego konstruktora i przenios\u0105 go w \u015bwiat niezwyk\u0142ych budowli. Nieograniczone mo\u017cliwo\u015bci tworzenia w po\u0142\u0105czeniu z wyobra\u017ani\u0105 dziecka zaoowocuj\u0105 wyj\u0105tkowymi, oryginalnymi projektami. Kolorowe elementy swym kszta\u0142tem przypominaja uwielbiane przez dzieci wafelki [&hellip;]<\/p>\n","protected":false},"featured_media":2678,"comment_status":"closed","ping_status":"open","template":"","meta":[],"product_cat":[113,328],"product_tag":[668,801,583,636,794],"class_list":["post-2677","product","type-product","status-publish","has-post-thumbnail","hentry","product_cat-klocki","product_cat-marioinex","product_tag-atrakcje-dla-dzieci-wroclaw","product_tag-bajki-terapeutyczne-o-emocjach","product_tag-kolysanki-dla-dzieci-tekst","product_tag-teksty-kolysanek","product_tag-test-opowiesci-z-narnii-lew-czarownica-i-stara-szafa-do-druku"],"_links":{"self":[{"href":"http:\/\/klubmamgdynia.pl\/index.php\/wp-json\/wp\/v2\/product\/2677","targetHints":{"allow":["GET"]}}],"collection":[{"href":"http:\/\/klubmamgdynia.pl\/index.php\/wp-json\/wp\/v2\/product"}],"about":[{"href":"http:\/\/klubmamgdynia.pl\/index.php\/wp-json\/wp\/v2\/types\/product"}],"replies":[{"embeddable":true,"href":"http:\/\/klubmamgdynia.pl\/index.php\/wp-json\/wp\/v2\/comments?post=2677"}],"wp:featuredmedia":[{"embeddable":true,"href":"http:\/\/klubmamgdynia.pl\/index.php\/wp-json\/wp\/v2\/media\/2678"}],"wp:attachment":[{"href":"http:\/\/klubmamgdynia.pl\/index.php\/wp-json\/wp\/v2\/media?parent=2677"}],"wp:term":[{"taxonomy":"product_cat","embeddable":true,"href":"http:\/\/klubmamgdynia.pl\/index.php\/wp-json\/wp\/v2\/product_cat?post=2677"},{"taxonomy":"product_tag","embeddable":true,"href":"http:\/\/klubmamgdynia.pl\/index.php\/wp-json\/wp\/v2\/product_tag?post=2677"}],"curies":[{"name":"wp","href":"https:\/\/api.w.org\/{rel}","templated":true}]}}