{"id":2681,"date":"2025-05-15T13:34:34","date_gmt":"2025-05-15T11:34:34","guid":{"rendered":"http:\/\/klubmamgdynia.pl\/?post_type=product&#038;p=2681"},"modified":"2026-05-17T22:17:51","modified_gmt":"2026-05-17T20:17:51","slug":"glitsies-pluszowy-mis-przytulanka-krol-lew-simba-15cm","status":"publish","type":"product","link":"http:\/\/klubmamgdynia.pl\/index.php\/produkt\/glitsies-pluszowy-mis-przytulanka-krol-lew-simba-15cm\/","title":{"rendered":"Glitsies Pluszowy Mi\u015b Przytulanka Kr\u00f3l Lew Simba 15Cm"},"content":{"rendered":"<p>PRZYTULANKA MASKOTKA SIMBA KR\u00d3L LEW 15cmPrzytulanki z licencj\u0105 DISNEY doskonale oddaj\u0105 wizerunek bohater\u00f3w bajek dla dzieci. W kolekcji GLITSIES znajdziemy maskotki:Osio\u0142ka z bajki Kubu\u015b PuchatekMyszk\u0119 miki z bajki Myszka Miki i przyjacieleSimb\u0119 z bajki Kr\u00f3l LewDalmaty\u0144czyka z bajki 101 dalmaty\u0144czyk\u00f3wJelonka Bambi z bajki BambiKr\u00f3lewn\u0119 \u015anie\u017ck\u0119 z bajki Kr\u00f3lewna \u015anie\u017cka i 7 krasnol\u00f3dk\u00f3wWszystkie maskotki wykonane s\u0105 z mi\u0119kkiego, przyjemnego w dotyku pluszowego materia\u0142u. Pi\u0119kne du\u017ce b\u0142yszcz\u0105ce oczy oraz wyszywane mieni\u0105cymi si\u0119 cekinami uszy dodaj\u0105 maskotce jeszcze wi\u0119cej uroku.Wysoko\u015b\u0107 maskotki: ok. 15cm<\/p>\n<h2>Glitsies Pluszowy Mi\u015b Przytulanka Kr\u00f3l Lew Simba 15Cm TM Toys<\/h2>\n<p>origami kotek, kanapki na urodziny dziecka, gra kulki, dyplom do druku<\/p>\n<p>yyyyy<\/p>\n<p>&nbsp;<\/p>\n","protected":false},"excerpt":{"rendered":"<p>PRZYTULANKA MASKOTKA SIMBA KR\u00d3L LEW 15cmPrzytulanki z licencj\u0105 DISNEY doskonale oddaj\u0105 wizerunek bohater\u00f3w bajek dla dzieci. W kolekcji GLITSIES znajdziemy maskotki:Osio\u0142ka z bajki Kubu\u015b PuchatekMyszk\u0119 miki z bajki Myszka Miki i przyjacieleSimb\u0119 z bajki Kr\u00f3l LewDalmaty\u0144czyka z bajki 101 dalmaty\u0144czyk\u00f3wJelonka Bambi z bajki BambiKr\u00f3lewn\u0119 \u015anie\u017ck\u0119 z bajki Kr\u00f3lewna \u015anie\u017cka i 7 krasnol\u00f3dk\u00f3wWszystkie maskotki wykonane s\u0105 [&hellip;]<\/p>\n","protected":false},"featured_media":2682,"comment_status":"closed","ping_status":"open","template":"","meta":[],"product_cat":[42,145],"product_tag":[671,763,755,597],"class_list":["post-2681","product","type-product","status-publish","has-post-thumbnail","hentry","product_cat-maskotki","product_cat-tm-toys","product_tag-cicha-noc-po-angielsku-tekst","product_tag-fabian","product_tag-henryk","product_tag-zagadki-o-zimie"],"_links":{"self":[{"href":"http:\/\/klubmamgdynia.pl\/index.php\/wp-json\/wp\/v2\/product\/2681","targetHints":{"allow":["GET"]}}],"collection":[{"href":"http:\/\/klubmamgdynia.pl\/index.php\/wp-json\/wp\/v2\/product"}],"about":[{"href":"http:\/\/klubmamgdynia.pl\/index.php\/wp-json\/wp\/v2\/types\/product"}],"replies":[{"embeddable":true,"href":"http:\/\/klubmamgdynia.pl\/index.php\/wp-json\/wp\/v2\/comments?post=2681"}],"wp:featuredmedia":[{"embeddable":true,"href":"http:\/\/klubmamgdynia.pl\/index.php\/wp-json\/wp\/v2\/media\/2682"}],"wp:attachment":[{"href":"http:\/\/klubmamgdynia.pl\/index.php\/wp-json\/wp\/v2\/media?parent=2681"}],"wp:term":[{"taxonomy":"product_cat","embeddable":true,"href":"http:\/\/klubmamgdynia.pl\/index.php\/wp-json\/wp\/v2\/product_cat?post=2681"},{"taxonomy":"product_tag","embeddable":true,"href":"http:\/\/klubmamgdynia.pl\/index.php\/wp-json\/wp\/v2\/product_tag?post=2681"}],"curies":[{"name":"wp","href":"https:\/\/api.w.org\/{rel}","templated":true}]}}