{"id":2683,"date":"2024-07-25T11:14:49","date_gmt":"2024-07-25T09:14:49","guid":{"rendered":"http:\/\/klubmamgdynia.pl\/?post_type=product&#038;p=2683"},"modified":"2026-04-26T15:40:27","modified_gmt":"2026-04-26T13:40:27","slug":"leantoys-zestaw-drewnianych-klockow-miasto-litery-puzzle-162-sztuk","status":"publish","type":"product","link":"http:\/\/klubmamgdynia.pl\/index.php\/produkt\/leantoys-zestaw-drewnianych-klockow-miasto-litery-puzzle-162-sztuk\/","title":{"rendered":"Leantoys Zestaw Drewnianych Klock\u00f3w Miasto Litery Puzzle 162 Sztuk"},"content":{"rendered":"<p>Zestaw Drewnianych Klock\u00f3w Miasto Litery Puzzle 162 SztukStw\u00f3rz w\u0142asne miasto ! Przedstawiamy zestaw drewnianych klock\u00f3w z napisami oraz rysunkami, kt\u00f3re po u\u0142o\u017ceniu ukazuj\u0105 ma\u0142e miasteczko. Drewniane klocki znane s\u0105 od wiek\u00f3w i fantastycznie sprawdzaj\u0105 si\u0119 w ka\u017cdym pokoleniu, s\u0105 w stanie pobudzi\u0107 w dziecku wyobra\u017anie oraz logiczne my\u015blenie.Ca\u0142o\u015b\u0107 sk\u0142ada si\u0119 z 162 element\u00f3w. W zestawie znajduje si\u0119 instrukcja, w jaki spos\u00f3b stworzy\u0107 budynki. Poza tym puzzle, kt\u00f3re po u\u0142o\u017ceniu przedstawiaj\u0105 drogi na kt\u00f3rych maluch mo\u017ce budowa\u0107 swoje miasto. Mo\u017cna zbudowa\u0107 budynki takie jak szpital, szko\u0142a, hotel, komisariat policji, lodziarni\u0119, kawiarni\u0119, ksi\u0119garni\u0119, bank, super market. Na odwrocie cz\u0119\u015bci klock\u00f3w nadrukowane s\u0105 litery, Twoje dziecko mo\u017ce zacz\u0105\u0107 uk\u0142ada\u0107 nowe s\u0142owa.Klocki zapakowane s\u0105 w kolorowe wiaderko na g\u00f3rze, kt\u00f3rego znajduje si\u0119 sorter w r\u00f3\u017cnych kszta\u0142tach, do kt\u00f3rych nale\u017cy dopasowa\u0107 odpowiednie klocki.W sk\u0142ad zestawu wchodzi:- zestaw klock\u00f3w- pojazdy drewniane- puzzle s\u0142u\u017c\u0105ce jako podstawka pod klocki- torba na klocki- instrukcja obs\u0142ugiWymiary opakowania:23 cm x 23 cm x 22 cmKlocki s\u0105 przeznaczone dla dzieci powy\u017cej 3 roku \u017cycia. Zapakowane w kolorowe wiaderko idealnie nadaj\u0105 si\u0119 na prezent.Informacje o produkcieOstrze\u017cenie! Nieodpowiednie dla dzieci w wieku poni\u017cej 3 latP\u0142e\u0107 unisexWiek 3+D\u0142ugo\u015b\u0107 towaru w centymetrach 24Wysoko\u015b\u0107 towaru w centymetrach 22Szeroko\u015b\u0107 towaru w centymetrach 24Waga gabarytowa w gramach 2112<\/p>\n<h2>Leantoys Zestaw Drewnianych Klock\u00f3w Miasto Litery Puzzle 162 Sztuk Lean Toys<\/h2>\n<p>spongebob kolorowanka, \u017carty na prima aprilis na rodzic\u00f3w, jak narysowa\u0107 konia, glupie zagadki, pan twardowski na ksi\u0119\u017cycu wiersz, marcel imi\u0119, babciu droga babciu tekst, koty kolorowanki do druku, znaczenie imiona monika, wierszyki o wakacjach kr\u00f3tkie, podchwytliwe zagadki, dzieci.pl<\/p>\n<p>yyyyy<\/p>\n<p>&nbsp;<\/p>\n","protected":false},"excerpt":{"rendered":"<p>Zestaw Drewnianych Klock\u00f3w Miasto Litery Puzzle 162 SztukStw\u00f3rz w\u0142asne miasto ! Przedstawiamy zestaw drewnianych klock\u00f3w z napisami oraz rysunkami, kt\u00f3re po u\u0142o\u017ceniu ukazuj\u0105 ma\u0142e miasteczko. Drewniane klocki znane s\u0105 od wiek\u00f3w i fantastycznie sprawdzaj\u0105 si\u0119 w ka\u017cdym pokoleniu, s\u0105 w stanie pobudzi\u0107 w dziecku wyobra\u017anie oraz logiczne my\u015blenie.Ca\u0142o\u015b\u0107 sk\u0142ada si\u0119 z 162 element\u00f3w. W zestawie [&hellip;]<\/p>\n","protected":false},"featured_media":2684,"comment_status":"closed","ping_status":"open","template":"","meta":[],"product_cat":[113,73],"product_tag":[777,818,771,576],"class_list":["post-2683","product","type-product","status-publish","has-post-thumbnail","hentry","product_cat-klocki","product_cat-lean-toys","product_tag-co-na-roczek","product_tag-oliwier","product_tag-stolice-europy-quiz","product_tag-trudne-zagadki"],"_links":{"self":[{"href":"http:\/\/klubmamgdynia.pl\/index.php\/wp-json\/wp\/v2\/product\/2683","targetHints":{"allow":["GET"]}}],"collection":[{"href":"http:\/\/klubmamgdynia.pl\/index.php\/wp-json\/wp\/v2\/product"}],"about":[{"href":"http:\/\/klubmamgdynia.pl\/index.php\/wp-json\/wp\/v2\/types\/product"}],"replies":[{"embeddable":true,"href":"http:\/\/klubmamgdynia.pl\/index.php\/wp-json\/wp\/v2\/comments?post=2683"}],"wp:featuredmedia":[{"embeddable":true,"href":"http:\/\/klubmamgdynia.pl\/index.php\/wp-json\/wp\/v2\/media\/2684"}],"wp:attachment":[{"href":"http:\/\/klubmamgdynia.pl\/index.php\/wp-json\/wp\/v2\/media?parent=2683"}],"wp:term":[{"taxonomy":"product_cat","embeddable":true,"href":"http:\/\/klubmamgdynia.pl\/index.php\/wp-json\/wp\/v2\/product_cat?post=2683"},{"taxonomy":"product_tag","embeddable":true,"href":"http:\/\/klubmamgdynia.pl\/index.php\/wp-json\/wp\/v2\/product_tag?post=2683"}],"curies":[{"name":"wp","href":"https:\/\/api.w.org\/{rel}","templated":true}]}}