{"id":2685,"date":"2014-06-01T11:23:03","date_gmt":"2014-06-01T09:23:03","guid":{"rendered":"http:\/\/klubmamgdynia.pl\/index.php\/produkt\/ty-inc-maskotka-beanie-boos-hugo-pies-brazowo-bialy-15cm-36396\/"},"modified":"2026-04-29T08:20:26","modified_gmt":"2026-04-29T06:20:26","slug":"ty-inc-maskotka-beanie-boos-hugo-pies-brazowo-bialy-15cm-36396","status":"publish","type":"product","link":"http:\/\/klubmamgdynia.pl\/index.php\/produkt\/ty-inc-maskotka-beanie-boos-hugo-pies-brazowo-bialy-15cm-36396\/","title":{"rendered":"Ty Inc. Maskotka Beanie Boos Hugo Pies Br\u0105zowo Bia\u0142y 15Cm 36396"},"content":{"rendered":"<h2>Ty Inc. Maskotka Beanie Boos Hugo Pies Br\u0105zowo Bia\u0142y 15Cm 36396 ty inc.<\/h2>\n<p>prezent dla nastolatk\u00f3w na \u015bwi\u0119ta, olaf znaczenie imienia, super zings do druku, znaczenie imiona alan, historia andrzejek dla dzieci, \u0142\u0105czenie kropek, przygody tomka sawyera test, Keyword<\/p>\n<p>yyyyy<\/p>\n<p>&nbsp;<\/p>\n","protected":false},"excerpt":{"rendered":"<p>Ty Inc. Maskotka Beanie Boos Hugo Pies Br\u0105zowo Bia\u0142y 15Cm 36396 ty inc. prezent dla nastolatk\u00f3w na \u015bwi\u0119ta, olaf znaczenie imienia, super zings do druku, znaczenie imiona alan, historia andrzejek dla dzieci, \u0142\u0105czenie kropek, przygody tomka sawyera test, Keyword yyyyy &nbsp;<\/p>\n","protected":false},"featured_media":2686,"comment_status":"closed","ping_status":"open","template":"","meta":[],"product_cat":[42,955],"product_tag":[729,579,695],"class_list":["post-2685","product","type-product","status-publish","has-post-thumbnail","hentry","product_cat-maskotki","product_cat-ty-inc","product_tag-madre-bajki-dla-dzieci-do-czytania","product_tag-quiz-opowiesci-z-narnii-lew-czarownica-i-stara-szafa","product_tag-rzadkie-imiona-zenskie"],"_links":{"self":[{"href":"http:\/\/klubmamgdynia.pl\/index.php\/wp-json\/wp\/v2\/product\/2685","targetHints":{"allow":["GET"]}}],"collection":[{"href":"http:\/\/klubmamgdynia.pl\/index.php\/wp-json\/wp\/v2\/product"}],"about":[{"href":"http:\/\/klubmamgdynia.pl\/index.php\/wp-json\/wp\/v2\/types\/product"}],"replies":[{"embeddable":true,"href":"http:\/\/klubmamgdynia.pl\/index.php\/wp-json\/wp\/v2\/comments?post=2685"}],"wp:featuredmedia":[{"embeddable":true,"href":"http:\/\/klubmamgdynia.pl\/index.php\/wp-json\/wp\/v2\/media\/2686"}],"wp:attachment":[{"href":"http:\/\/klubmamgdynia.pl\/index.php\/wp-json\/wp\/v2\/media?parent=2685"}],"wp:term":[{"taxonomy":"product_cat","embeddable":true,"href":"http:\/\/klubmamgdynia.pl\/index.php\/wp-json\/wp\/v2\/product_cat?post=2685"},{"taxonomy":"product_tag","embeddable":true,"href":"http:\/\/klubmamgdynia.pl\/index.php\/wp-json\/wp\/v2\/product_tag?post=2685"}],"curies":[{"name":"wp","href":"https:\/\/api.w.org\/{rel}","templated":true}]}}