{"id":2689,"date":"2021-12-16T00:11:51","date_gmt":"2021-12-15T23:11:51","guid":{"rendered":"http:\/\/klubmamgdynia.pl\/index.php\/produkt\/klups-komoda-z-przewijakiem-safari-zyrafka-biala\/"},"modified":"2026-04-06T01:28:55","modified_gmt":"2026-04-05T23:28:55","slug":"klups-komoda-z-przewijakiem-safari-zyrafka-biala","status":"publish","type":"product","link":"http:\/\/klubmamgdynia.pl\/index.php\/produkt\/klups-komoda-z-przewijakiem-safari-zyrafka-biala\/","title":{"rendered":"Klup\u015b Komoda Z Przewijakiem Safari \u017byrafka Bia\u0142a"},"content":{"rendered":"<p>Wyposa\u017cenie dzieci\u0119cego pokoju cz\u0119sto sp\u0119dza sen z powiek wielu rodzicom. Zastanawiaj\u0105 si\u0119 jakie meble wybra\u0107 aby zorganizowa\u0107 dziecku miejsce do nauki, zabawy, odpoczynku i snu. Wed\u0142ug nas najwa\u017cniejsze cechy mebli to ich funkcjonalno\u015b\u0107 i bezpiecze\u0144stwo! Nie bez znaczenia pozostaje r\u00f3wnie\u017c design i kolorystyka. Dzieci musz\u0105 czu\u0107 si\u0119 w swoim pokoju przede wszystkim dobrze i swobodnie. Otoczenie, w kt\u00f3rym przebywaj\u0105 i sp\u0119dzaj\u0105 najwi\u0119cej czasu musi by\u0107 przyjemne, aby pozytywnie wp\u0142ywa\u0107 na rozw\u00f3j naszego dziecka. Oferujemy Pa\u0144stwu szeroki wyb\u00f3r mebli &#8211; od tradycyjnych po nowoczesne. Od rega\u0142u, komody po szaf\u0119 i biurko. Dla ka\u017cdego kto ceni wysok\u0105 jako\u015b\u0107, bezpiecze\u0144stwo i gwarancj\u0119 producenta. Z nami spe\u0142nisz marzenia dziecka \ud83d\ude42 Klup\u015b Meble Dzieci\u0119ce jest firm\u0105 rodzinn\u0105, kt\u00f3ra istnieje na rynku ponad 40 lat. Wyr\u00f3\u017cnia ich d\u0142ugoletnie do\u015bwiadczenie, przekazywane z pokolenia na pokolenie, oraz pasja i tradycje, kt\u00f3re te pokolenia \u0142\u0105cz\u0105.Dzi\u0119ki temu produkowane mebelki dzieci\u0119ce s\u0105 bezpieczne, ekologiczne, a zarazem stylowe, ciesz\u0105 si\u0119 uznaniem odbiorc\u00f3w nie tylko w Polsce, ale te\u017c w ca\u0142ej Europie. Marka Klup\u015b Collection, otrzyma\u0142a tytu\u0142 DOBRA MARKA 2016 \u2013 Jako\u015b\u0107, Zaufanie, Renoma. Opis produktu Prezentujemy Pa\u0144stwu funkcjonaln\u0105 i praktyczn\u0105 &#8211; oryginaln\u0105 &#8211; KOMOD\u0118 z przewijakiem stylistycznie pasuj\u0105c\u0105 do ca\u0142ej kolekcji SAFARI \u017byrafka bia\u0142a. Prze\u015bliczna KOMODA z PRZEWIJAKIEM SAFARI \u017byrafka bia\u0142a wykonana zosta\u0142a z p\u0142yty EKO. Wyr\u00f3\u017cnia j\u0105 mocna konstrukcja i stabilno\u015b\u0107, dzi\u0119ki czemu jej u\u017cytkowanie jest wygodne i bezpieczne. Zdj\u0119cie podgl\u0105dowe &#8211; kolekcja SAFARI \u017byrafka bia\u0142a W\u0141A\u015aCIWO\u015aCI: prezentowana komoda jest w kolorze: BIA\u0141Y wysoka jako\u015b\u0107 wykonania &#8211; P\u0141YTA EKO funkcjonalna i praktyczna &#8211; w komplecie z przewijakiem idealnie pasuje mebli z kolecji SAFARI \u017byrafka bia\u0142a MATERIA\u0141 P\u0141YTA EKO MONTA\u017b Meble dostarczane s\u0105 w paczkach z instrukcj\u0105 do samodzielnego monta\u017cu. WYMIARY: bez przewijaka: 85x86x48 cm z przewijakiem: 93x86x73 cm REALIZACJA ZAM\u00d3WIENIA I DOSTAWA: Termin wysy\u0142ki wynosi od 5 do 14 dni roboczych od dnia wyboru dostawy oraz zaksi\u0119gowania wp\u0142aty.<\/p>\n<h2>Klup\u015b Komoda Z Przewijakiem Safari \u017byrafka Bia\u0142a Klup\u015b<\/h2>\n<p>lato, zabawy logiczne dla dzieci, kartka walentynkow\u0105 przedszkole, co na roczek dla dziewczynki, malowanka, kolorowanki do druku dla doros\u0142ych, wr\u00f3\u017cby andrzejkowe kolory, ewelina, \u0142amig\u0142\u00f3wki dla dzieci do druku, tupu tup po \u015bniegu tekst, po \u0142\u0105ce biega lato tekst, z\u0142ote my\u015bli o przyja\u017ani, dzie\u0144 pluszowego misia napis, kwiaty polne nazwy, elzbieta imie, zabawki na roczek dla ch\u0142opca, zagadki o lesie, zygzak mcqueen kolorowanka, imiona dla ch\u0142opc\u00f3w, zagadki nie do rozwi\u0105zania, co na roczek<\/p>\n<p>yyyyy<\/p>\n<p>&nbsp;<\/p>\n","protected":false},"excerpt":{"rendered":"<p>Wyposa\u017cenie dzieci\u0119cego pokoju cz\u0119sto sp\u0119dza sen z powiek wielu rodzicom. Zastanawiaj\u0105 si\u0119 jakie meble wybra\u0107 aby zorganizowa\u0107 dziecku miejsce do nauki, zabawy, odpoczynku i snu. Wed\u0142ug nas najwa\u017cniejsze cechy mebli to ich funkcjonalno\u015b\u0107 i bezpiecze\u0144stwo! Nie bez znaczenia pozostaje r\u00f3wnie\u017c design i kolorystyka. Dzieci musz\u0105 czu\u0107 si\u0119 w swoim pokoju przede wszystkim dobrze i swobodnie. [&hellip;]<\/p>\n","protected":false},"featured_media":2690,"comment_status":"closed","ping_status":"open","template":"","meta":[],"product_cat":[957,958],"product_tag":[861,584,841,579,695],"class_list":["post-2689","product","type-product","status-publish","has-post-thumbnail","hentry","product_cat-klups","product_cat-komody-kapielowe-wanienki-i-przewijaki","product_tag-jak-narysowac-psa","product_tag-liwia","product_tag-quiz-o-flagach","product_tag-quiz-opowiesci-z-narnii-lew-czarownica-i-stara-szafa","product_tag-rzadkie-imiona-zenskie"],"_links":{"self":[{"href":"http:\/\/klubmamgdynia.pl\/index.php\/wp-json\/wp\/v2\/product\/2689","targetHints":{"allow":["GET"]}}],"collection":[{"href":"http:\/\/klubmamgdynia.pl\/index.php\/wp-json\/wp\/v2\/product"}],"about":[{"href":"http:\/\/klubmamgdynia.pl\/index.php\/wp-json\/wp\/v2\/types\/product"}],"replies":[{"embeddable":true,"href":"http:\/\/klubmamgdynia.pl\/index.php\/wp-json\/wp\/v2\/comments?post=2689"}],"wp:featuredmedia":[{"embeddable":true,"href":"http:\/\/klubmamgdynia.pl\/index.php\/wp-json\/wp\/v2\/media\/2690"}],"wp:attachment":[{"href":"http:\/\/klubmamgdynia.pl\/index.php\/wp-json\/wp\/v2\/media?parent=2689"}],"wp:term":[{"taxonomy":"product_cat","embeddable":true,"href":"http:\/\/klubmamgdynia.pl\/index.php\/wp-json\/wp\/v2\/product_cat?post=2689"},{"taxonomy":"product_tag","embeddable":true,"href":"http:\/\/klubmamgdynia.pl\/index.php\/wp-json\/wp\/v2\/product_tag?post=2689"}],"curies":[{"name":"wp","href":"https:\/\/api.w.org\/{rel}","templated":true}]}}