{"id":2695,"date":"2014-04-19T07:41:51","date_gmt":"2014-04-19T05:41:51","guid":{"rendered":"http:\/\/klubmamgdynia.pl\/index.php\/produkt\/meble-vox-baby-przewijak-komody\/"},"modified":"2026-04-23T08:18:58","modified_gmt":"2026-04-23T06:18:58","slug":"meble-vox-baby-przewijak-komody","status":"publish","type":"product","link":"http:\/\/klubmamgdynia.pl\/index.php\/produkt\/meble-vox-baby-przewijak-komody\/","title":{"rendered":"Meble VOX BABY Przewijak komody"},"content":{"rendered":"<p>Spe\u0142nia europejskie standardy i normy bezpiecze\u0144stwa. Zamontowanie przewijaka na komodzie zwi\u0119ksza powierzchni\u0119 przeznaczon\u0105 na przewijanie niemowl\u0119cia. Kolor: przewijak: bia\u0142yProjekt: Marta Krupi\u0144ska<\/p>\n<h2>Meble VOX BABY Przewijak komody <\/h2>\n<p>motto dla nauczyciela, quiz kajko i kokosz szko\u0142a latania, zabawy dla 5-6 latk\u00f3w, myszka minnie kolorowanka, test z lektury opowie\u015bci z narnii lew czarownica i stara szafa, andrzejki dekoracje do druku, rozalia imie, doros\u0142ych kolorowanki dziewczyny, pies rysunek, bajki do czytania dla dzieci, mia imie, ci\u0119\u017ckie zagadki, bajki do czytania psi patrol, opowiadanie o jesieni dla dzieci<\/p>\n<p>yyyyy<\/p>\n<p>&nbsp;<\/p>\n","protected":false},"excerpt":{"rendered":"<p>Spe\u0142nia europejskie standardy i normy bezpiecze\u0144stwa. Zamontowanie przewijaka na komodzie zwi\u0119ksza powierzchni\u0119 przeznaczon\u0105 na przewijanie niemowl\u0119cia. Kolor: przewijak: bia\u0142yProjekt: Marta Krupi\u0144ska Meble VOX BABY Przewijak komody motto dla nauczyciela, quiz kajko i kokosz szko\u0142a latania, zabawy dla 5-6 latk\u00f3w, myszka minnie kolorowanka, test z lektury opowie\u015bci z narnii lew czarownica i stara szafa, andrzejki dekoracje [&hellip;]<\/p>\n","protected":false},"featured_media":2696,"comment_status":"closed","ping_status":"open","template":"","meta":[],"product_cat":[958],"product_tag":[716,743,873,607],"class_list":["post-2695","product","type-product","status-publish","has-post-thumbnail","hentry","product_cat-komody-kapielowe-wanienki-i-przewijaki","product_tag-filmy-animowane-o-swietach","product_tag-quiz-dla-dzieci","product_tag-zagadki-z-odpowiedziami-dla-dzieci","product_tag-zarty-na-prima-aprilis-dla-rodzicow"],"_links":{"self":[{"href":"http:\/\/klubmamgdynia.pl\/index.php\/wp-json\/wp\/v2\/product\/2695","targetHints":{"allow":["GET"]}}],"collection":[{"href":"http:\/\/klubmamgdynia.pl\/index.php\/wp-json\/wp\/v2\/product"}],"about":[{"href":"http:\/\/klubmamgdynia.pl\/index.php\/wp-json\/wp\/v2\/types\/product"}],"replies":[{"embeddable":true,"href":"http:\/\/klubmamgdynia.pl\/index.php\/wp-json\/wp\/v2\/comments?post=2695"}],"wp:featuredmedia":[{"embeddable":true,"href":"http:\/\/klubmamgdynia.pl\/index.php\/wp-json\/wp\/v2\/media\/2696"}],"wp:attachment":[{"href":"http:\/\/klubmamgdynia.pl\/index.php\/wp-json\/wp\/v2\/media?parent=2695"}],"wp:term":[{"taxonomy":"product_cat","embeddable":true,"href":"http:\/\/klubmamgdynia.pl\/index.php\/wp-json\/wp\/v2\/product_cat?post=2695"},{"taxonomy":"product_tag","embeddable":true,"href":"http:\/\/klubmamgdynia.pl\/index.php\/wp-json\/wp\/v2\/product_tag?post=2695"}],"curies":[{"name":"wp","href":"https:\/\/api.w.org\/{rel}","templated":true}]}}