{"id":2697,"date":"2025-03-04T18:16:55","date_gmt":"2025-03-04T17:16:55","guid":{"rendered":"http:\/\/klubmamgdynia.pl\/?post_type=product&#038;p=2697"},"modified":"2026-04-24T22:31:35","modified_gmt":"2026-04-24T20:31:35","slug":"nici-olowek-gumujacy-baranek-shaun","status":"publish","type":"product","link":"http:\/\/klubmamgdynia.pl\/index.php\/produkt\/nici-olowek-gumujacy-baranek-shaun\/","title":{"rendered":"Nici O\u0142\u00f3wek Gumuj\u0105cy Baranek Shaun"},"content":{"rendered":"<p>Sprytny, inteligentny i zawsze gotowy, aby przerwa\u0107 nud\u0119 ekscytuj\u0105c\u0105 przygod\u0105. Taki w\u0142a\u015bnie jest ShaunCztery razy wi\u0119ksza od przeci\u0119tnego baranka \u2013 znana mi\u0142o\u015bniczka jedzenia! Z Shaunem \u0142\u0105czy ich jedno \u2013 zdobywaj\u0105 serca naszych pociech.Chcesz obejrze\u0107 zwiastun bajki ? &#8222;*Kliknij*&#8221;:http:\/\/www.youtube.com\/watch?v=5_kbilu8kqcBajk\u0119 mo\u017cna r\u00f3wnie\u017c ju\u017c ogl\u0105da\u0107 z TVP.<\/p>\n<h2>Nici O\u0142\u00f3wek Gumuj\u0105cy Baranek Shaun Nici<\/h2>\n<p>prezent na roczek dla chlopca, koty rysunki, zagadki z odpowiedziami \u015bmieszne, pia, kolorowanki konie, kolorowanka harry potter, prezent dla 13 latki na \u015bwi\u0119ta, wiersz na dobranoc dla dzieci, na wyspach bergamutach, karty pracy dla dzieci z ukrainy, bajki dla dzieci online, imie iwo, papugi do druku, test wiedzy zemsta, imi\u0119 kostek, pokemon kolorowanki do druku, piosenki dla dzieci o jesieni<\/p>\n<p>yyyyy<\/p>\n<p>&nbsp;<\/p>\n","protected":false},"excerpt":{"rendered":"<p>Sprytny, inteligentny i zawsze gotowy, aby przerwa\u0107 nud\u0119 ekscytuj\u0105c\u0105 przygod\u0105. Taki w\u0142a\u015bnie jest ShaunCztery razy wi\u0119ksza od przeci\u0119tnego baranka \u2013 znana mi\u0142o\u015bniczka jedzenia! Z Shaunem \u0142\u0105czy ich jedno \u2013 zdobywaj\u0105 serca naszych pociech.Chcesz obejrze\u0107 zwiastun bajki ? &#8222;*Kliknij*&#8221;:http:\/\/www.youtube.com\/watch?v=5_kbilu8kqcBajk\u0119 mo\u017cna r\u00f3wnie\u017c ju\u017c ogl\u0105da\u0107 z TVP. Nici O\u0142\u00f3wek Gumuj\u0105cy Baranek Shaun Nici prezent na roczek dla chlopca, [&hellip;]<\/p>\n","protected":false},"featured_media":2698,"comment_status":"closed","ping_status":"open","template":"","meta":[],"product_cat":[961,962],"product_tag":[802,821,582,804,659,850],"class_list":["post-2697","product","type-product","status-publish","has-post-thumbnail","hentry","product_cat-nici","product_cat-szkolne-przybory-do-pisania","product_tag-co-kupic-dziewczynce-na-roczek","product_tag-marianna","product_tag-nauka-pisania-literek-do-wydruku-pdf","product_tag-ryz-z-owocami","product_tag-tupu-tup-po-sniegu-tekst","product_tag-wroclaw-atrakcje-dla-dzieci"],"_links":{"self":[{"href":"http:\/\/klubmamgdynia.pl\/index.php\/wp-json\/wp\/v2\/product\/2697","targetHints":{"allow":["GET"]}}],"collection":[{"href":"http:\/\/klubmamgdynia.pl\/index.php\/wp-json\/wp\/v2\/product"}],"about":[{"href":"http:\/\/klubmamgdynia.pl\/index.php\/wp-json\/wp\/v2\/types\/product"}],"replies":[{"embeddable":true,"href":"http:\/\/klubmamgdynia.pl\/index.php\/wp-json\/wp\/v2\/comments?post=2697"}],"wp:featuredmedia":[{"embeddable":true,"href":"http:\/\/klubmamgdynia.pl\/index.php\/wp-json\/wp\/v2\/media\/2698"}],"wp:attachment":[{"href":"http:\/\/klubmamgdynia.pl\/index.php\/wp-json\/wp\/v2\/media?parent=2697"}],"wp:term":[{"taxonomy":"product_cat","embeddable":true,"href":"http:\/\/klubmamgdynia.pl\/index.php\/wp-json\/wp\/v2\/product_cat?post=2697"},{"taxonomy":"product_tag","embeddable":true,"href":"http:\/\/klubmamgdynia.pl\/index.php\/wp-json\/wp\/v2\/product_tag?post=2697"}],"curies":[{"name":"wp","href":"https:\/\/api.w.org\/{rel}","templated":true}]}}