{"id":2707,"date":"2019-09-27T12:49:42","date_gmt":"2019-09-27T10:49:42","guid":{"rendered":"http:\/\/klubmamgdynia.pl\/index.php\/produkt\/drewniane-lozko-dzieciece-domek-kiren-3x-80x160cm\/"},"modified":"2026-04-18T15:56:47","modified_gmt":"2026-04-18T13:56:47","slug":"drewniane-lozko-dzieciece-domek-kiren-3x-80x160cm","status":"publish","type":"product","link":"http:\/\/klubmamgdynia.pl\/index.php\/produkt\/drewniane-lozko-dzieciece-domek-kiren-3x-80x160cm\/","title":{"rendered":"Drewniane \u0141\u00f3\u017cko Dzieci\u0119ce Domek Kiren 3X 80X160Cm"},"content":{"rendered":"<h2>Drewniane \u0141\u00f3\u017cko Dzieci\u0119ce Domek Kiren 3X 80X160Cm Elior<\/h2>\n<p>anastazja imi\u0119, pola imie, warszawa dla dzieci, kolorowanka lato, lol surprise kolorowanka<\/p>\n<p>yyyyy<\/p>\n<p>&nbsp;<\/p>\n","protected":false},"excerpt":{"rendered":"<p>Drewniane \u0141\u00f3\u017cko Dzieci\u0119ce Domek Kiren 3X 80X160Cm Elior anastazja imi\u0119, pola imie, warszawa dla dzieci, kolorowanka lato, lol surprise kolorowanka yyyyy &nbsp;<\/p>\n","protected":false},"featured_media":2708,"comment_status":"closed","ping_status":"open","template":"","meta":[],"product_cat":[965,935],"product_tag":[766,768,731,630,606,576],"class_list":["post-2707","product","type-product","status-publish","has-post-thumbnail","hentry","product_cat-elior","product_cat-lozeczka-dzieciece","product_tag-kira","product_tag-krotkie-zagadki-logiczne","product_tag-maly-ksiaze-cytaty","product_tag-podchwytliwe-zagadki-z-odpowiedziami","product_tag-stala-pod-sniegiem","product_tag-trudne-zagadki"],"_links":{"self":[{"href":"http:\/\/klubmamgdynia.pl\/index.php\/wp-json\/wp\/v2\/product\/2707","targetHints":{"allow":["GET"]}}],"collection":[{"href":"http:\/\/klubmamgdynia.pl\/index.php\/wp-json\/wp\/v2\/product"}],"about":[{"href":"http:\/\/klubmamgdynia.pl\/index.php\/wp-json\/wp\/v2\/types\/product"}],"replies":[{"embeddable":true,"href":"http:\/\/klubmamgdynia.pl\/index.php\/wp-json\/wp\/v2\/comments?post=2707"}],"wp:featuredmedia":[{"embeddable":true,"href":"http:\/\/klubmamgdynia.pl\/index.php\/wp-json\/wp\/v2\/media\/2708"}],"wp:attachment":[{"href":"http:\/\/klubmamgdynia.pl\/index.php\/wp-json\/wp\/v2\/media?parent=2707"}],"wp:term":[{"taxonomy":"product_cat","embeddable":true,"href":"http:\/\/klubmamgdynia.pl\/index.php\/wp-json\/wp\/v2\/product_cat?post=2707"},{"taxonomy":"product_tag","embeddable":true,"href":"http:\/\/klubmamgdynia.pl\/index.php\/wp-json\/wp\/v2\/product_tag?post=2707"}],"curies":[{"name":"wp","href":"https:\/\/api.w.org\/{rel}","templated":true}]}}