{"id":271,"date":"2012-08-15T17:29:57","date_gmt":"2012-08-15T15:29:57","guid":{"rendered":"http:\/\/klubmamgdynia.pl\/index.php\/produkt\/frikolino-gra-latajaca-pilka-na-sznurku-do-przeciagania-gr26691\/"},"modified":"2026-04-03T22:35:58","modified_gmt":"2026-04-03T20:35:58","slug":"frikolino-gra-latajaca-pilka-na-sznurku-do-przeciagania-gr26691","status":"publish","type":"product","link":"http:\/\/klubmamgdynia.pl\/index.php\/produkt\/frikolino-gra-latajaca-pilka-na-sznurku-do-przeciagania-gr26691\/","title":{"rendered":"Frikolino Gra Lataj\u0105ca Pi\u0142ka Na Sznurku Do Przeci\u0105gania (GR26691)"},"content":{"rendered":"<p>\u015awietna gra zr\u0119czno\u015bciowa ! \u0106wiczy refleks i skupienie. Idealna do zabawy na \u015bwie\u017cym powietrzu. Gra polega na przeci\u0105ganiu pi\u0142ki z jednej strony na drug\u0105. Zabawa trwa dop\u00f3ki jeden z graczy nie odbije zagrania przeciwnika. Wymiary: 18 x 11 x 7 cm<\/p>\n<h2>Frikolino Gra Lataj\u0105ca Pi\u0142ka Na Sznurku Do Przeci\u0105gania (GR26691) Frikolino.pl<\/h2>\n<p>bajki terapeutyczne o emocjach pdf, oryginalny prezent dla nastolatk\u00f3w, zadania dla dzieci z ukrainy, sky kolorowanka, jan pawe\u0142 2 rysunek \u0142atwy dla dzieci, kolorowanki do druku zwierz\u0119ta, kajko i kokosz szko\u0142a latania &#8211; test do wydruku, kinderbal przepisy, zaj\u0105czek z jajka ugotowanego, bajki do czytania dla dzieci, niech \u017cyj\u0105 wakacje tekst<\/p>\n<p>yyyyy<\/p>\n<p>&nbsp;<\/p>\n","protected":false},"excerpt":{"rendered":"<p>\u015awietna gra zr\u0119czno\u015bciowa ! \u0106wiczy refleks i skupienie. Idealna do zabawy na \u015bwie\u017cym powietrzu. Gra polega na przeci\u0105ganiu pi\u0142ki z jednej strony na drug\u0105. Zabawa trwa dop\u00f3ki jeden z graczy nie odbije zagrania przeciwnika. Wymiary: 18 x 11 x 7 cm Frikolino Gra Lataj\u0105ca Pi\u0142ka Na Sznurku Do Przeci\u0105gania (GR26691) Frikolino.pl bajki terapeutyczne o emocjach [&hellip;]<\/p>\n","protected":false},"featured_media":272,"comment_status":"closed","ping_status":"open","template":"","meta":[],"product_cat":[119,120],"product_tag":[838,863,847,723,786,822],"class_list":["post-271","product","type-product","status-publish","has-post-thumbnail","hentry","product_cat-frikolino-pl","product_cat-zabawki-i-gry-sportowe","product_tag-bajki-dla-dzieci-na-dobranoc","product_tag-bajki-dla-dziewczynek","product_tag-kolorowanki-pokemon","product_tag-krotkie-bajki-do-czytania-na-dobranoc","product_tag-prezent-na-1-urodziny","product_tag-wierszyki-o-wakacjach-krotkie"],"_links":{"self":[{"href":"http:\/\/klubmamgdynia.pl\/index.php\/wp-json\/wp\/v2\/product\/271","targetHints":{"allow":["GET"]}}],"collection":[{"href":"http:\/\/klubmamgdynia.pl\/index.php\/wp-json\/wp\/v2\/product"}],"about":[{"href":"http:\/\/klubmamgdynia.pl\/index.php\/wp-json\/wp\/v2\/types\/product"}],"replies":[{"embeddable":true,"href":"http:\/\/klubmamgdynia.pl\/index.php\/wp-json\/wp\/v2\/comments?post=271"}],"wp:featuredmedia":[{"embeddable":true,"href":"http:\/\/klubmamgdynia.pl\/index.php\/wp-json\/wp\/v2\/media\/272"}],"wp:attachment":[{"href":"http:\/\/klubmamgdynia.pl\/index.php\/wp-json\/wp\/v2\/media?parent=271"}],"wp:term":[{"taxonomy":"product_cat","embeddable":true,"href":"http:\/\/klubmamgdynia.pl\/index.php\/wp-json\/wp\/v2\/product_cat?post=271"},{"taxonomy":"product_tag","embeddable":true,"href":"http:\/\/klubmamgdynia.pl\/index.php\/wp-json\/wp\/v2\/product_tag?post=271"}],"curies":[{"name":"wp","href":"https:\/\/api.w.org\/{rel}","templated":true}]}}