{"id":2714,"date":"2020-01-27T23:44:38","date_gmt":"2020-01-27T22:44:38","guid":{"rendered":"http:\/\/klubmamgdynia.pl\/index.php\/produkt\/frida-fridababy-medifrida-smoczek-z-dozownikiem-leku\/"},"modified":"2026-04-17T05:46:48","modified_gmt":"2026-04-17T03:46:48","slug":"frida-fridababy-medifrida-smoczek-z-dozownikiem-leku","status":"publish","type":"product","link":"http:\/\/klubmamgdynia.pl\/index.php\/produkt\/frida-fridababy-medifrida-smoczek-z-dozownikiem-leku\/","title":{"rendered":"Frida Fridababy Medifrida Smoczek Z Dozownikiem Leku"},"content":{"rendered":"<p>PODAJ LEKARSTWO BEZ ROZLEWANIA! MediFrida dostarcza lek poprzez znajomy smoczek na bok policzka omijaj\u0105c kubki smakowe co zapobiega wypluwaniu.<\/p>\n<h2>Frida Fridababy Medifrida Smoczek Z Dozownikiem Leku Frida<\/h2>\n<p>rysunki dla pocz\u0105tkuj\u0105cych, test narnia lew czarownica i stara szafa, cytaty dla mamy od c\u00f3rki, wiosenna kolorowanka, jakie prezenty na roczek, my jeste\u015bmy krasnoludki tekst, filmy animowane \u015bwi\u0105teczne, wy\u015bcig but\u00f3w, rozrywka dla dzieci, prezent na roczek dla ch\u0142opca, test zaczarowana zagroda, zagadki rymowanki dla dzieci, wiosna zagadki, my little pony kolorowanki celestia, nauka pisania literek do wydruku pdf, \u017carty prima aprilis, atrakcje dla dzieci wroc\u0142aw, pranki na prima aprilis dla rodzic\u00f3w, test z opowie\u015bci z narnii, krok jak narysowa\u0107 konia<\/p>\n<p>yyyyy<\/p>\n<p>&nbsp;<\/p>\n","protected":false},"excerpt":{"rendered":"<p>PODAJ LEKARSTWO BEZ ROZLEWANIA! MediFrida dostarcza lek poprzez znajomy smoczek na bok policzka omijaj\u0105c kubki smakowe co zapobiega wypluwaniu. Frida Fridababy Medifrida Smoczek Z Dozownikiem Leku Frida rysunki dla pocz\u0105tkuj\u0105cych, test narnia lew czarownica i stara szafa, cytaty dla mamy od c\u00f3rki, wiosenna kolorowanka, jakie prezenty na roczek, my jeste\u015bmy krasnoludki tekst, filmy animowane \u015bwi\u0105teczne, [&hellip;]<\/p>\n","protected":false},"featured_media":2715,"comment_status":"closed","ping_status":"open","template":"","meta":[],"product_cat":[956,901],"product_tag":[827,612,737,714,634,805],"class_list":["post-2714","product","type-product","status-publish","has-post-thumbnail","hentry","product_cat-frida","product_cat-pozostale-akcesoria-do-pielegnacji-dzieci","product_tag-bajki-dla-niemowlat","product_tag-kolorowanki-do-druku","product_tag-test-z-lektury-felix-net-i-nika-oraz-gang-niewidzialnych-ludzi","product_tag-zagadki-logiczne","product_tag-zagadki-wielkanocne-dla-dzieci","product_tag-znaczenie-imienia-alan"],"_links":{"self":[{"href":"http:\/\/klubmamgdynia.pl\/index.php\/wp-json\/wp\/v2\/product\/2714","targetHints":{"allow":["GET"]}}],"collection":[{"href":"http:\/\/klubmamgdynia.pl\/index.php\/wp-json\/wp\/v2\/product"}],"about":[{"href":"http:\/\/klubmamgdynia.pl\/index.php\/wp-json\/wp\/v2\/types\/product"}],"replies":[{"embeddable":true,"href":"http:\/\/klubmamgdynia.pl\/index.php\/wp-json\/wp\/v2\/comments?post=2714"}],"wp:featuredmedia":[{"embeddable":true,"href":"http:\/\/klubmamgdynia.pl\/index.php\/wp-json\/wp\/v2\/media\/2715"}],"wp:attachment":[{"href":"http:\/\/klubmamgdynia.pl\/index.php\/wp-json\/wp\/v2\/media?parent=2714"}],"wp:term":[{"taxonomy":"product_cat","embeddable":true,"href":"http:\/\/klubmamgdynia.pl\/index.php\/wp-json\/wp\/v2\/product_cat?post=2714"},{"taxonomy":"product_tag","embeddable":true,"href":"http:\/\/klubmamgdynia.pl\/index.php\/wp-json\/wp\/v2\/product_tag?post=2714"}],"curies":[{"name":"wp","href":"https:\/\/api.w.org\/{rel}","templated":true}]}}