{"id":2722,"date":"2021-05-07T01:40:50","date_gmt":"2021-05-06T23:40:50","guid":{"rendered":"http:\/\/klubmamgdynia.pl\/index.php\/produkt\/leantoys-auto-na-akumulator-bentley-jasny-czerwony-lakier\/"},"modified":"2026-04-29T23:39:02","modified_gmt":"2026-04-29T21:39:02","slug":"leantoys-auto-na-akumulator-bentley-jasny-czerwony-lakier","status":"publish","type":"product","link":"http:\/\/klubmamgdynia.pl\/index.php\/produkt\/leantoys-auto-na-akumulator-bentley-jasny-czerwony-lakier\/","title":{"rendered":"Leantoys Auto Na Akumulator Bentley Jasny Czerwony Lakier"},"content":{"rendered":"<p>Pojazd na akumulatorModel:BentleyKolor:Czerwony LakierowanyDane TechniczneSilnik:2x45WAkumulator:2x6V4,5AhSkrzynia Bieg\u00f3w:Automatyczna, 3 pr\u0119dko\u015bciWymiary Pojazdu:101cm x 60cm x 40cmPr\u0119dko\u015b\u0107:3-5 km\/hMasa W\u0142asna:15kgMax. Obci\u0105\u017cenie:30kgCzas \u0141adowania:8 godzinCzas Dzia\u0142ania:1-2 godzinyHamulec:Automatyczny po zwolnieniu peda\u0142u gazu,Zatrzymanie awaryjne z pilota (P)Wyposa\u017ceniePasy Bezpiecze\u0144stwa:\u2713Otwierane Drzwi:\u2713Kluczyki:\u2715Fotele:Mi\u0119kka ekosk\u00f3raKo\u0142a:Mi\u0119kkie EVAZdalne Sterowanie:2.4G,3-stopniowa regulacja pr\u0119dko\u015bci\u015awiat\u0142a:Pod\u015bwietlana deska rozdzielcza,Przednie i Tylne LEDAudio:Wej\u015bcie MP3,Wej\u015bcie USB,Panel muzyczny<\/p>\n<h2>Leantoys Auto Na Akumulator Bentley Jasny Czerwony Lakier Lean Toys<\/h2>\n<p>bajki dla niemowl\u0105t do czytania, quizy dla dzieci o zwierz\u0119tach, tajemniczy ogr\u00f3d test z odpowiedziami, \u015bmieszne kanapki kanapki dla dzieci, darmowe quizy, posz\u0142a ola na spacerek, znaczenie imienia julian, sentencje na dzie\u0144 nauczyciela, zagadki o bo\u017cym narodzeniu, zagadki dla 6 latka, kolorowanka kotek, zagadki przyrodnicze, prezent dla 17 latki, co kupi\u0107 dziecku na roczek, zaproszenie na urodziny dziecka do druku, bajka terapeutyczna o dokuczaniu, peppa kolorowanka do druku<\/p>\n<p>yyyyy<\/p>\n<p>&nbsp;<\/p>\n","protected":false},"excerpt":{"rendered":"<p>Pojazd na akumulatorModel:BentleyKolor:Czerwony LakierowanyDane TechniczneSilnik:2x45WAkumulator:2x6V4,5AhSkrzynia Bieg\u00f3w:Automatyczna, 3 pr\u0119dko\u015bciWymiary Pojazdu:101cm x 60cm x 40cmPr\u0119dko\u015b\u0107:3-5 km\/hMasa W\u0142asna:15kgMax. Obci\u0105\u017cenie:30kgCzas \u0141adowania:8 godzinCzas Dzia\u0142ania:1-2 godzinyHamulec:Automatyczny po zwolnieniu peda\u0142u gazu,Zatrzymanie awaryjne z pilota (P)Wyposa\u017ceniePasy Bezpiecze\u0144stwa:\u2713Otwierane Drzwi:\u2713Kluczyki:\u2715Fotele:Mi\u0119kka ekosk\u00f3raKo\u0142a:Mi\u0119kkie EVAZdalne Sterowanie:2.4G,3-stopniowa regulacja pr\u0119dko\u015bci\u015awiat\u0142a:Pod\u015bwietlana deska rozdzielcza,Przednie i Tylne LEDAudio:Wej\u015bcie MP3,Wej\u015bcie USB,Panel muzyczny Leantoys Auto Na Akumulator Bentley Jasny Czerwony Lakier Lean Toys bajki dla [&hellip;]<\/p>\n","protected":false},"featured_media":2723,"comment_status":"closed","ping_status":"open","template":"","meta":[],"product_cat":[73,24],"product_tag":[671,736,760,714,724],"class_list":["post-2722","product","type-product","status-publish","has-post-thumbnail","hentry","product_cat-lean-toys","product_cat-samochody-dla-dzieci","product_tag-cicha-noc-po-angielsku-tekst","product_tag-zabawki-na-roczek","product_tag-zagadka-matematyczna","product_tag-zagadki-logiczne","product_tag-zagadki-podchwytliwe"],"_links":{"self":[{"href":"http:\/\/klubmamgdynia.pl\/index.php\/wp-json\/wp\/v2\/product\/2722","targetHints":{"allow":["GET"]}}],"collection":[{"href":"http:\/\/klubmamgdynia.pl\/index.php\/wp-json\/wp\/v2\/product"}],"about":[{"href":"http:\/\/klubmamgdynia.pl\/index.php\/wp-json\/wp\/v2\/types\/product"}],"replies":[{"embeddable":true,"href":"http:\/\/klubmamgdynia.pl\/index.php\/wp-json\/wp\/v2\/comments?post=2722"}],"wp:featuredmedia":[{"embeddable":true,"href":"http:\/\/klubmamgdynia.pl\/index.php\/wp-json\/wp\/v2\/media\/2723"}],"wp:attachment":[{"href":"http:\/\/klubmamgdynia.pl\/index.php\/wp-json\/wp\/v2\/media?parent=2722"}],"wp:term":[{"taxonomy":"product_cat","embeddable":true,"href":"http:\/\/klubmamgdynia.pl\/index.php\/wp-json\/wp\/v2\/product_cat?post=2722"},{"taxonomy":"product_tag","embeddable":true,"href":"http:\/\/klubmamgdynia.pl\/index.php\/wp-json\/wp\/v2\/product_tag?post=2722"}],"curies":[{"name":"wp","href":"https:\/\/api.w.org\/{rel}","templated":true}]}}