{"id":2724,"date":"2022-02-01T22:20:10","date_gmt":"2022-02-01T21:20:10","guid":{"rendered":"http:\/\/klubmamgdynia.pl\/index.php\/produkt\/tarnawa-niebieski-klik-klak-12050\/"},"modified":"2026-04-04T23:30:31","modified_gmt":"2026-04-04T21:30:31","slug":"tarnawa-niebieski-klik-klak-12050","status":"publish","type":"product","link":"http:\/\/klubmamgdynia.pl\/index.php\/produkt\/tarnawa-niebieski-klik-klak-12050\/","title":{"rendered":"Tarnawa Niebieski Klik-Klak (12050)"},"content":{"rendered":"<p>Klik Klak drewniana zabawka zr\u0119czno\u015bciowaZabawka sk\u0142ada si\u0119 z drewnianego pier\u015bcienia, do kt\u00f3rego przywi\u0105zany jest sznurek. Na jego ko\u0144cach znajduj\u0105 si\u0119 dwie drewniane kule wykonane z drewna li\u015bciastego. Kule pomalowane ekologicznymi farbami i wyko\u0144czone nietoksycznym lakierem.W trakcie zabawy dziecko \u0107wiczy koordynacj\u0119 wzrokowo-ruchow\u0105, refleks i zr\u0119czno\u015b\u0107.\u015brednica kul: 4 cmd\u0142ugo\u015b\u0107 sznurka: 20 cmzabawka dla dzieci powy\u017cej 3 roku \u017cyciaBezpiecze\u0144stwoPocz\u0105wszy od etapu pozyskiwania drewna (certyfikowani dostawcy drewna FSC\u00ae), a\u017c po efekt ko\u0144cowy (CE i atest EN 71 na podstawie dyrektywy 2009\/48\/WE dot. bezpiecze\u0144stwa zabawek) zabawki spe\u0142niaj\u0105 najwy\u017csze normy.<\/p>\n<h2>Tarnawa Niebieski Klik-Klak (12050) Tarnawa<\/h2>\n<p>kotki kolorowanka, krecik bajka, lego ninjago kolorowanki, zima z\u0142a tekst, marcelina imi\u0119, kornelia, \u015bmieszne zagadki dla dzieci 10 lat, prezent na 1 urodziny, kolorowanka lol surprise, traktor do druku, kryspinow, maurycy, listy do \u015bwi\u0119tego miko\u0142aja, bruno, lol surprise kolorowanki, cookie dough przepis, co na prezent dla nastolatk\u00f3w, warszawa atrakcje dla dzieci, asiunia &#8211; test z lektury pdf, test z lektury asiunia<\/p>\n<p>yyyyy<\/p>\n<p>&nbsp;<\/p>\n","protected":false},"excerpt":{"rendered":"<p>Klik Klak drewniana zabawka zr\u0119czno\u015bciowaZabawka sk\u0142ada si\u0119 z drewnianego pier\u015bcienia, do kt\u00f3rego przywi\u0105zany jest sznurek. Na jego ko\u0144cach znajduj\u0105 si\u0119 dwie drewniane kule wykonane z drewna li\u015bciastego. Kule pomalowane ekologicznymi farbami i wyko\u0144czone nietoksycznym lakierem.W trakcie zabawy dziecko \u0107wiczy koordynacj\u0119 wzrokowo-ruchow\u0105, refleks i zr\u0119czno\u015b\u0107.\u015brednica kul: 4 cmd\u0142ugo\u015b\u0107 sznurka: 20 cmzabawka dla dzieci powy\u017cej 3 roku [&hellip;]<\/p>\n","protected":false},"featured_media":2725,"comment_status":"closed","ping_status":"open","template":"","meta":[],"product_cat":[963,968],"product_tag":[663,674,870],"class_list":["post-2724","product","type-product","status-publish","has-post-thumbnail","hentry","product_cat-pozostale-zabawki-dla-niemowlat","product_cat-tarnawa","product_tag-kolorowanki-dla-dzieci-do-druku","product_tag-miasto-dzieci","product_tag-prezent-dla-chlopca-na-roczek"],"_links":{"self":[{"href":"http:\/\/klubmamgdynia.pl\/index.php\/wp-json\/wp\/v2\/product\/2724","targetHints":{"allow":["GET"]}}],"collection":[{"href":"http:\/\/klubmamgdynia.pl\/index.php\/wp-json\/wp\/v2\/product"}],"about":[{"href":"http:\/\/klubmamgdynia.pl\/index.php\/wp-json\/wp\/v2\/types\/product"}],"replies":[{"embeddable":true,"href":"http:\/\/klubmamgdynia.pl\/index.php\/wp-json\/wp\/v2\/comments?post=2724"}],"wp:featuredmedia":[{"embeddable":true,"href":"http:\/\/klubmamgdynia.pl\/index.php\/wp-json\/wp\/v2\/media\/2725"}],"wp:attachment":[{"href":"http:\/\/klubmamgdynia.pl\/index.php\/wp-json\/wp\/v2\/media?parent=2724"}],"wp:term":[{"taxonomy":"product_cat","embeddable":true,"href":"http:\/\/klubmamgdynia.pl\/index.php\/wp-json\/wp\/v2\/product_cat?post=2724"},{"taxonomy":"product_tag","embeddable":true,"href":"http:\/\/klubmamgdynia.pl\/index.php\/wp-json\/wp\/v2\/product_tag?post=2724"}],"curies":[{"name":"wp","href":"https:\/\/api.w.org\/{rel}","templated":true}]}}