{"id":2726,"date":"2024-05-09T16:11:41","date_gmt":"2024-05-09T14:11:41","guid":{"rendered":"http:\/\/klubmamgdynia.pl\/?post_type=product&#038;p=2726"},"modified":"2026-04-19T04:17:41","modified_gmt":"2026-04-19T02:17:41","slug":"fotelik-samochodowy-cybex-silver-cybex-aton-b2-i-size-0-13kg-dynamic-red-baza-one-isofix","status":"publish","type":"product","link":"http:\/\/klubmamgdynia.pl\/index.php\/produkt\/fotelik-samochodowy-cybex-silver-cybex-aton-b2-i-size-0-13kg-dynamic-red-baza-one-isofix\/","title":{"rendered":"Fotelik samochodowy Cybex Silver Cybex Aton B2 I-Size 0-13Kg Dynamic Red + Baza One Isofix"},"content":{"rendered":"<p>Fotelik samochodowy Cybex Aton B2 i-Size nale\u017cy do grupy wagowej 0-13kg. Oznacza to, \u017ce nadaje si\u0119 do przewo\u017cenia dzieci od urodzenia do ok. 18 miesi\u0105ca. Norma I-Size sugeruje jednak, \u017ce maluch mo\u017ce korzysta\u0107 z fotelika w przedziale 45 cm &#8211; 87 cm. Jego charakterystyczn\u0105 cech\u0105 jest specjalna wk\u0142adka wyp\u0142ycaj\u0105ca, kt\u00f3ra zapewnia bardzo komfortow\u0105 pozycj\u0119 le\u017c\u0105c\u0105, a tak\u017ce umo\u017cliwia przewo\u017cenie dzieci od pierwszych dni \u017cycia (tak\u017ce wcze\u015bniak\u00f3w) bez \u017cadnych negatywnych oddzia\u0142ywa\u0144 na kr\u0119gos\u0142up. Dzieci zawsze b\u0119d\u0105 czu\u0107 si\u0119 w nim komfortowo ze wzgl\u0119du na szerokie mo\u017cliwo\u015bci regulacji zag\u0142\u00f3wka z pasami czy wk\u0142adki redukcyjnej dla niemowl\u0105t. Dodatkowo fotelik oferuje budk\u0119 przeciws\u0142oneczn\u0105 UV.Indywidualne dopasowanie zag\u0142\u00f3wkaPowiedzie\u0107, \u017ce ka\u017cdy noworodek jest inny i ro\u015bnie w innym tempie, to tak, jak nie powiedzie\u0107 nic. Z tego wzgl\u0119du nie da si\u0119 stworzy\u0107 nieruchomego wn\u0119trza noside\u0142ka, kt\u00f3re tak samo dobrze ochroni ka\u017cde dziecko. Zag\u0142\u00f3wek fotelika Cybex Aton B2 i-Size regulujemy w 11 stopniach, tak, aby zawsze by\u0142 on dopasowany do u\u017cytkownika. Odpowiednia wysoko\u015b\u0107 zag\u0142\u00f3wka to najlepsza ochrona g\u0142\u00f3wki, szyi i bark\u00f3w malucha, czyli najdelikatniejszych cz\u0119\u015bci jego cia\u0142a. Odpowiednio dobrany zakres regulacji pozwala nam p\u0142ynnie zmienia\u0107 ustawienie w miar\u0119 wzrostu niemowlaka oraz podpowiada, kiedy czas na kolejny fotelik. Fotelik ro\u015bnie wraz z maluchem a\u017c do 24 miesi\u0105cy \u017cycia.Kompletny system podr\u00f3\u017cnyCybex Aton B2 i-Size mo\u017cemy zamontowa\u0107 na stela\u017cach wi\u0119kszo\u015bci w\u00f3zk\u00f3w. Jest to bardzo wygodna i przydatna opcja, zw\u0142aszcza na wakacjach, podczas zakup\u00f3w czy kr\u00f3tkich podr\u00f3\u017cy. Od teraz nie musicie za ka\u017cdym razem pakowa\u0107 do baga\u017cnika obszernej gondoli. Specjalna wk\u0142adka wyp\u0142ycaj\u0105ca umo\u017cliwia d\u0142u\u017csze przebywanie w noside\u0142ku niemowl\u0119cia, bez negatywnych skutk\u00f3w na zdrowie.Zaawansowane systemy bezpiecze\u0144stwaFotelik posiada Liniowy System Ochrony Bocznej, kt\u00f3ry mo\u017cna roz\u0142o\u017cy\u0107 od strony drzwi, dzi\u0119ki tej funkcji si\u0142a uderzenia bocznego zminimalizuje si\u0119. Si\u0142a uderzenia rozk\u0142ada si\u0119 na boczn\u0105 \u015bcian\u0119 fotela, oko\u0142o 25% mocy zostaje poch\u0142oni\u0119ta poprzez skorup\u0119.<\/p>\n<h2>Fotelik samochodowy Cybex Silver Cybex Aton B2 I-Size 0-13Kg Dynamic Red + Baza One Isofix Cybex<\/h2>\n<p>podchwytliwe zagadki, test z lektury asiunia joanna papuzi\u0144ska, najlepsze zagadki, quiz zemsta, kolorowanki harry potter, prezent dla 7 latka, karty pracy dla dzieci z ukrainy pdf, quiz o polsce dla dzieci, minecraft quiz, wiersz o wakacjach, piosenki dla dzieci o jesieni, \u0142amig\u0142\u00f3wki logiczne, kolorowanki konie do druku, alan imie, zadania logiczne, prezent na roczek, stare bajki, zagadki do rozwi\u0105zania<\/p>\n<p>yyyyy<\/p>\n<p>&nbsp;<\/p>\n","protected":false},"excerpt":{"rendered":"<p>Fotelik samochodowy Cybex Aton B2 i-Size nale\u017cy do grupy wagowej 0-13kg. Oznacza to, \u017ce nadaje si\u0119 do przewo\u017cenia dzieci od urodzenia do ok. 18 miesi\u0105ca. Norma I-Size sugeruje jednak, \u017ce maluch mo\u017ce korzysta\u0107 z fotelika w przedziale 45 cm &#8211; 87 cm. Jego charakterystyczn\u0105 cech\u0105 jest specjalna wk\u0142adka wyp\u0142ycaj\u0105ca, kt\u00f3ra zapewnia bardzo komfortow\u0105 pozycj\u0119 le\u017c\u0105c\u0105, [&hellip;]<\/p>\n","protected":false},"featured_media":2727,"comment_status":"closed","ping_status":"open","template":"","meta":[],"product_cat":[34,32],"product_tag":[776,583,703,675],"class_list":["post-2726","product","type-product","status-publish","has-post-thumbnail","hentry","product_cat-cybex","product_cat-foteliki-samochodowe","product_tag-dobrej-nocy","product_tag-kolysanki-dla-dzieci-tekst","product_tag-prezent-dla-nastolatki","product_tag-test-z-lektury-kajko-i-kokosz-szkola-latania"],"_links":{"self":[{"href":"http:\/\/klubmamgdynia.pl\/index.php\/wp-json\/wp\/v2\/product\/2726","targetHints":{"allow":["GET"]}}],"collection":[{"href":"http:\/\/klubmamgdynia.pl\/index.php\/wp-json\/wp\/v2\/product"}],"about":[{"href":"http:\/\/klubmamgdynia.pl\/index.php\/wp-json\/wp\/v2\/types\/product"}],"replies":[{"embeddable":true,"href":"http:\/\/klubmamgdynia.pl\/index.php\/wp-json\/wp\/v2\/comments?post=2726"}],"wp:featuredmedia":[{"embeddable":true,"href":"http:\/\/klubmamgdynia.pl\/index.php\/wp-json\/wp\/v2\/media\/2727"}],"wp:attachment":[{"href":"http:\/\/klubmamgdynia.pl\/index.php\/wp-json\/wp\/v2\/media?parent=2726"}],"wp:term":[{"taxonomy":"product_cat","embeddable":true,"href":"http:\/\/klubmamgdynia.pl\/index.php\/wp-json\/wp\/v2\/product_cat?post=2726"},{"taxonomy":"product_tag","embeddable":true,"href":"http:\/\/klubmamgdynia.pl\/index.php\/wp-json\/wp\/v2\/product_tag?post=2726"}],"curies":[{"name":"wp","href":"https:\/\/api.w.org\/{rel}","templated":true}]}}