{"id":2728,"date":"2013-06-12T10:02:18","date_gmt":"2013-06-12T08:02:18","guid":{"rendered":"http:\/\/klubmamgdynia.pl\/index.php\/produkt\/aukey-dra5-kamera-samochodowa-rejestrator-full-hd-1920x1080-30p-170-microsd-1-5\/"},"modified":"2026-05-17T21:59:28","modified_gmt":"2026-05-17T19:59:28","slug":"aukey-dra5-kamera-samochodowa-rejestrator-full-hd-1920x1080-30p-170-microsd-1-5","status":"publish","type":"product","link":"http:\/\/klubmamgdynia.pl\/index.php\/produkt\/aukey-dra5-kamera-samochodowa-rejestrator-full-hd-1920x1080-30p-170-microsd-1-5\/","title":{"rendered":"Aukey Dra5 Kamera Samochodowa Rejestrator Full Hd 1920X1080 30P 170 Microsd 1.5"},"content":{"rendered":"<p>AUKEY DRA5 kamera samochodowa FULL HD 1080p (1920&#215;1080@30fps) | Pole widzenia 170\u00b0 | GC2053 CMOS sensor | 6 elementowy szklany obiektyw + Doskona\u0142a jako\u015b\u0107 nagra\u0144 Full HD 1080p (1920&#215;1080@30fps) + Miniaturowy rozmiar Kamera samochodowa to niewielkie urz\u0105dzenie, kt\u00f3re znacznie wp\u0142ywa na poczucie bezpiecze\u0144stwa na drodze. Dzi\u0119ki kamerze wiesz, \u017ce w razie kolizji b\u0105d\u017a innych niebezpiecznych wydarze\u0144 bez problemu dowiedziesz kto jest sprawc\u0105 zdarzenia. Nowy zestaw AUKEY DRA5 pozwala na uzyskanie nagra\u0144 \u015bwietnej jako\u015bci nawet Full HD 1080p (1920&#215;1080@30fps). Wysoka jako\u015b\u0107 nagra\u0144 pozwala na bezproblemowy odczyt numer\u00f3w rejestracyjnych mijanych na drodze aut. Nasze oczy mog\u0105 si\u0119 myli\u0107, b\u0105d\u017a w danej chwili by\u0107 skupione na innym miejscu drogi. AUKEY DRA5 daje pewno\u015b\u0107 \u017ce wszystko co Ci umkn\u0119\u0142o zosta\u0142o zarejestrowane na urz\u0105dzeniu. Wyra\u017any i czytelny obraz z nagra\u0144 wykonywanych zar\u00f3wno w s\u0142oneczny dzie\u0144, jak i w nocy. 170\u00b0 stopniowe bardzo szerokie pole widzenia przedniej kamery oraz 6-pasmowy obiektyw szerokok\u0105tny w po\u0142\u0105czeniu z pot\u0119\u017cnym przetwornikiem GC2053 CMOS sensor rejestruje niezwykle ostry obraz Full HD.<\/p>\n<h2>Aukey Dra5 Kamera Samochodowa Rejestrator Full Hd 1920X1080 30P 170 Microsd 1.5 Inny<\/h2>\n<p>laurka dla babci, lucyna, lukrecja imie, pokoloruj wed\u0142ug wzoru, z\u0142ote my\u015bli o przyja\u017ani, kolorowanka my little pony, marcel imi\u0119, mdk aleksandr\u00f3w \u0142\u00f3dzki, podchwytliwe zagadki na inteligencj\u0119, o mamie, opisy o rodzinie<\/p>\n<p>yyyyy<\/p>\n<p>&nbsp;<\/p>\n","protected":false},"excerpt":{"rendered":"<p>AUKEY DRA5 kamera samochodowa FULL HD 1080p (1920&#215;1080@30fps) | Pole widzenia 170\u00b0 | GC2053 CMOS sensor | 6 elementowy szklany obiektyw + Doskona\u0142a jako\u015b\u0107 nagra\u0144 Full HD 1080p (1920&#215;1080@30fps) + Miniaturowy rozmiar Kamera samochodowa to niewielkie urz\u0105dzenie, kt\u00f3re znacznie wp\u0142ywa na poczucie bezpiecze\u0144stwa na drodze. Dzi\u0119ki kamerze wiesz, \u017ce w razie kolizji b\u0105d\u017a innych niebezpiecznych [&hellip;]<\/p>\n","protected":false},"featured_media":2729,"comment_status":"closed","ping_status":"open","template":"","meta":[],"product_cat":[169,893],"product_tag":[817,837,771,824],"class_list":["post-2728","product","type-product","status-publish","has-post-thumbnail","hentry","product_cat-inny","product_cat-kamery-samochodowe","product_tag-bajka-terapeutyczna-o-emocjach","product_tag-cicha-noc-po-angielsku","product_tag-stolice-europy-quiz","product_tag-warszawa-atrakcje-dla-dzieci"],"_links":{"self":[{"href":"http:\/\/klubmamgdynia.pl\/index.php\/wp-json\/wp\/v2\/product\/2728","targetHints":{"allow":["GET"]}}],"collection":[{"href":"http:\/\/klubmamgdynia.pl\/index.php\/wp-json\/wp\/v2\/product"}],"about":[{"href":"http:\/\/klubmamgdynia.pl\/index.php\/wp-json\/wp\/v2\/types\/product"}],"replies":[{"embeddable":true,"href":"http:\/\/klubmamgdynia.pl\/index.php\/wp-json\/wp\/v2\/comments?post=2728"}],"wp:featuredmedia":[{"embeddable":true,"href":"http:\/\/klubmamgdynia.pl\/index.php\/wp-json\/wp\/v2\/media\/2729"}],"wp:attachment":[{"href":"http:\/\/klubmamgdynia.pl\/index.php\/wp-json\/wp\/v2\/media?parent=2728"}],"wp:term":[{"taxonomy":"product_cat","embeddable":true,"href":"http:\/\/klubmamgdynia.pl\/index.php\/wp-json\/wp\/v2\/product_cat?post=2728"},{"taxonomy":"product_tag","embeddable":true,"href":"http:\/\/klubmamgdynia.pl\/index.php\/wp-json\/wp\/v2\/product_tag?post=2728"}],"curies":[{"name":"wp","href":"https:\/\/api.w.org\/{rel}","templated":true}]}}