{"id":2730,"date":"2024-12-31T07:32:19","date_gmt":"2024-12-31T06:32:19","guid":{"rendered":"http:\/\/klubmamgdynia.pl\/?post_type=product&#038;p=2730"},"modified":"2026-04-04T14:44:21","modified_gmt":"2026-04-04T12:44:21","slug":"fotelik-samochodowy-besafe-izi-turn-m-size-peak-mesh-0-18-kg","status":"publish","type":"product","link":"http:\/\/klubmamgdynia.pl\/index.php\/produkt\/fotelik-samochodowy-besafe-izi-turn-m-size-peak-mesh-0-18-kg\/","title":{"rendered":"Fotelik samochodowy Besafe Izi Turn M Size Peak Mesh 0 18 Kg"},"content":{"rendered":"<p>Obrotowy fotelik BeSafe iZi Turn M i-Size mo\u017cna montowa\u0107 zar\u00f3wno ty\u0142em jak i przodem do kierunku jazdy, zapewniaj\u0105c pe\u0142ny obr\u00f3t fotelika o 360\u00b0. Oczywi\u015bcie nadal pozwala dzieciom podr\u00f3\u017cowa\u0107 ty\u0142em do kierunku jazdy przez ca\u0142y czas u\u017cytkowania, ale tak\u017ce daje rodzinom elastyczno\u015b\u0107 w korzystaniu z fotelika przodem do kierunku jazdy w razie potrzeby.<\/p>\n<h2>Fotelik samochodowy Besafe Izi Turn M Size Peak Mesh 0 18 Kg BeSafe<\/h2>\n<p>dzie\u0144 dziecka dla nastolatk\u00f3w, roszpunka kolorowanka, flagi \u015bwiata quiz, zagadki dla dzieci 7 lat o zwierz\u0119tach, dziewczynka z parku pytania i odpowiedzi, opowie\u015bci z narni lew czarownica i stara szafa test, jednoro\u017cec kolorowanka do druku, maska kota, opowie\u015bci z narni lew czarownica i stara szafa test, kolorowanki lato<\/p>\n<p>yyyyy<\/p>\n<p>&nbsp;<\/p>\n","protected":false},"excerpt":{"rendered":"<p>Obrotowy fotelik BeSafe iZi Turn M i-Size mo\u017cna montowa\u0107 zar\u00f3wno ty\u0142em jak i przodem do kierunku jazdy, zapewniaj\u0105c pe\u0142ny obr\u00f3t fotelika o 360\u00b0. Oczywi\u015bcie nadal pozwala dzieciom podr\u00f3\u017cowa\u0107 ty\u0142em do kierunku jazdy przez ca\u0142y czas u\u017cytkowania, ale tak\u017ce daje rodzinom elastyczno\u015b\u0107 w korzystaniu z fotelika przodem do kierunku jazdy w razie potrzeby. Fotelik samochodowy Besafe [&hellip;]<\/p>\n","protected":false},"featured_media":2731,"comment_status":"closed","ping_status":"open","template":"","meta":[],"product_cat":[969,32],"product_tag":[754,780,747],"class_list":["post-2730","product","type-product","status-publish","has-post-thumbnail","hentry","product_cat-besafe","product_cat-foteliki-samochodowe","product_tag-dyplomy-do-wydrukowania-a4","product_tag-krecik-bajka","product_tag-malowanki-do-druku"],"_links":{"self":[{"href":"http:\/\/klubmamgdynia.pl\/index.php\/wp-json\/wp\/v2\/product\/2730","targetHints":{"allow":["GET"]}}],"collection":[{"href":"http:\/\/klubmamgdynia.pl\/index.php\/wp-json\/wp\/v2\/product"}],"about":[{"href":"http:\/\/klubmamgdynia.pl\/index.php\/wp-json\/wp\/v2\/types\/product"}],"replies":[{"embeddable":true,"href":"http:\/\/klubmamgdynia.pl\/index.php\/wp-json\/wp\/v2\/comments?post=2730"}],"wp:featuredmedia":[{"embeddable":true,"href":"http:\/\/klubmamgdynia.pl\/index.php\/wp-json\/wp\/v2\/media\/2731"}],"wp:attachment":[{"href":"http:\/\/klubmamgdynia.pl\/index.php\/wp-json\/wp\/v2\/media?parent=2730"}],"wp:term":[{"taxonomy":"product_cat","embeddable":true,"href":"http:\/\/klubmamgdynia.pl\/index.php\/wp-json\/wp\/v2\/product_cat?post=2730"},{"taxonomy":"product_tag","embeddable":true,"href":"http:\/\/klubmamgdynia.pl\/index.php\/wp-json\/wp\/v2\/product_tag?post=2730"}],"curies":[{"name":"wp","href":"https:\/\/api.w.org\/{rel}","templated":true}]}}