{"id":2732,"date":"2018-02-02T01:20:20","date_gmt":"2018-02-02T00:20:20","guid":{"rendered":"http:\/\/klubmamgdynia.pl\/index.php\/produkt\/debica-frigo-2-205-55r16-91t\/"},"modified":"2026-05-17T22:24:12","modified_gmt":"2026-05-17T20:24:12","slug":"debica-frigo-2-205-55r16-91t","status":"publish","type":"product","link":"http:\/\/klubmamgdynia.pl\/index.php\/produkt\/debica-frigo-2-205-55r16-91t\/","title":{"rendered":"D\u0119bica Frigo 2 205\/55R16 91T"},"content":{"rendered":"<p>Opona zimowa przeznaczona dla kierowc\u00f3w ceni\u0105cych ekonomiczn\u0105 i komfortow\u0105 jazd\u0119 w trudnych warunkach.                             <\/p>\n<p>Frigo 2 charakteryzuje si\u0119 mieszank\u0105 gumow\u0105 na bazie krzemionki, oferuj\u0105c\u0105 bardzo dobr\u0105 elastyczno\u015b\u0107 nawet podczas niskich temperatur wyst\u0119puj\u0105cych w Polsce. Mieszanka gumowa, a tak\u017ce wi\u0119ksza ilo\u015b\u0107 lameli bie\u017cnika wp\u0142ywaj\u0105 na polepszenie przyczepno\u015bci w trudnych warunkach zimowych. Opon\u0119 D\u0119bica Frigo 2 charakteryzuje ponadto zwi\u0119kszona ilo\u015b\u0107 rowk\u00f3w obwodowych i poprzecznych, dzi\u0119ki czemu woda i b\u0142oto po\u015bniegowe s\u0105 skutecznie odprowadzane spod opony. Rowki bie\u017cnika minimalizuj\u0105 r\u00f3wnie\u017c ryzyko aquaplaningu.<\/p>\n<h2>D\u0119bica Frigo 2 205\/55R16 91T D\u0119bica<\/h2>\n<p>roczek prezent, mi\u0142o\u015b\u0107 matki do dziecka cytaty, prezent dla 17 latka, zaproszenia na urodziny do wydruku czarno bia\u0142e, \u0142amig\u0142\u00f3wki dla dzieci, sara, skalne miasto, weso\u0142e pisanki tekst piosenki, motto dla nauczyciela, bajka do czytania, audiobooki dla dzieci za darmo, kolorowanki do druku dla dziewczynek, afryka\u0144skie imiona, quiz z bajek, trudne zadania matematyczne, kolorowanka lol do druku<\/p>\n<p>yyyyy<\/p>\n<p>&nbsp;<\/p>\n","protected":false},"excerpt":{"rendered":"<p>Opona zimowa przeznaczona dla kierowc\u00f3w ceni\u0105cych ekonomiczn\u0105 i komfortow\u0105 jazd\u0119 w trudnych warunkach. Frigo 2 charakteryzuje si\u0119 mieszank\u0105 gumow\u0105 na bazie krzemionki, oferuj\u0105c\u0105 bardzo dobr\u0105 elastyczno\u015b\u0107 nawet podczas niskich temperatur wyst\u0119puj\u0105cych w Polsce. Mieszanka gumowa, a tak\u017ce wi\u0119ksza ilo\u015b\u0107 lameli bie\u017cnika wp\u0142ywaj\u0105 na polepszenie przyczepno\u015bci w trudnych warunkach zimowych. Opon\u0119 D\u0119bica Frigo 2 charakteryzuje ponadto [&hellip;]<\/p>\n","protected":false},"featured_media":2733,"comment_status":"closed","ping_status":"open","template":"","meta":[],"product_cat":[970,885],"product_tag":[666,832,696,705,782],"class_list":["post-2732","product","type-product","status-publish","has-post-thumbnail","hentry","product_cat-debica","product_cat-opony-zimowe","product_tag-afrykanskie-imiona","product_tag-desery-dla-dzieci","product_tag-film-rodzinny-o-swietach","product_tag-prezent-na-roczek-dla-chlopca","product_tag-zagadki-dla-dzieci-z-odpowiedziami"],"_links":{"self":[{"href":"http:\/\/klubmamgdynia.pl\/index.php\/wp-json\/wp\/v2\/product\/2732","targetHints":{"allow":["GET"]}}],"collection":[{"href":"http:\/\/klubmamgdynia.pl\/index.php\/wp-json\/wp\/v2\/product"}],"about":[{"href":"http:\/\/klubmamgdynia.pl\/index.php\/wp-json\/wp\/v2\/types\/product"}],"replies":[{"embeddable":true,"href":"http:\/\/klubmamgdynia.pl\/index.php\/wp-json\/wp\/v2\/comments?post=2732"}],"wp:featuredmedia":[{"embeddable":true,"href":"http:\/\/klubmamgdynia.pl\/index.php\/wp-json\/wp\/v2\/media\/2733"}],"wp:attachment":[{"href":"http:\/\/klubmamgdynia.pl\/index.php\/wp-json\/wp\/v2\/media?parent=2732"}],"wp:term":[{"taxonomy":"product_cat","embeddable":true,"href":"http:\/\/klubmamgdynia.pl\/index.php\/wp-json\/wp\/v2\/product_cat?post=2732"},{"taxonomy":"product_tag","embeddable":true,"href":"http:\/\/klubmamgdynia.pl\/index.php\/wp-json\/wp\/v2\/product_tag?post=2732"}],"curies":[{"name":"wp","href":"https:\/\/api.w.org\/{rel}","templated":true}]}}