{"id":2736,"date":"2020-08-31T02:59:46","date_gmt":"2020-08-31T00:59:46","guid":{"rendered":"http:\/\/klubmamgdynia.pl\/index.php\/produkt\/vidaxl-barierka-do-lozeczka-dzieciecego-niebieska-120x25cm-tkanina\/"},"modified":"2026-04-05T22:34:56","modified_gmt":"2026-04-05T20:34:56","slug":"vidaxl-barierka-do-lozeczka-dzieciecego-niebieska-120x25cm-tkanina","status":"publish","type":"product","link":"http:\/\/klubmamgdynia.pl\/index.php\/produkt\/vidaxl-barierka-do-lozeczka-dzieciecego-niebieska-120x25cm-tkanina\/","title":{"rendered":"Vidaxl Barierka Do \u0141\u00f3\u017ceczka Dzieci\u0119cego Niebieska 120X25Cm Tkanina"},"content":{"rendered":"<p>Ta barierka zabezpieczaj\u0105ca do \u0142\u00f3\u017cka oferuje optymaln\u0105 ochron\u0119 przed spadni\u0119ciem, a tym samym gwarantuje spokojny sen Twojego dziecka. Wykonana z tkaniny poliestrowej, kt\u00f3r\u0105 mo\u017cna pra\u0107 i lekkich, metalowych rurek barierka jest mocna, trwa\u0142a i \u0142atwa do czyszczenia. Zawiera przyciski po obydwu stronach, mo\u017cna wi\u0119c j\u0105 \u0142atwo zmontowa\u0107. Dodatkowo jej wysoko\u015b\u0107 mo\u017cna swobodnie regulowa\u0107, aby ustawi\u0107 najbardziej odpowiedni\u0105. Uwaga: barierka ta jest przeznaczona dla dzieci w wieku od 18 miesi\u0119cy do 5 lat. Mo\u017cna j\u0105 zastosowa\u0107 przy wi\u0119kszo\u015bci \u0142\u00f3\u017cek z materacami o grubo\u015bci 3-25 cm, opr\u00f3cz \u0142\u00f3\u017cek pi\u0119trowych, \u0142\u00f3\u017ceczek niemowl\u0119cych, \u0142\u00f3\u017cek wodnych oraz \u0142\u00f3\u017cek z nadmuchiwanymi materacami.<\/p>\n<h2>Vidaxl Barierka Do \u0141\u00f3\u017ceczka Dzieci\u0119cego Niebieska 120X25Cm Tkanina VidaXL<\/h2>\n<p>quiz opowie\u015bci z narnii, quizy dla dzieci 10 lat, \u0142amig\u0142\u00f3wki dla dzieci do druku, mini zoo \u015bl\u0105sk, bajki dla dzieci do czytania na dobranoc, star wars kolorowanka, oryginalny prezent dla nastolatk\u00f3w, zagadki dla dzieci, zagadki dla dzieci 7 lat o zwierz\u0119tach, alfons, zagatki, sporty po francusku, alfabet kolorowanki, maska batmana do druku, julian znaczenie<\/p>\n<p>yyyyy<\/p>\n<p>&nbsp;<\/p>\n","protected":false},"excerpt":{"rendered":"<p>Ta barierka zabezpieczaj\u0105ca do \u0142\u00f3\u017cka oferuje optymaln\u0105 ochron\u0119 przed spadni\u0119ciem, a tym samym gwarantuje spokojny sen Twojego dziecka. Wykonana z tkaniny poliestrowej, kt\u00f3r\u0105 mo\u017cna pra\u0107 i lekkich, metalowych rurek barierka jest mocna, trwa\u0142a i \u0142atwa do czyszczenia. Zawiera przyciski po obydwu stronach, mo\u017cna wi\u0119c j\u0105 \u0142atwo zmontowa\u0107. Dodatkowo jej wysoko\u015b\u0107 mo\u017cna swobodnie regulowa\u0107, aby ustawi\u0107 [&hellip;]<\/p>\n","protected":false},"featured_media":2737,"comment_status":"closed","ping_status":"open","template":"","meta":[],"product_cat":[949,23],"product_tag":[831,795,770,601],"class_list":["post-2736","product","type-product","status-publish","has-post-thumbnail","hentry","product_cat-akcesoria-do-mebli-dzieciecych","product_cat-vidaxl","product_tag-bruno","product_tag-mini-zoo-warszawa","product_tag-samolot-z-papieru","product_tag-zagadki-co-to-jest"],"_links":{"self":[{"href":"http:\/\/klubmamgdynia.pl\/index.php\/wp-json\/wp\/v2\/product\/2736","targetHints":{"allow":["GET"]}}],"collection":[{"href":"http:\/\/klubmamgdynia.pl\/index.php\/wp-json\/wp\/v2\/product"}],"about":[{"href":"http:\/\/klubmamgdynia.pl\/index.php\/wp-json\/wp\/v2\/types\/product"}],"replies":[{"embeddable":true,"href":"http:\/\/klubmamgdynia.pl\/index.php\/wp-json\/wp\/v2\/comments?post=2736"}],"wp:featuredmedia":[{"embeddable":true,"href":"http:\/\/klubmamgdynia.pl\/index.php\/wp-json\/wp\/v2\/media\/2737"}],"wp:attachment":[{"href":"http:\/\/klubmamgdynia.pl\/index.php\/wp-json\/wp\/v2\/media?parent=2736"}],"wp:term":[{"taxonomy":"product_cat","embeddable":true,"href":"http:\/\/klubmamgdynia.pl\/index.php\/wp-json\/wp\/v2\/product_cat?post=2736"},{"taxonomy":"product_tag","embeddable":true,"href":"http:\/\/klubmamgdynia.pl\/index.php\/wp-json\/wp\/v2\/product_tag?post=2736"}],"curies":[{"name":"wp","href":"https:\/\/api.w.org\/{rel}","templated":true}]}}