{"id":2738,"date":"2017-01-12T06:52:22","date_gmt":"2017-01-12T05:52:22","guid":{"rendered":"http:\/\/klubmamgdynia.pl\/index.php\/produkt\/medos-klamka-do-okna-z-kluczykiem-ze-stopu-aluminium-uniwersalny\/"},"modified":"2026-05-17T22:03:03","modified_gmt":"2026-05-17T20:03:03","slug":"medos-klamka-do-okna-z-kluczykiem-ze-stopu-aluminium-uniwersalny","status":"publish","type":"product","link":"http:\/\/klubmamgdynia.pl\/index.php\/produkt\/medos-klamka-do-okna-z-kluczykiem-ze-stopu-aluminium-uniwersalny\/","title":{"rendered":"Medos Klamka Do Okna Z Kluczykiem Ze Stopu Aluminium Uniwersalny"},"content":{"rendered":"<p>Klamka okienna aluminiowa z kluczykiem Victory Bia\u0142a RAL 9016 Specyfikcja techniczna: Materia\u0142 : Cz\u0119\u015b\u0107 chwytowa (aluminium), Maskownica i mocowanie (tworzywo) Pokrycie &#8211; malowanie proszkowe wysokiej jako\u015bci farbami Kwadrat trzpienia &#8211; 7 mm (typowy dla okien przeznaczonych na rynek polski) Rozstaw otwor\u00f3w &#8211; 43 mm (typowy dla okien przeznaczonych na rynek polski) Skok klamki &#8211; 45 stopni (oznacza to, \u017ce opr\u00f3cz pozycji otwartej, zamkni\u0119tej, uchylnej mamy te\u017c mo\u017cliwo\u015b\u0107 mikrowentylacji okna) D\u0142ugo\u015b\u0107 trzpienia &#8211; 35 mm W sk\u0142ad zestawu wchodzi &#8211; 1 klamka okienna, 2 wkr\u0119ty monta\u017cowe\/ 2 uniwersalne kluczyki Kolor &#8211; Bia\u0142y Kraj Produkcji &#8211; Polska Najwy\u017cszej jako\u015bci klamka od POLSKIEGO producenta Pasuje do wi\u0119kszo\u015bci okien i drzwi balkonowych! Do ka\u017cdej klamki do\u0142\u0105czone s\u0105 dwie \u015bruby monta\u017cowe. Trzpie\u0144 o d\u0142ugo\u015bci 35mm Klamka uniwersalna\u2013 pasuje do wi\u0119kszo\u015bci typ\u00f3w okien. Mo\u017ce by\u0107 obracana w prawo lub w lewo, do prawych i lewych okien \u2013 zar\u00f3wno do okien tradycyjnych jak i uchylnych. Prosty monta\u017c- w zestawie znajduj\u0105 si\u0119 \u015bruby monta\u017cowe. Za\u0142o\u017cenie klamki nie stanowi problemu dla nikogo. Klamki idealne do zabezpieczenia okien w pokojach dzieci\u0119cych, a tak\u017ce drzwi balkonowych przed niekontrolowanym otwarciem przez najm\u0142odszych. Przy monta\u017cu trzeba delikatnie odchyli\u0107 i przesun\u0105\u0107 zas\u0142on\u0119, by dosta\u0107 si\u0119 do \u015brub. Przykr\u0119ca\u0107 je z wyczuciem (nie za mocno, bo wyst\u0105pi\u0105 napr\u0119\u017cenia i b\u0119dzie op\u00f3r). ISTNIEJE MOZLIWO\u015a\u0106 ZAM\u00d3WIENIA KLAMKI Z TRZPIENIEM O D\u0141UGO\u015aCI 40 oraz 45 mm, czas oczekiwania na tak\u0105 klamk\u0119 oko\u0142o 5 dni roboczych, produkt z inna d\u0142ugo\u015bci\u0105 trzpienia ni\u017c 35mm dost\u0119pny w kategorii klamki.<\/p>\n<h2>Medos Klamka Do Okna Z Kluczykiem Ze Stopu Aluminium Uniwersalny Reer<\/h2>\n<p>zagadki logiczne matematyczne dla dzieci, leonardo imi\u0119, pani wiosna do druku, bursztynek bursztynek, zagadki wiosenne dla dzieci, ekskluzywny prezent na roczek, ju\u017c blisko kol\u0119da tekst<\/p>\n<p>yyyyy<\/p>\n<p>&nbsp;<\/p>\n","protected":false},"excerpt":{"rendered":"<p>Klamka okienna aluminiowa z kluczykiem Victory Bia\u0142a RAL 9016 Specyfikcja techniczna: Materia\u0142 : Cz\u0119\u015b\u0107 chwytowa (aluminium), Maskownica i mocowanie (tworzywo) Pokrycie &#8211; malowanie proszkowe wysokiej jako\u015bci farbami Kwadrat trzpienia &#8211; 7 mm (typowy dla okien przeznaczonych na rynek polski) Rozstaw otwor\u00f3w &#8211; 43 mm (typowy dla okien przeznaczonych na rynek polski) Skok klamki &#8211; 45 [&hellip;]<\/p>\n","protected":false},"featured_media":2739,"comment_status":"closed","ping_status":"open","template":"","meta":[],"product_cat":[949,971],"product_tag":[784,706,618,751,741],"class_list":["post-2738","product","type-product","status-publish","has-post-thumbnail","hentry","product_cat-akcesoria-do-mebli-dzieciecych","product_cat-reer","product_tag-hymn-gorniczy","product_tag-imie-kuba","product_tag-lato-lato-lato-czeka-tekst","product_tag-psi-patrol-kolorowanka","product_tag-wlochy"],"_links":{"self":[{"href":"http:\/\/klubmamgdynia.pl\/index.php\/wp-json\/wp\/v2\/product\/2738","targetHints":{"allow":["GET"]}}],"collection":[{"href":"http:\/\/klubmamgdynia.pl\/index.php\/wp-json\/wp\/v2\/product"}],"about":[{"href":"http:\/\/klubmamgdynia.pl\/index.php\/wp-json\/wp\/v2\/types\/product"}],"replies":[{"embeddable":true,"href":"http:\/\/klubmamgdynia.pl\/index.php\/wp-json\/wp\/v2\/comments?post=2738"}],"wp:featuredmedia":[{"embeddable":true,"href":"http:\/\/klubmamgdynia.pl\/index.php\/wp-json\/wp\/v2\/media\/2739"}],"wp:attachment":[{"href":"http:\/\/klubmamgdynia.pl\/index.php\/wp-json\/wp\/v2\/media?parent=2738"}],"wp:term":[{"taxonomy":"product_cat","embeddable":true,"href":"http:\/\/klubmamgdynia.pl\/index.php\/wp-json\/wp\/v2\/product_cat?post=2738"},{"taxonomy":"product_tag","embeddable":true,"href":"http:\/\/klubmamgdynia.pl\/index.php\/wp-json\/wp\/v2\/product_tag?post=2738"}],"curies":[{"name":"wp","href":"https:\/\/api.w.org\/{rel}","templated":true}]}}