{"id":2742,"date":"2015-01-22T18:38:27","date_gmt":"2015-01-22T17:38:27","guid":{"rendered":"http:\/\/klubmamgdynia.pl\/index.php\/produkt\/fotelik-samochodowy-besafe-izi-twist-b-i-size-antracyt-mesh-0-18kg\/"},"modified":"2026-04-07T10:54:02","modified_gmt":"2026-04-07T08:54:02","slug":"fotelik-samochodowy-besafe-izi-twist-b-i-size-antracyt-mesh-0-18kg","status":"publish","type":"product","link":"http:\/\/klubmamgdynia.pl\/index.php\/produkt\/fotelik-samochodowy-besafe-izi-twist-b-i-size-antracyt-mesh-0-18kg\/","title":{"rendered":"Fotelik samochodowy Besafe iZi Twist B i-Size-Antracyt Mesh 0-18kg"},"content":{"rendered":"<p>BeSafe iZi Twist B i-Size to obrotowy fotelik samochodowy jednak monta\u017c jest mo\u017cliwy wy\u0142\u0105cznie ty\u0142em do kierunku jazdy z p\u0142ynnym obrotem fotelika w stron\u0119 drzwi. Brak obrotu 360 stopni jest zwi\u0105zany z certyfikacj\u0105 Plus Test kt\u00f3ra wyklucza foteliki maj\u0105ce mo\u017cliwo\u015b\u0107 przewo\u017cenia dzieci przodem. BeSafe iZi Twist B i-Size to jeden z najbardziej zaawansowanych i bezpiecznych fotelik\u00f3w na rynku.<\/p>\n<h2>Fotelik samochodowy Besafe iZi Twist B i-Size-Antracyt Mesh 0-18kg BeSafe<\/h2>\n<p>film rodzinny o \u015bwi\u0119tach, cytaty o wychowaniu dzieci, kolorowe kredki tekst, quiz z bajek, zagadki o lesie, jaki prezent na roczek dla dziewczynki<\/p>\n<p>yyyyy<\/p>\n<p>&nbsp;<\/p>\n","protected":false},"excerpt":{"rendered":"<p>BeSafe iZi Twist B i-Size to obrotowy fotelik samochodowy jednak monta\u017c jest mo\u017cliwy wy\u0142\u0105cznie ty\u0142em do kierunku jazdy z p\u0142ynnym obrotem fotelika w stron\u0119 drzwi. Brak obrotu 360 stopni jest zwi\u0105zany z certyfikacj\u0105 Plus Test kt\u00f3ra wyklucza foteliki maj\u0105ce mo\u017cliwo\u015b\u0107 przewo\u017cenia dzieci przodem. BeSafe iZi Twist B i-Size to jeden z najbardziej zaawansowanych i bezpiecznych [&hellip;]<\/p>\n","protected":false},"featured_media":2743,"comment_status":"closed","ping_status":"open","template":"","meta":[],"product_cat":[969,32],"product_tag":[584,613,840,812],"class_list":["post-2742","product","type-product","status-publish","has-post-thumbnail","hentry","product_cat-besafe","product_cat-foteliki-samochodowe","product_tag-liwia","product_tag-na-wyspach-bergamutach","product_tag-stare-bajki","product_tag-zagadki-logiczne-na-inteligencje"],"_links":{"self":[{"href":"http:\/\/klubmamgdynia.pl\/index.php\/wp-json\/wp\/v2\/product\/2742","targetHints":{"allow":["GET"]}}],"collection":[{"href":"http:\/\/klubmamgdynia.pl\/index.php\/wp-json\/wp\/v2\/product"}],"about":[{"href":"http:\/\/klubmamgdynia.pl\/index.php\/wp-json\/wp\/v2\/types\/product"}],"replies":[{"embeddable":true,"href":"http:\/\/klubmamgdynia.pl\/index.php\/wp-json\/wp\/v2\/comments?post=2742"}],"wp:featuredmedia":[{"embeddable":true,"href":"http:\/\/klubmamgdynia.pl\/index.php\/wp-json\/wp\/v2\/media\/2743"}],"wp:attachment":[{"href":"http:\/\/klubmamgdynia.pl\/index.php\/wp-json\/wp\/v2\/media?parent=2742"}],"wp:term":[{"taxonomy":"product_cat","embeddable":true,"href":"http:\/\/klubmamgdynia.pl\/index.php\/wp-json\/wp\/v2\/product_cat?post=2742"},{"taxonomy":"product_tag","embeddable":true,"href":"http:\/\/klubmamgdynia.pl\/index.php\/wp-json\/wp\/v2\/product_tag?post=2742"}],"curies":[{"name":"wp","href":"https:\/\/api.w.org\/{rel}","templated":true}]}}