{"id":2744,"date":"2013-02-19T05:15:52","date_gmt":"2013-02-19T04:15:52","guid":{"rendered":"http:\/\/klubmamgdynia.pl\/index.php\/produkt\/dormeo-maskotka-emotion-owl-nauka-abc-3w1\/"},"modified":"2026-05-01T16:04:58","modified_gmt":"2026-05-01T14:04:58","slug":"dormeo-maskotka-emotion-owl-nauka-abc-3w1","status":"publish","type":"product","link":"http:\/\/klubmamgdynia.pl\/index.php\/produkt\/dormeo-maskotka-emotion-owl-nauka-abc-3w1\/","title":{"rendered":"Dormeo Maskotka Emotion Owl Nauka Abc 3W1"},"content":{"rendered":"<p>Pobudka, czas na nauk\u0119! Emocjonalna Sowa Edukacyjna ABC pomaga w przyswojeniu literek. Zabawka 3w1 mo\u017ce s\u0142u\u017cy\u0107 jako przytulanka lub poduszka dzi\u0119ki wype\u0142nieniu z mi\u0119kkich w\u0142\u00f3kien Wellsleep, a dodatkowo w zestawie ma polarowy kocyk idealny podczas drzemki lub zabawy. Emocjonalne Sowy to najlepsi przyjaciele oraz niezast\u0105pieni kompani zabawy i nauki.<\/p>\n<h2>Dormeo Maskotka Emotion Owl Nauka Abc 3W1 <\/h2>\n<p>gwiazdka do druku, pytania zagadki, dziecko cytaty z\u0142ote my\u015bli, cytaty o przyja\u017ani kr\u00f3tkie, zagadki logiczne i odpowiedzi, regina, ma\u0142y ksi\u0105\u017ce cytaty, prezent dla nastolatk\u00f3w 2021, pies kolorowanka, ba\u015bniowe imiona \u017ce\u0144skie, pan twardowski na ksi\u0119\u017cycu wiersz, skalne miasto, filmy familijne walta disneya, prezent dla dziecka na roczek, malowane kamienie<\/p>\n<p>yyyyy<\/p>\n<p>&nbsp;<\/p>\n","protected":false},"excerpt":{"rendered":"<p>Pobudka, czas na nauk\u0119! Emocjonalna Sowa Edukacyjna ABC pomaga w przyswojeniu literek. Zabawka 3w1 mo\u017ce s\u0142u\u017cy\u0107 jako przytulanka lub poduszka dzi\u0119ki wype\u0142nieniu z mi\u0119kkich w\u0142\u00f3kien Wellsleep, a dodatkowo w zestawie ma polarowy kocyk idealny podczas drzemki lub zabawy. Emocjonalne Sowy to najlepsi przyjaciele oraz niezast\u0105pieni kompani zabawy i nauki. Dormeo Maskotka Emotion Owl Nauka Abc [&hellip;]<\/p>\n","protected":false},"featured_media":2745,"comment_status":"closed","ping_status":"open","template":"","meta":[],"product_cat":[42],"product_tag":[828,858,704],"class_list":["post-2744","product","type-product","status-publish","has-post-thumbnail","hentry","product_cat-maskotki","product_tag-filmy-wigilijne-dla-dzieci","product_tag-podchwytliwe-zagadki","product_tag-prezent-dla-nastolatka"],"_links":{"self":[{"href":"http:\/\/klubmamgdynia.pl\/index.php\/wp-json\/wp\/v2\/product\/2744","targetHints":{"allow":["GET"]}}],"collection":[{"href":"http:\/\/klubmamgdynia.pl\/index.php\/wp-json\/wp\/v2\/product"}],"about":[{"href":"http:\/\/klubmamgdynia.pl\/index.php\/wp-json\/wp\/v2\/types\/product"}],"replies":[{"embeddable":true,"href":"http:\/\/klubmamgdynia.pl\/index.php\/wp-json\/wp\/v2\/comments?post=2744"}],"wp:featuredmedia":[{"embeddable":true,"href":"http:\/\/klubmamgdynia.pl\/index.php\/wp-json\/wp\/v2\/media\/2745"}],"wp:attachment":[{"href":"http:\/\/klubmamgdynia.pl\/index.php\/wp-json\/wp\/v2\/media?parent=2744"}],"wp:term":[{"taxonomy":"product_cat","embeddable":true,"href":"http:\/\/klubmamgdynia.pl\/index.php\/wp-json\/wp\/v2\/product_cat?post=2744"},{"taxonomy":"product_tag","embeddable":true,"href":"http:\/\/klubmamgdynia.pl\/index.php\/wp-json\/wp\/v2\/product_tag?post=2744"}],"curies":[{"name":"wp","href":"https:\/\/api.w.org\/{rel}","templated":true}]}}