{"id":2746,"date":"2020-02-02T01:08:28","date_gmt":"2020-02-02T00:08:28","guid":{"rendered":"http:\/\/klubmamgdynia.pl\/index.php\/produkt\/fotelik-samochodowy-babysafe-husky-vip-black-25-9-36kg\/"},"modified":"2026-05-17T22:16:54","modified_gmt":"2026-05-17T20:16:54","slug":"fotelik-samochodowy-babysafe-husky-vip-black-25-9-36kg","status":"publish","type":"product","link":"http:\/\/klubmamgdynia.pl\/index.php\/produkt\/fotelik-samochodowy-babysafe-husky-vip-black-25-9-36kg\/","title":{"rendered":"Fotelik samochodowy Babysafe Husky Vip Black 25 9-36Kg"},"content":{"rendered":"<p>Fotelik dla dzieci od ok. 9 miesi\u0119cy do 12 lat (9-36 kg).BabySafe Husky Vip to najszerszy fotelik na rynku w tej grupie wagowej.W foteliku zainstalowano pi\u0119ciopunktowy system pas\u00f3w, kt\u00f3ry dba o bezpiecze\u0144stwo dziecka w grupie wiekowej od 9 miesi\u0119cy do 4 lat. Po dostosowaniu zag\u0142\u00f3wka do wzrostu dziecka pasy przesun\u0105 si\u0119 automatycznie na w\u0142a\u015bciw\u0105 pozycj\u0119, optymalnie ochraniaj\u0105c dziecko.W momencie, gdy ma\u0142y podr\u00f3\u017cnik jest ju\u017c wi\u0119kszy, wystarczy wymontowa\u0107 pasy. Od tej pory przypinamy ma\u0142ego podr\u00f3\u017cnika trzypunktowym pasem samochodowym.zintegrowany, pi\u0119ciopunktowy pas dla grupy Iregulowana wysoko\u015b\u0107 zag\u0142\u00f3wka i jednoczesna regulacja szeroko\u015bci i wysoko\u015bci bocznej ochrony bark\u00f3w obs\u0142ugiwana za pomoc\u0105 jednego przyciskuwyj\u0105tkowo \u0142atwy w obs\u0142udze. Fotelik ro\u015bnie wraz z dzieckiem i doskonale dopasowuje si\u0119 do cia\u0142a dziecka, a tym samym zapewnia optymaln\u0105 wygod\u0119 dzieciom od 3 do 12 roku \u017cyciatrzypunktowy pas samochodowy dla grupy II i IIIos\u0142ona ramion absorbuj\u0105ca niebezpieczn\u0105 energi\u0119poduszka pomniejszaj\u0105ca, by zredukowa\u0107 nadmiar miejsca w obszarze bioderregulowana wysoko\u015b\u0107, by jak najlepiej dopasowa\u0107 fotelik do dzieckaodpowiednio wyprofilowane oparcie dba o rosn\u0105cy kr\u0119gos\u0142uppozycja spoczynkowa dla pragn\u0105cych chwili odpoczynkuw\u0142asny 5-punktowy pas bezpiecze\u0144stwa z mo\u017cliwo\u015bci\u0105 demonta\u017cucentralna regulacja i napinacz pas\u00f3w u\u0142atwiaj\u0105 obs\u0142ug\u0119prosty monta\u017c: wystarczy w\u0142o\u017cy\u0107 fotelik do samochodu i przypi\u0105\u0107 trzypunktowym pasemd\u0142ugi czas u\u017cytkowania: 1 fotelik dla dzieci od ok. 9 miesi\u0119cy do 12 lat (9-36 kg)pozycja spoczynkowa ustawiana za pomoc\u0105 wyci\u0105gni\u0119cia siedziska nowoczesne materia\u0142ykolory, kt\u00f3re nie blakn\u0105 podczas u\u017cytkowaniaFotelik zgodny z norm\u0105 ECE R44\/04ekskluzywne pokrycie wykonane z eco-sk\u00f3ry w po\u0142\u0105czeniu z alcantar\u0105zintegrowane pi\u0119ciopunktowe pasy dla grupy Iw grupie II i III u\u017cywamy pas\u00f3w samochodowychregulowana wysoko\u015b\u0107 zag\u0142\u00f3wka z jednoczesn\u0105 regulacj\u0105 szeroko\u015bci fotelika. Obs\u0142uga tylko jednym przyciskiem!dodatkowa pozycja spoczynkowaspecjalna poduszka redukuj\u0105ca nadmiar miejsca w obszarze bioder u mniejszych dziecicentralna regulacja i napinacz pas\u00f3w u\u0142atwiaj\u0105 obs\u0142ug\u0119prosty monta\u017c samochodowym pasem trzypunktowymfotelik dostarczany jest w komplecie z ochronnym pokrowcem u\u0142atwiaj\u0105cym odpowiednie przechowywanie<\/p>\n<h2>Fotelik samochodowy Babysafe Husky Vip Black 25 9-36Kg BabySafe<\/h2>\n<p>bajka dla niemowlaka, test z opowie\u015bci z narnii lew czarownica i stara szafa, kwiecie\u0144 plecie\u0144 wiersz, trudne zagadki dla dzieci, harry potter kolorowanka<\/p>\n<p>yyyyy<\/p>\n<p>&nbsp;<\/p>\n","protected":false},"excerpt":{"rendered":"<p>Fotelik dla dzieci od ok. 9 miesi\u0119cy do 12 lat (9-36 kg).BabySafe Husky Vip to najszerszy fotelik na rynku w tej grupie wagowej.W foteliku zainstalowano pi\u0119ciopunktowy system pas\u00f3w, kt\u00f3ry dba o bezpiecze\u0144stwo dziecka w grupie wiekowej od 9 miesi\u0119cy do 4 lat. Po dostosowaniu zag\u0142\u00f3wka do wzrostu dziecka pasy przesun\u0105 si\u0119 automatycznie na w\u0142a\u015bciw\u0105 pozycj\u0119, [&hellip;]<\/p>\n","protected":false},"featured_media":2747,"comment_status":"closed","ping_status":"open","template":"","meta":[],"product_cat":[972,32],"product_tag":[786,771,714,694],"class_list":["post-2746","product","type-product","status-publish","has-post-thumbnail","hentry","product_cat-babysafe","product_cat-foteliki-samochodowe","product_tag-prezent-na-1-urodziny","product_tag-stolice-europy-quiz","product_tag-zagadki-logiczne","product_tag-zagadki-swiateczne-dla-dzieci"],"_links":{"self":[{"href":"http:\/\/klubmamgdynia.pl\/index.php\/wp-json\/wp\/v2\/product\/2746","targetHints":{"allow":["GET"]}}],"collection":[{"href":"http:\/\/klubmamgdynia.pl\/index.php\/wp-json\/wp\/v2\/product"}],"about":[{"href":"http:\/\/klubmamgdynia.pl\/index.php\/wp-json\/wp\/v2\/types\/product"}],"replies":[{"embeddable":true,"href":"http:\/\/klubmamgdynia.pl\/index.php\/wp-json\/wp\/v2\/comments?post=2746"}],"wp:featuredmedia":[{"embeddable":true,"href":"http:\/\/klubmamgdynia.pl\/index.php\/wp-json\/wp\/v2\/media\/2747"}],"wp:attachment":[{"href":"http:\/\/klubmamgdynia.pl\/index.php\/wp-json\/wp\/v2\/media?parent=2746"}],"wp:term":[{"taxonomy":"product_cat","embeddable":true,"href":"http:\/\/klubmamgdynia.pl\/index.php\/wp-json\/wp\/v2\/product_cat?post=2746"},{"taxonomy":"product_tag","embeddable":true,"href":"http:\/\/klubmamgdynia.pl\/index.php\/wp-json\/wp\/v2\/product_tag?post=2746"}],"curies":[{"name":"wp","href":"https:\/\/api.w.org\/{rel}","templated":true}]}}