{"id":2748,"date":"2022-01-26T08:03:18","date_gmt":"2022-01-26T07:03:18","guid":{"rendered":"http:\/\/klubmamgdynia.pl\/index.php\/produkt\/fotelik-samochodowy-graco-nautilus-9-36kg\/"},"modified":"2026-04-20T09:23:57","modified_gmt":"2026-04-20T07:23:57","slug":"fotelik-samochodowy-graco-nautilus-9-36kg","status":"publish","type":"product","link":"http:\/\/klubmamgdynia.pl\/index.php\/produkt\/fotelik-samochodowy-graco-nautilus-9-36kg\/","title":{"rendered":"Fotelik samochodowy Graco Nautilus 9-36Kg"},"content":{"rendered":"<p>Przeznaczenie<\/p>\n<p>Fotelik przeznaczony jest dla dzieci od grupy 1 do 3, tj. od wagi oko\u0142o 9kg do 36 kg.                            <\/p>\n<p>            Bezpiecze\u0144stwo<\/p>\n<p>Fotelik wyposa\u017cono w 5-punktowe pasy bezpiecze\u0144stwa, napinacz pasa samochodowego poprawiaj\u0105cy stabilno\u015b\u0107 oraz stalowe wzmocnienia boczne poprawiaj\u0105ce bezpiecze\u0144stwo. Kwestie bezpiecze\u0144stwa uzupe\u0142nione zosta\u0142y o widoczne wska\u017aniki prowadzenia pasa samochodowego w kolorze czerwonym, u\u0142atwiaj\u0105ce prawid\u0142owy monta\u017c fotelika w samochodzie. Ponadto w zestawie jest dodatkowa wk\u0142adka do siedzenia dla dzieci do 18 m-cy oraz uchwyt na kubek. Fotelik posiada 3 pozycje odchylenia oparcia w stosunku do kanapy samochodowej oraz 5-punktow\u0105 regulacj\u0119 wysoko\u015bci oparcia, kt\u00f3r\u0105 mo\u017cna regulowa\u0107 tak\u017ce, gdy dziecko jest ju\u017c zapi\u0119te w foteliku.<\/p>\n<h2>Fotelik samochodowy Graco Nautilus 9-36Kg Graco<\/h2>\n<p>czapka g\u00f3rnika kolorowanka, kolorowanka ninjago, sentencja dla dziecka, cytaty dla dzieci, imie kuba, test asiunia, alina, krok jak narysowa\u0107 konia, tajemniczy ogr\u00f3d test z lektury, zagadki podchwytliwe z odpowiedziami, posz\u0142a ola na spacerek, pieski, na wyspach bergamutach tekst, bajki do czytania dla ch\u0142opc\u00f3w, bajka o kreciku, jan pawe\u0142 2 rysunek \u0142atwy dla dzieci<\/p>\n<p>yyyyy<\/p>\n<p>&nbsp;<\/p>\n","protected":false},"excerpt":{"rendered":"<p>Przeznaczenie Fotelik przeznaczony jest dla dzieci od grupy 1 do 3, tj. od wagi oko\u0142o 9kg do 36 kg. Bezpiecze\u0144stwo Fotelik wyposa\u017cono w 5-punktowe pasy bezpiecze\u0144stwa, napinacz pasa samochodowego poprawiaj\u0105cy stabilno\u015b\u0107 oraz stalowe wzmocnienia boczne poprawiaj\u0105ce bezpiecze\u0144stwo. Kwestie bezpiecze\u0144stwa uzupe\u0142nione zosta\u0142y o widoczne wska\u017aniki prowadzenia pasa samochodowego w kolorze czerwonym, u\u0142atwiaj\u0105ce prawid\u0142owy monta\u017c fotelika w [&hellip;]<\/p>\n","protected":false},"featured_media":2749,"comment_status":"closed","ping_status":"open","template":"","meta":[],"product_cat":[32,973],"product_tag":[657,646,804,736],"class_list":["post-2748","product","type-product","status-publish","has-post-thumbnail","hentry","product_cat-foteliki-samochodowe","product_cat-graco","product_tag-lol-kolorowanka","product_tag-prezent-na-pierwsze-urodziny","product_tag-ryz-z-owocami","product_tag-zabawki-na-roczek"],"_links":{"self":[{"href":"http:\/\/klubmamgdynia.pl\/index.php\/wp-json\/wp\/v2\/product\/2748","targetHints":{"allow":["GET"]}}],"collection":[{"href":"http:\/\/klubmamgdynia.pl\/index.php\/wp-json\/wp\/v2\/product"}],"about":[{"href":"http:\/\/klubmamgdynia.pl\/index.php\/wp-json\/wp\/v2\/types\/product"}],"replies":[{"embeddable":true,"href":"http:\/\/klubmamgdynia.pl\/index.php\/wp-json\/wp\/v2\/comments?post=2748"}],"wp:featuredmedia":[{"embeddable":true,"href":"http:\/\/klubmamgdynia.pl\/index.php\/wp-json\/wp\/v2\/media\/2749"}],"wp:attachment":[{"href":"http:\/\/klubmamgdynia.pl\/index.php\/wp-json\/wp\/v2\/media?parent=2748"}],"wp:term":[{"taxonomy":"product_cat","embeddable":true,"href":"http:\/\/klubmamgdynia.pl\/index.php\/wp-json\/wp\/v2\/product_cat?post=2748"},{"taxonomy":"product_tag","embeddable":true,"href":"http:\/\/klubmamgdynia.pl\/index.php\/wp-json\/wp\/v2\/product_tag?post=2748"}],"curies":[{"name":"wp","href":"https:\/\/api.w.org\/{rel}","templated":true}]}}