{"id":2750,"date":"2017-10-20T00:07:29","date_gmt":"2017-10-19T22:07:29","guid":{"rendered":"http:\/\/klubmamgdynia.pl\/index.php\/produkt\/depan-wodoodporny-elektryczny-aspirator-do-nosa\/"},"modified":"2026-04-07T12:42:51","modified_gmt":"2026-04-07T10:42:51","slug":"depan-wodoodporny-elektryczny-aspirator-do-nosa","status":"publish","type":"product","link":"http:\/\/klubmamgdynia.pl\/index.php\/produkt\/depan-wodoodporny-elektryczny-aspirator-do-nosa\/","title":{"rendered":"Depan Wodoodporny Elektryczny Aspirator do Nosa"},"content":{"rendered":"<p>Katar u ma\u0142ych dzieci potrafi by\u0107 znacznie bardziej uci\u0105\u017cliwy ni\u017c u doros\u0142ych. Dla maluszk\u00f3w jest to tym bardziej niekomfortowe, poniewa\u017c same nie mog\u0105 wydmucha\u0107 sobie noska. Pomocny mo\u017ce si\u0119 okaza\u0107 elektroniczny aspirator DEPAN, kt\u00f3ry skutecznie oczy\u015bci nosek z zalegaj\u0105cej wydzieliny. Przyrz\u0105d ma ergonomiczny kszta\u0142t, dzi\u0119ki czemu jest bardzo por\u0119czny w obs\u0142udze. Nie ha\u0142asuje, jest wodoodporny i \u0142atwy w utrzymaniu czysto\u015bci.Cechy produktu:\u2022 wodoodporny i nadaj\u0105cy si\u0119 do mycia\u2022 cichy w dzia\u0142aniu\u2022 ergonomiczny kszta\u0142t\u2022 du\u017cy zbiornik na wydzielin\u0119 \u2022 mo\u017cna postawi\u0107 pionowo\u2022 r\u00f3wnie\u017c dla doros\u0142ych&#8230;<\/p>\n<h2>Depan Wodoodporny Elektryczny Aspirator do Nosa Inny<\/h2>\n<p>test miko\u0142ajek, kiedy dzieci chodza na halloween, zagadki logiczne i odpowiedzi, desery dla dzieci, zrobi\u0107 laurk\u0119 laurka dla babci, zagadki dla przedszkolak\u00f3w, \u015bmieszne zagadki dla dzieci, mini zoo dolno\u015bl\u0105skie, jasmin imie, miastodzieci, kolorowanki lol do druku, prezent na roczek nie zabawka, bajka dla niemowlaka, testy z lektury opowie\u015bci z narni lew czarownica i stara szafa, warsztaty dla dzieci warszawa, agroturystyka dla dzieci ze zwierz\u0119tami, cytaty rodzina, quizy dla dzieci o zwierz\u0119tach, alfabet kolorowanka, buziak gify na dobranoc smieszne, najpi\u0119kniejsze piosenki \u015bwi\u0105teczne dla dzieci<\/p>\n<p>yyyyy<\/p>\n<p>&nbsp;<\/p>\n","protected":false},"excerpt":{"rendered":"<p>Katar u ma\u0142ych dzieci potrafi by\u0107 znacznie bardziej uci\u0105\u017cliwy ni\u017c u doros\u0142ych. Dla maluszk\u00f3w jest to tym bardziej niekomfortowe, poniewa\u017c same nie mog\u0105 wydmucha\u0107 sobie noska. Pomocny mo\u017ce si\u0119 okaza\u0107 elektroniczny aspirator DEPAN, kt\u00f3ry skutecznie oczy\u015bci nosek z zalegaj\u0105cej wydzieliny. Przyrz\u0105d ma ergonomiczny kszta\u0142t, dzi\u0119ki czemu jest bardzo por\u0119czny w obs\u0142udze. Nie ha\u0142asuje, jest wodoodporny [&hellip;]<\/p>\n","protected":false},"featured_media":2751,"comment_status":"closed","ping_status":"open","template":"","meta":[],"product_cat":[953,169],"product_tag":[871,742,814,762],"class_list":["post-2750","product","type-product","status-publish","has-post-thumbnail","hentry","product_cat-aspiratory-i-gruszki-do-nosa","product_cat-inny","product_tag-bajka-o-smoku-wawelskim","product_tag-piosenki-dla-dzieci-tekst","product_tag-prezenty-dla-nastolatek","product_tag-trudne-zagadki-dla-dzieci"],"_links":{"self":[{"href":"http:\/\/klubmamgdynia.pl\/index.php\/wp-json\/wp\/v2\/product\/2750","targetHints":{"allow":["GET"]}}],"collection":[{"href":"http:\/\/klubmamgdynia.pl\/index.php\/wp-json\/wp\/v2\/product"}],"about":[{"href":"http:\/\/klubmamgdynia.pl\/index.php\/wp-json\/wp\/v2\/types\/product"}],"replies":[{"embeddable":true,"href":"http:\/\/klubmamgdynia.pl\/index.php\/wp-json\/wp\/v2\/comments?post=2750"}],"wp:featuredmedia":[{"embeddable":true,"href":"http:\/\/klubmamgdynia.pl\/index.php\/wp-json\/wp\/v2\/media\/2751"}],"wp:attachment":[{"href":"http:\/\/klubmamgdynia.pl\/index.php\/wp-json\/wp\/v2\/media?parent=2750"}],"wp:term":[{"taxonomy":"product_cat","embeddable":true,"href":"http:\/\/klubmamgdynia.pl\/index.php\/wp-json\/wp\/v2\/product_cat?post=2750"},{"taxonomy":"product_tag","embeddable":true,"href":"http:\/\/klubmamgdynia.pl\/index.php\/wp-json\/wp\/v2\/product_tag?post=2750"}],"curies":[{"name":"wp","href":"https:\/\/api.w.org\/{rel}","templated":true}]}}