{"id":2754,"date":"2014-02-20T02:58:26","date_gmt":"2014-02-20T01:58:26","guid":{"rendered":"http:\/\/klubmamgdynia.pl\/index.php\/produkt\/done-by-deer-slonik-do-ciagania-grey\/"},"modified":"2026-04-24T21:35:10","modified_gmt":"2026-04-24T19:35:10","slug":"done-by-deer-slonik-do-ciagania-grey","status":"publish","type":"product","link":"http:\/\/klubmamgdynia.pl\/index.php\/produkt\/done-by-deer-slonik-do-ciagania-grey\/","title":{"rendered":"Done By Deer S\u0142onik Do Ci\u0105gania Grey"},"content":{"rendered":"<p>Done by Deer S\u0142onik do Ci\u0105gni\u0119cia Elphee BlueNumer kat. 4698342S\u0142onik Elphee jest bardzo kochanym przyjacielem do przytualnia i ciekaw\u0105 zabawk\u0105 do ci\u0105gni\u0119cia. Dzi\u0119ki starannie wykonanemu w\u00f3zeczkowi i platikowymi antypo\u015blizgowymi k\u00f3\u0142eczkami, mo\u017ce ju\u017c zawsze pod\u0105\u017ca\u0107 za Twoim dzieckiem wsz\u0119dzie gdzie p\u00f3jdzie. B\u0119dzie idealnym towarzyszem dziecka podczas spacer\u00f3w i zabaw w domu. Z pewno\u015bci\u0105 zach\u0119ci Malucha do stawiania pierwszych krok\u00f3w. Gdy przyjdzie czas na spanie Maluch z \u0142atwo\u015bci\u0105 zdejmie s\u0142onika z wagonika, zabieraj\u0105c go do snu. Elphee w n\u00f3\u017ckach jak r\u00f3wnie\u017c podest do ci\u0105gni\u0119cia posiadaj\u0105 magnesy, dzi\u0119ki czemu zabawka do ci\u0105gni\u0119cia zmienia si\u0119 w ulubion\u0105 przytulank\u0119 dziecka. Mi\u0142y w dotyku s\u0142onik to idealny prezent dla ka\u017cdego Malucha.Materia\u0142:- tkanina 100% poliester- wype\u0142nienie w\u0142\u00f3kna z poliestru- wagonik i k\u00f3\u0142ka wykonane z mi\u0119kkiego plastikWagonik: plastik z mi\u0119kkimi antypo\u015blizgowymi k\u00f3\u0142kamiCzyszczenie: czy\u015bci\u0107 wilgotn\u0105 \u015bciereczk\u0105, nie zanurza\u0107 w wodzieWymiary s\u0142onia:- wysoko\u015b\u0107 28 cm- d\u0142ugo\u015b\u0107 28 cm- szeroko\u015b\u0107 18 cmWymiary wagonika:- szeroko\u015b\u0107 podestu 14 cm- szeroko\u015b\u0107 z k\u00f3\u0142kami 19 cm- d\u0142ugo\u015b\u0107 19,5 cm- wysoko\u015b\u0107 4,5 cm- d\u0142ugo\u015b\u0107 sznureczka do ci\u0105gniecia ok 72 cmDone by Deer to skandynawska firma projektuj\u0105ca zabawki z my\u015bl\u0105 o dzieciach i ich rodzicach. Done by Deer wykorzystuje w swoich produktach skandynawskie wzornictwo. Poprzez kombinacj\u0119 r\u00f3\u017cnych kolor\u00f3w i materia\u0142\u00f3w projekty pobudzaj\u0105 zmys\u0142y dziecka. Dzi\u0119ki charakterystycznej grafice produkty maj\u0105 odniesienie do skandynawskiego stylu \u017cycia. Wszystkie produkty Done by Deer s\u0105 ca\u0142kowicie przyjazne i bezpieczne dla dziecka.<\/p>\n<h2>Done By Deer S\u0142onik Do Ci\u0105gania Grey Done by Deer<\/h2>\n<p>my little pony kolorowanki celestia, dzie\u0144 matki w\u0142asnor\u0119czny prezent dla mamy od dziecka, smieszne zagadki, kolorowanka kotki do druku, filmy disneya, kolorowe ciasto, zima z\u0142a tekst, kolorowanki konie, dobranoc pch\u0142y na noc, kaczuszka, mi\u0142o\u015b\u0107 do dziecka cytaty, zagadki matematyczne dla przedszkolak\u00f3w, rozalia imie<\/p>\n<p>yyyyy<\/p>\n<p>&nbsp;<\/p>\n","protected":false},"excerpt":{"rendered":"<p>Done by Deer S\u0142onik do Ci\u0105gni\u0119cia Elphee BlueNumer kat. 4698342S\u0142onik Elphee jest bardzo kochanym przyjacielem do przytualnia i ciekaw\u0105 zabawk\u0105 do ci\u0105gni\u0119cia. Dzi\u0119ki starannie wykonanemu w\u00f3zeczkowi i platikowymi antypo\u015blizgowymi k\u00f3\u0142eczkami, mo\u017ce ju\u017c zawsze pod\u0105\u017ca\u0107 za Twoim dzieckiem wsz\u0119dzie gdzie p\u00f3jdzie. B\u0119dzie idealnym towarzyszem dziecka podczas spacer\u00f3w i zabaw w domu. Z pewno\u015bci\u0105 zach\u0119ci Malucha do [&hellip;]<\/p>\n","protected":false},"featured_media":2755,"comment_status":"closed","ping_status":"open","template":"","meta":[],"product_cat":[974,963],"product_tag":[861,734,621,586],"class_list":["post-2754","product","type-product","status-publish","has-post-thumbnail","hentry","product_cat-done-by-deer","product_cat-pozostale-zabawki-dla-niemowlat","product_tag-jak-narysowac-psa","product_tag-milan-imie","product_tag-prezenty-roczek","product_tag-smieszne-zagadki"],"_links":{"self":[{"href":"http:\/\/klubmamgdynia.pl\/index.php\/wp-json\/wp\/v2\/product\/2754","targetHints":{"allow":["GET"]}}],"collection":[{"href":"http:\/\/klubmamgdynia.pl\/index.php\/wp-json\/wp\/v2\/product"}],"about":[{"href":"http:\/\/klubmamgdynia.pl\/index.php\/wp-json\/wp\/v2\/types\/product"}],"replies":[{"embeddable":true,"href":"http:\/\/klubmamgdynia.pl\/index.php\/wp-json\/wp\/v2\/comments?post=2754"}],"wp:featuredmedia":[{"embeddable":true,"href":"http:\/\/klubmamgdynia.pl\/index.php\/wp-json\/wp\/v2\/media\/2755"}],"wp:attachment":[{"href":"http:\/\/klubmamgdynia.pl\/index.php\/wp-json\/wp\/v2\/media?parent=2754"}],"wp:term":[{"taxonomy":"product_cat","embeddable":true,"href":"http:\/\/klubmamgdynia.pl\/index.php\/wp-json\/wp\/v2\/product_cat?post=2754"},{"taxonomy":"product_tag","embeddable":true,"href":"http:\/\/klubmamgdynia.pl\/index.php\/wp-json\/wp\/v2\/product_tag?post=2754"}],"curies":[{"name":"wp","href":"https:\/\/api.w.org\/{rel}","templated":true}]}}