{"id":2758,"date":"2021-08-25T21:40:47","date_gmt":"2021-08-25T19:40:47","guid":{"rendered":"http:\/\/klubmamgdynia.pl\/index.php\/produkt\/nici-piornik-zwijany-baranek-shaun-shirley-40678\/"},"modified":"2026-04-29T16:17:15","modified_gmt":"2026-04-29T14:17:15","slug":"nici-piornik-zwijany-baranek-shaun-shirley-40678","status":"publish","type":"product","link":"http:\/\/klubmamgdynia.pl\/index.php\/produkt\/nici-piornik-zwijany-baranek-shaun-shirley-40678\/","title":{"rendered":"Nici Pi\u00f3rnik Zwijany Baranek Shaun Shirley (40678)"},"content":{"rendered":"<p>Pi\u00f3rnik zwijany Baranek Shaun Shirley (40678) Nici<\/p>\n<h2>Nici Pi\u00f3rnik Zwijany Baranek Shaun Shirley (40678) Nici<\/h2>\n<p>kolorowanki kotka, m\u0105dre prezenty dla 7 latki, quiz minecraft, carmen imi\u0119, quiz o zwierz\u0119tach domowych, film animowany o \u015bwi\u0119tach, wierszyki na lany poniedzia\u0142ek, wierszyki na \u015bmigus dyngus, bajki dla dzieci na dobranoc<\/p>\n<p>yyyyy<\/p>\n<p>&nbsp;<\/p>\n","protected":false},"excerpt":{"rendered":"<p>Pi\u00f3rnik zwijany Baranek Shaun Shirley (40678) Nici Nici Pi\u00f3rnik Zwijany Baranek Shaun Shirley (40678) Nici kolorowanki kotka, m\u0105dre prezenty dla 7 latki, quiz minecraft, carmen imi\u0119, quiz o zwierz\u0119tach domowych, film animowany o \u015bwi\u0119tach, wierszyki na lany poniedzia\u0142ek, wierszyki na \u015bmigus dyngus, bajki dla dzieci na dobranoc yyyyy &nbsp;<\/p>\n","protected":false},"featured_media":2759,"comment_status":"closed","ping_status":"open","template":"","meta":[],"product_cat":[961,976],"product_tag":[729,613,799,796],"class_list":["post-2758","product","type-product","status-publish","has-post-thumbnail","hentry","product_cat-nici","product_cat-piorniki","product_tag-madre-bajki-dla-dzieci-do-czytania","product_tag-na-wyspach-bergamutach","product_tag-zagadka-logiczna","product_tag-zagatki"],"_links":{"self":[{"href":"http:\/\/klubmamgdynia.pl\/index.php\/wp-json\/wp\/v2\/product\/2758","targetHints":{"allow":["GET"]}}],"collection":[{"href":"http:\/\/klubmamgdynia.pl\/index.php\/wp-json\/wp\/v2\/product"}],"about":[{"href":"http:\/\/klubmamgdynia.pl\/index.php\/wp-json\/wp\/v2\/types\/product"}],"replies":[{"embeddable":true,"href":"http:\/\/klubmamgdynia.pl\/index.php\/wp-json\/wp\/v2\/comments?post=2758"}],"wp:featuredmedia":[{"embeddable":true,"href":"http:\/\/klubmamgdynia.pl\/index.php\/wp-json\/wp\/v2\/media\/2759"}],"wp:attachment":[{"href":"http:\/\/klubmamgdynia.pl\/index.php\/wp-json\/wp\/v2\/media?parent=2758"}],"wp:term":[{"taxonomy":"product_cat","embeddable":true,"href":"http:\/\/klubmamgdynia.pl\/index.php\/wp-json\/wp\/v2\/product_cat?post=2758"},{"taxonomy":"product_tag","embeddable":true,"href":"http:\/\/klubmamgdynia.pl\/index.php\/wp-json\/wp\/v2\/product_tag?post=2758"}],"curies":[{"name":"wp","href":"https:\/\/api.w.org\/{rel}","templated":true}]}}