{"id":2760,"date":"2011-11-11T01:05:45","date_gmt":"2011-11-11T00:05:45","guid":{"rendered":"http:\/\/klubmamgdynia.pl\/index.php\/produkt\/canpol-babies-gruszka-do-nosa-dla-niemowlat-rozowa-2-118\/"},"modified":"2026-04-30T02:59:59","modified_gmt":"2026-04-30T00:59:59","slug":"canpol-babies-gruszka-do-nosa-dla-niemowlat-rozowa-2-118","status":"publish","type":"product","link":"http:\/\/klubmamgdynia.pl\/index.php\/produkt\/canpol-babies-gruszka-do-nosa-dla-niemowlat-rozowa-2-118\/","title":{"rendered":"CANPOL BABIES GRUSZKA DO NOSA DLA NIEMOWL\u0104T &#8211; R\u00d3\u017bOWA (2\/118)"},"content":{"rendered":"<p>Canpol Gruszka do nosa 2\/118Gruszka usuwa wydzielin\u0119 z nosa niemowl\u0105t i ma\u0142ych dzieci. Jest bezpieczna i higieniczna. Jej specjalny kszta\u0142t zabezpiecza przed zbyt g\u0142\u0119bokim w\u0142o\u017ceniem do dzieci\u0119cego noska. Przed u\u017cyciem gruszk\u0119 nale\u017cy \u015bcisn\u0105\u0107 i opr\u00f3\u017cni\u0107 z powietrza. Oczyszczaj\u0105c jedn\u0105 dziurk\u0119, drug\u0105 nale\u017cy dziecku zablokowa\u0107.Gruszka jest dost\u0119pna w kilku wariantach kolorystycznych.<\/p>\n<h2>CANPOL BABIES GRUSZKA DO NOSA DLA NIEMOWL\u0104T &#8211; R\u00d3\u017bOWA (2\/118) Canpol babies<\/h2>\n<p>zagadki dla rodziny, cytaty korczaka, bajki terapeutyczne o emocjach, quiz o usa, ry\u017c z owocami, co kupi\u0107 nastolatkowi, \u015bmieszne zagadki dla dzieci 10 lat, felix net i nika oraz gang niewidzialnych ludzi quiz, wiosenne zagadki dla dzieci, linda, kolorowanka \u015bwinka peppa, zagadki dla 5 latka, maska iron man, zaproszenia na urodziny do druku<\/p>\n<p>yyyyy<\/p>\n<p>&nbsp;<\/p>\n","protected":false},"excerpt":{"rendered":"<p>Canpol Gruszka do nosa 2\/118Gruszka usuwa wydzielin\u0119 z nosa niemowl\u0105t i ma\u0142ych dzieci. Jest bezpieczna i higieniczna. Jej specjalny kszta\u0142t zabezpiecza przed zbyt g\u0142\u0119bokim w\u0142o\u017ceniem do dzieci\u0119cego noska. Przed u\u017cyciem gruszk\u0119 nale\u017cy \u015bcisn\u0105\u0107 i opr\u00f3\u017cni\u0107 z powietrza. Oczyszczaj\u0105c jedn\u0105 dziurk\u0119, drug\u0105 nale\u017cy dziecku zablokowa\u0107.Gruszka jest dost\u0119pna w kilku wariantach kolorystycznych. CANPOL BABIES GRUSZKA DO NOSA [&hellip;]<\/p>\n","protected":false},"featured_media":2761,"comment_status":"closed","ping_status":"open","template":"","meta":[],"product_cat":[953,68],"product_tag":[611,660,655],"class_list":["post-2760","product","type-product","status-publish","has-post-thumbnail","hentry","product_cat-aspiratory-i-gruszki-do-nosa","product_cat-canpol-babies","product_tag-bajki-do-czytania-psi-patrol","product_tag-bianka","product_tag-najlepsze-zagadki"],"_links":{"self":[{"href":"http:\/\/klubmamgdynia.pl\/index.php\/wp-json\/wp\/v2\/product\/2760","targetHints":{"allow":["GET"]}}],"collection":[{"href":"http:\/\/klubmamgdynia.pl\/index.php\/wp-json\/wp\/v2\/product"}],"about":[{"href":"http:\/\/klubmamgdynia.pl\/index.php\/wp-json\/wp\/v2\/types\/product"}],"replies":[{"embeddable":true,"href":"http:\/\/klubmamgdynia.pl\/index.php\/wp-json\/wp\/v2\/comments?post=2760"}],"wp:featuredmedia":[{"embeddable":true,"href":"http:\/\/klubmamgdynia.pl\/index.php\/wp-json\/wp\/v2\/media\/2761"}],"wp:attachment":[{"href":"http:\/\/klubmamgdynia.pl\/index.php\/wp-json\/wp\/v2\/media?parent=2760"}],"wp:term":[{"taxonomy":"product_cat","embeddable":true,"href":"http:\/\/klubmamgdynia.pl\/index.php\/wp-json\/wp\/v2\/product_cat?post=2760"},{"taxonomy":"product_tag","embeddable":true,"href":"http:\/\/klubmamgdynia.pl\/index.php\/wp-json\/wp\/v2\/product_tag?post=2760"}],"curies":[{"name":"wp","href":"https:\/\/api.w.org\/{rel}","templated":true}]}}