{"id":2762,"date":"2015-03-25T03:29:25","date_gmt":"2015-03-25T02:29:25","guid":{"rendered":"http:\/\/klubmamgdynia.pl\/index.php\/produkt\/magic-box-mojipops-2-figurki-w-pudelku\/"},"modified":"2026-05-17T22:23:53","modified_gmt":"2026-05-17T20:23:53","slug":"magic-box-mojipops-2-figurki-w-pudelku","status":"publish","type":"product","link":"http:\/\/klubmamgdynia.pl\/index.php\/produkt\/magic-box-mojipops-2-figurki-w-pudelku\/","title":{"rendered":"Magic Box MojiPops 2 figurki w pude\u0142ku"},"content":{"rendered":"<p>MagixBox MojiPops Figurka w pude\u0142ku 2 MojiPops + 1 storyZestaw 2 figurek Moji Pops w pude\u0142ku i historyjka.Przeznaczone dla dzieci od 3 roku \u017cycia.<\/p>\n<h2>Magic Box MojiPops 2 figurki w pude\u0142ku Magic Box<\/h2>\n<p>test znaki drogowe, koty rysunki, zagadki dla starszych dzieci, podchwytliwe zagadki dla dzieci, lato lato lato czeka, marianna, serce origami, opis na dzie\u0144 mamy, \u015bwinka peppa kolorowanka, zagadki na myslenie<\/p>\n<p>yyyyy<\/p>\n<p>&nbsp;<\/p>\n","protected":false},"excerpt":{"rendered":"<p>MagixBox MojiPops Figurka w pude\u0142ku 2 MojiPops + 1 storyZestaw 2 figurek Moji Pops w pude\u0142ku i historyjka.Przeznaczone dla dzieci od 3 roku \u017cycia. Magic Box MojiPops 2 figurki w pude\u0142ku Magic Box test znaki drogowe, koty rysunki, zagadki dla starszych dzieci, podchwytliwe zagadki dla dzieci, lato lato lato czeka, marianna, serce origami, opis na [&hellip;]<\/p>\n","protected":false},"featured_media":2763,"comment_status":"closed","ping_status":"open","template":"","meta":[],"product_cat":[95,510],"product_tag":[664,681,731,805,615],"class_list":["post-2762","product","type-product","status-publish","has-post-thumbnail","hentry","product_cat-figurki-makiety-i-zestawy","product_cat-magic-box","product_tag-atrakcje-dla-dzieci-trojmiasto","product_tag-flagi-europy-quiz","product_tag-maly-ksiaze-cytaty","product_tag-znaczenie-imienia-alan","product_tag-znane-misie-z-filmow-animowanych"],"_links":{"self":[{"href":"http:\/\/klubmamgdynia.pl\/index.php\/wp-json\/wp\/v2\/product\/2762","targetHints":{"allow":["GET"]}}],"collection":[{"href":"http:\/\/klubmamgdynia.pl\/index.php\/wp-json\/wp\/v2\/product"}],"about":[{"href":"http:\/\/klubmamgdynia.pl\/index.php\/wp-json\/wp\/v2\/types\/product"}],"replies":[{"embeddable":true,"href":"http:\/\/klubmamgdynia.pl\/index.php\/wp-json\/wp\/v2\/comments?post=2762"}],"wp:featuredmedia":[{"embeddable":true,"href":"http:\/\/klubmamgdynia.pl\/index.php\/wp-json\/wp\/v2\/media\/2763"}],"wp:attachment":[{"href":"http:\/\/klubmamgdynia.pl\/index.php\/wp-json\/wp\/v2\/media?parent=2762"}],"wp:term":[{"taxonomy":"product_cat","embeddable":true,"href":"http:\/\/klubmamgdynia.pl\/index.php\/wp-json\/wp\/v2\/product_cat?post=2762"},{"taxonomy":"product_tag","embeddable":true,"href":"http:\/\/klubmamgdynia.pl\/index.php\/wp-json\/wp\/v2\/product_tag?post=2762"}],"curies":[{"name":"wp","href":"https:\/\/api.w.org\/{rel}","templated":true}]}}