{"id":2764,"date":"2015-03-01T07:24:02","date_gmt":"2015-03-01T06:24:02","guid":{"rendered":"http:\/\/klubmamgdynia.pl\/index.php\/produkt\/spin-master-pokonaj-rodzicow-spryskaj\/"},"modified":"2026-04-30T06:42:14","modified_gmt":"2026-04-30T04:42:14","slug":"spin-master-pokonaj-rodzicow-spryskaj","status":"publish","type":"product","link":"http:\/\/klubmamgdynia.pl\/index.php\/produkt\/spin-master-pokonaj-rodzicow-spryskaj\/","title":{"rendered":"Spin Master Pokonaj Rodzic\u00f3w. Spryskaj"},"content":{"rendered":"<p>Spray Off Play Off gra z rozpryskiwaniem wody dla rodziny i dzieci od lat 8! Przygotuj si\u0119 na dobr\u0105 zabaw\u0119 z Spray Off, Play Off! Stw\u00f3rz zesp\u00f3\u0142 i szykuj si\u0119 na wykonywanie wyzwa\u0144, gdy Tw\u00f3j partner opiera brod\u0119 na pompie wodnej. Pospiesz si\u0119, bo zegar odlicza czas i je\u015bli si\u0119 sko\u0144czy, Tw\u00f3j partner zostanie przemoczony! Czy potrafisz wyrecytowa\u0107 wiersz sk\u0142adaj\u0105cy si\u0119 z co najmniej trzech linijek na temat szczeni\u0105t? Wymie\u0144 5 zespo\u0142\u00f3w o jednowyrazowych nazwach! Czy umiesz ta\u0144cem przedstawi\u0107 cykl rozwoju drzewa? Dowiesz si\u0119, kiedy zagrasz w Spray Off, Play Off! Czy Twoja dru\u017cyna ma to, czego potrzeba, aby pozosta\u0107 suchym? A mo\u017ce zostanie spryskana? Wymaga 3 baterii AAA (brak w zestawie)Indeks handlowy: GXP-810894Kod kreskowy: 778988318386Wiek lub rocznik: od 8 lat<\/p>\n<h2>Spin Master Pokonaj Rodzic\u00f3w. Spryskaj Spin Master<\/h2>\n<p>trudne zagadki na inteligencje, uk\u0142ad s\u0142oneczny kolorowanka, zagadki o zwierz\u0119tach, halloween dla dzieci warszawa 2021, tymoteusz znaczenie imienia, w\u0142ochy, darmowe quizy, zagadki i odpowiedzi, imi\u0119 kostek, zagadki logiczne \u015bmieszne, zadania dla 7 latka do druku, walentynka kolorowanka, nauczyciel cytaty, znaczenie imiona kinga, rymowane zagadki dla dzieci, lucjan, r\u0119cznie robione jak zrobi\u0107 kartk\u0119 walentynkow\u0105, bajki do czytania psi patrol, nowoczesna babcia wiersz, kolorowanka peppa do druku, jan pawe\u0142 2 rysunek \u0142atwy dla dzieci<\/p>\n<p>yyyyy<\/p>\n<p>&nbsp;<\/p>\n","protected":false},"excerpt":{"rendered":"<p>Spray Off Play Off gra z rozpryskiwaniem wody dla rodziny i dzieci od lat 8! Przygotuj si\u0119 na dobr\u0105 zabaw\u0119 z Spray Off, Play Off! Stw\u00f3rz zesp\u00f3\u0142 i szykuj si\u0119 na wykonywanie wyzwa\u0144, gdy Tw\u00f3j partner opiera brod\u0119 na pompie wodnej. Pospiesz si\u0119, bo zegar odlicza czas i je\u015bli si\u0119 sko\u0144czy, Tw\u00f3j partner zostanie przemoczony! [&hellip;]<\/p>\n","protected":false},"featured_media":2765,"comment_status":"closed","ping_status":"open","template":"","meta":[],"product_cat":[130,94],"product_tag":[593,629,796,600],"class_list":["post-2764","product","type-product","status-publish","has-post-thumbnail","hentry","product_cat-gry-dzieciece","product_cat-spin-master","product_tag-jak-narysowac-konia","product_tag-smieszne-zagadki-z-odpowiedziami","product_tag-zagatki","product_tag-zaproszenia-na-urodziny-do-druku"],"_links":{"self":[{"href":"http:\/\/klubmamgdynia.pl\/index.php\/wp-json\/wp\/v2\/product\/2764","targetHints":{"allow":["GET"]}}],"collection":[{"href":"http:\/\/klubmamgdynia.pl\/index.php\/wp-json\/wp\/v2\/product"}],"about":[{"href":"http:\/\/klubmamgdynia.pl\/index.php\/wp-json\/wp\/v2\/types\/product"}],"replies":[{"embeddable":true,"href":"http:\/\/klubmamgdynia.pl\/index.php\/wp-json\/wp\/v2\/comments?post=2764"}],"wp:featuredmedia":[{"embeddable":true,"href":"http:\/\/klubmamgdynia.pl\/index.php\/wp-json\/wp\/v2\/media\/2765"}],"wp:attachment":[{"href":"http:\/\/klubmamgdynia.pl\/index.php\/wp-json\/wp\/v2\/media?parent=2764"}],"wp:term":[{"taxonomy":"product_cat","embeddable":true,"href":"http:\/\/klubmamgdynia.pl\/index.php\/wp-json\/wp\/v2\/product_cat?post=2764"},{"taxonomy":"product_tag","embeddable":true,"href":"http:\/\/klubmamgdynia.pl\/index.php\/wp-json\/wp\/v2\/product_tag?post=2764"}],"curies":[{"name":"wp","href":"https:\/\/api.w.org\/{rel}","templated":true}]}}