{"id":2766,"date":"2025-09-05T01:30:06","date_gmt":"2025-09-04T23:30:06","guid":{"rendered":"http:\/\/klubmamgdynia.pl\/?post_type=product&#038;p=2766"},"modified":"2026-04-05T21:11:28","modified_gmt":"2026-04-05T19:11:28","slug":"timoore-polka-beep","status":"publish","type":"product","link":"http:\/\/klubmamgdynia.pl\/index.php\/produkt\/timoore-polka-beep\/","title":{"rendered":"Timoore P\u00f3\u0142ka Beep"},"content":{"rendered":"<p>Energetyczne,\u00a0\u015bwie\u017ce\u00a0wzornictwo, oraz wyj\u0105tkowa elastyczno\u015b\u0107 w sposobie aran\u017cacji &#8211; tym wyr\u00f3\u017cniaj\u0105 si\u0119 p\u00f3\u0142ki w kolekcji Beep. Dost\u0119pne a\u017c w o\u015bmiu kolorach, swoim oryginalnym wygl\u0105dem z pewno\u015bci\u0105 o\u017cywi\u0105 ka\u017cd\u0105 \u015bcian\u0119.\u00a0Spos\u00f3b  mocowania zawieszek w p\u00f3\u0142kach umo\u017cliwia ca\u0142kowicie dowolne ich  zawieszanie. Przyk\u0142adowo w konfiguracji poziomej mo\u017cna wybra\u0107 opcj\u0119 ze  \u015bci\u0119ciem na dole, lub u g\u00f3ry. Tego typu design daje niezwyk\u0142\u0105 swobod\u0119 w  tworzeniu ciekawych, za ka\u017cdym razem indywidualnych rozwi\u0105za\u0144  kompozycyjnych.\u00a0P\u00f3\u0142ki  dost\u0119pne s\u0105 jedynie w wybrwieniach zgodnych z palet\u0105 DESIGN (nie  wyst\u0119puj\u0105 w palecie NATURAL). Wykonane s\u0105 w ca\u0142o\u015bci z lakierowanej p\u0142yty  MDF.Uwaga! P\u00f3\u0142ki nie wymagaj\u0105 z\u0142o\u017cenia. Dostarczane s\u0105 w ca\u0142o\u015bci, wymagaj\u0105 jedynie zamocowania znajduj\u0105cych sie w zestawie uchwyt\u00f3w.G\u0142\u00f3wne cechy:oryginalny designosiem kolor\u00f3w do wyboruzaokr\u0105glone, bezpieczne kraw\u0119dziedowolny spos\u00f3b zawieszaniaG\u0142\u0119boko\u015b\u0107 27 cmSzeroko\u015b\u0107 98 cmWysoko\u015b\u0107 31 cm<\/p>\n<h2>Timoore P\u00f3\u0142ka Beep Timoore<\/h2>\n<p>pch\u0142y na noc, karty pracy po ukrai\u0144sku, prezent dla dziewczynki 7 lat, mira imie, fabian, paloma, cookie dough przepis, karty matematyczne tabliczka mno\u017cenia do wydruku, zagadki o dinozaurach, test z opowie\u015bci z narnii lew czarownica i stara szafa, praktyczny prezent dla rocznego dziecka, prezent dla nastolatk\u00f3w ch\u0142opc\u00f3w, bajka do czytania na dobranoc, dobranoc pch\u0142y na noc, kolorowanki lego ninjago<\/p>\n<p>yyyyy<\/p>\n<p>&nbsp;<\/p>\n","protected":false},"excerpt":{"rendered":"<p>Energetyczne,\u00a0\u015bwie\u017ce\u00a0wzornictwo, oraz wyj\u0105tkowa elastyczno\u015b\u0107 w sposobie aran\u017cacji &#8211; tym wyr\u00f3\u017cniaj\u0105 si\u0119 p\u00f3\u0142ki w kolekcji Beep. Dost\u0119pne a\u017c w o\u015bmiu kolorach, swoim oryginalnym wygl\u0105dem z pewno\u015bci\u0105 o\u017cywi\u0105 ka\u017cd\u0105 \u015bcian\u0119.\u00a0Spos\u00f3b mocowania zawieszek w p\u00f3\u0142kach umo\u017cliwia ca\u0142kowicie dowolne ich zawieszanie. Przyk\u0142adowo w konfiguracji poziomej mo\u017cna wybra\u0107 opcj\u0119 ze \u015bci\u0119ciem na dole, lub u g\u00f3ry. Tego typu design daje [&hellip;]<\/p>\n","protected":false},"featured_media":2767,"comment_status":"closed","ping_status":"open","template":"","meta":[],"product_cat":[978,977],"product_tag":[668,864,711,586],"class_list":["post-2766","product","type-product","status-publish","has-post-thumbnail","hentry","product_cat-regaly-i-polki-dzieciece","product_cat-timoore","product_tag-atrakcje-dla-dzieci-wroclaw","product_tag-basen-warszawa","product_tag-prezenty-dla-nastolatkow","product_tag-smieszne-zagadki"],"_links":{"self":[{"href":"http:\/\/klubmamgdynia.pl\/index.php\/wp-json\/wp\/v2\/product\/2766","targetHints":{"allow":["GET"]}}],"collection":[{"href":"http:\/\/klubmamgdynia.pl\/index.php\/wp-json\/wp\/v2\/product"}],"about":[{"href":"http:\/\/klubmamgdynia.pl\/index.php\/wp-json\/wp\/v2\/types\/product"}],"replies":[{"embeddable":true,"href":"http:\/\/klubmamgdynia.pl\/index.php\/wp-json\/wp\/v2\/comments?post=2766"}],"wp:featuredmedia":[{"embeddable":true,"href":"http:\/\/klubmamgdynia.pl\/index.php\/wp-json\/wp\/v2\/media\/2767"}],"wp:attachment":[{"href":"http:\/\/klubmamgdynia.pl\/index.php\/wp-json\/wp\/v2\/media?parent=2766"}],"wp:term":[{"taxonomy":"product_cat","embeddable":true,"href":"http:\/\/klubmamgdynia.pl\/index.php\/wp-json\/wp\/v2\/product_cat?post=2766"},{"taxonomy":"product_tag","embeddable":true,"href":"http:\/\/klubmamgdynia.pl\/index.php\/wp-json\/wp\/v2\/product_tag?post=2766"}],"curies":[{"name":"wp","href":"https:\/\/api.w.org\/{rel}","templated":true}]}}