{"id":277,"date":"2022-11-08T19:21:22","date_gmt":"2022-11-08T18:21:22","guid":{"rendered":"http:\/\/klubmamgdynia.pl\/index.php\/produkt\/alvi-koc-do-czolgania-falbana-okragla-o-100cm-r-100cm\/"},"modified":"2026-04-24T09:17:19","modified_gmt":"2026-04-24T07:17:19","slug":"alvi-koc-do-czolgania-falbana-okragla-o-100cm-r-100cm","status":"publish","type":"product","link":"http:\/\/klubmamgdynia.pl\/index.php\/produkt\/alvi-koc-do-czolgania-falbana-okragla-o-100cm-r-100cm\/","title":{"rendered":"Alvi Koc Do Czo\u0142gania Falbana Okr\u0105g\u0142a \u00d8 100Cm R. 100Cm"},"content":{"rendered":"<p>Niemowl\u0119ta i ma\u0142e dzieci codziennie prze\u017cywaj\u0105 wiele przyg\u00f3d. Przecie\u017c wszystko jest dla nich jeszcze nowe, ekscytuj\u0105ce i porywaj\u0105ce &#8211; tak\u017ce ich w\u0142asny dom. Niemowl\u0119ta codziennie ucz\u0105 si\u0119 czego\u015b nowego, nagle udaje im si\u0119 samodzielnie obr\u00f3ci\u0107 swoj\u0105 ma\u0142\u0105 g\u0142\u00f3wk\u0119 lub zaczynaj\u0105 poznawa\u0107 otoczenie raczkuj\u0105c. Tw\u00f3j ulubieniec b\u0119dzie d\u0142ugo cieszy\u0142 si\u0119 tym wspania\u0142ym kocykiem do raczkowania z Alvi \u00ae. W pierwszych miesi\u0105cach \u017cycia, kocyk zapewnia mi\u0119kk\u0105 i ciep\u0142\u0105 powierzchni\u0119, na kt\u00f3rej dziecko mo\u017ce le\u017ce\u0107 i obserwowa\u0107 to, co dzieje si\u0119 wok\u00f3\u0142 niego. Mi\u0119dzy sz\u00f3stym a dziesi\u0105tym miesi\u0105cem \u017cycia dziecko powoli zaczyna raczkowa\u0107 &#8211; ten mi\u0119kki kocyk do raczkowania z okryciem wykonany z bawe\u0142ny organicznej jest idealny do pierwszych pr\u00f3b. A puszysta wy\u015bci\u00f3\u0142ka kocyka mo\u017ce r\u00f3wnie\u017c amortyzowa\u0107 pierwsze pr\u00f3by stania i chodzenia. Nowa falbana do kocyka dla malucha zachwyca czaruj\u0105c\u0105 stron\u0105 Design oraz wysok\u0105 jako\u015bci\u0105 wykonania i jako\u015bci\u0105. Wyposa\u017cony we wspania\u0142y falbankowy wianek, pok\u00f3j dzieci\u0119cy mo\u017ce sta\u0107 si\u0119 bajecznie pi\u0119knym miejscem w po\u0142\u0105czeniu z innymi tekstyliami z tej serii. Szczeg\u00f3\u0142y produktu: Rozmiar: \u00d8 100cm Wybrane Design Tapicerowane w\u0142\u00f3knem puszystym Z wie\u0144cem z falban Bawe\u0142na organiczna Materia\u0142 i wskaz\u00f3wki dotycz\u0105ce piel\u0119gnacji: Materia\u0142 zewn\u0119trzny: 100% bawe\u0142na organiczna Wype\u0142nienie: 100% poliester Mo\u017cna pra\u0107 w temperaturze 40 \u00b0C Nadaje si\u0119 do suszenia w suszarkach b\u0119bnowych, redukcja temperatury<\/p>\n<h2>Alvi Koc Do Czo\u0142gania Falbana Okr\u0105g\u0142a \u00d8 100Cm R. 100Cm Alvi<\/h2>\n<p>atrakcje dla dzieci warszawa i okolice, kucyki pony kolorowanka, zaj\u0119cia kulinarne dla dzieci pomys\u0142y, jak narysowa\u0107 oko, kolorowanki lol, swinka peppa do czytania, imie iwo, zagadki logiczne i odpowiedzi, ja\u015bmina imie, bajka o miko\u0142aju do czytania, \u015bwinka peppa do druku, loga samochod\u00f3w, pytania logiczne, kolorowanka sky, rzadkie imiona \u017ce\u0144skie, nadia imi\u0119, quiz zemsta, m\u0105dre bajki dla dzieci do czytania, kolorowanki zwierz\u0119ta<\/p>\n<p>yyyyy<\/p>\n<p>&nbsp;<\/p>\n","protected":false},"excerpt":{"rendered":"<p>Niemowl\u0119ta i ma\u0142e dzieci codziennie prze\u017cywaj\u0105 wiele przyg\u00f3d. Przecie\u017c wszystko jest dla nich jeszcze nowe, ekscytuj\u0105ce i porywaj\u0105ce &#8211; tak\u017ce ich w\u0142asny dom. Niemowl\u0119ta codziennie ucz\u0105 si\u0119 czego\u015b nowego, nagle udaje im si\u0119 samodzielnie obr\u00f3ci\u0107 swoj\u0105 ma\u0142\u0105 g\u0142\u00f3wk\u0119 lub zaczynaj\u0105 poznawa\u0107 otoczenie raczkuj\u0105c. Tw\u00f3j ulubieniec b\u0119dzie d\u0142ugo cieszy\u0142 si\u0119 tym wspania\u0142ym kocykiem do raczkowania z [&hellip;]<\/p>\n","protected":false},"featured_media":278,"comment_status":"closed","ping_status":"open","template":"","meta":[],"product_cat":[121,55],"product_tag":[662,640,841,641,767],"class_list":["post-277","product","type-product","status-publish","has-post-thumbnail","hentry","product_cat-alvi","product_cat-maty-edukacyjne","product_tag-bajki-na-dobranoc","product_tag-prezent-dla-rocznej-dziewczynki","product_tag-quiz-o-flagach","product_tag-trudne-zagadki-logiczne","product_tag-zaproszenia-urodzinowe-do-druku"],"_links":{"self":[{"href":"http:\/\/klubmamgdynia.pl\/index.php\/wp-json\/wp\/v2\/product\/277","targetHints":{"allow":["GET"]}}],"collection":[{"href":"http:\/\/klubmamgdynia.pl\/index.php\/wp-json\/wp\/v2\/product"}],"about":[{"href":"http:\/\/klubmamgdynia.pl\/index.php\/wp-json\/wp\/v2\/types\/product"}],"replies":[{"embeddable":true,"href":"http:\/\/klubmamgdynia.pl\/index.php\/wp-json\/wp\/v2\/comments?post=277"}],"wp:featuredmedia":[{"embeddable":true,"href":"http:\/\/klubmamgdynia.pl\/index.php\/wp-json\/wp\/v2\/media\/278"}],"wp:attachment":[{"href":"http:\/\/klubmamgdynia.pl\/index.php\/wp-json\/wp\/v2\/media?parent=277"}],"wp:term":[{"taxonomy":"product_cat","embeddable":true,"href":"http:\/\/klubmamgdynia.pl\/index.php\/wp-json\/wp\/v2\/product_cat?post=277"},{"taxonomy":"product_tag","embeddable":true,"href":"http:\/\/klubmamgdynia.pl\/index.php\/wp-json\/wp\/v2\/product_tag?post=277"}],"curies":[{"name":"wp","href":"https:\/\/api.w.org\/{rel}","templated":true}]}}