{"id":2770,"date":"2016-12-25T11:33:20","date_gmt":"2016-12-25T10:33:20","guid":{"rendered":"http:\/\/klubmamgdynia.pl\/index.php\/produkt\/collecta-noriker-kasztanowy-zrebak\/"},"modified":"2026-04-05T18:53:47","modified_gmt":"2026-04-05T16:53:47","slug":"collecta-noriker-kasztanowy-zrebak","status":"publish","type":"product","link":"http:\/\/klubmamgdynia.pl\/index.php\/produkt\/collecta-noriker-kasztanowy-zrebak\/","title":{"rendered":"Collecta Noriker Kasztanowy \u0179rebak"},"content":{"rendered":"<p>Collecta to wyj\u0105tkowa seria figurek kolekcjonerskich, kt\u00f3ra dzi\u0119ki realnemu oddaniu prawdziwego wygl\u0105du doskonale sprawdz\u0105 si\u0119 jako materia\u0142 edukacyjny. Potwierdza to wiele rodzic\u00f3w i dzieci, kt\u00f3re w swoich domach posiadaj\u0105 kolekcje sk\u0142adaj\u0105ce si\u0119 z wielu figurek.Ca\u0142a kolekcja obejmuje ponad 500 r\u00f3\u017cnych gatunk\u00f3w, jednak producent co roku wprowadza do sprzeda\u017cy nowe, nieustannie zaskakuj\u0105c proponowanymi przez siebie gatunkami zwierz\u0105t w rozmaitych pozach. Figurki dost\u0119pne s\u0105 w 4 grupach cenowych zwi\u0105zanych z ich wymiarami (S, M, L, XL). W ofercie dost\u0119pne s\u0105 r\u00f3wnie\u017c wyj\u0105tkowe figurki z serii deluxe i akcesoria, kt\u00f3re gwarantuj\u0105 dodatkowe opcje aktywnej zabawy. NAZWA NORIKER KASZTANOWY \u0179REBAK PRODUCENT COLLECTA WIEK 3+ EAN 4892900889528 Znajd\u017a podobne wed\u0142ug klucza: COLLECTA (490688)<\/p>\n<h2>Collecta Noriker Kasztanowy \u0179rebak Collecta<\/h2>\n<p>myszka minnie kolorowanka, wzruszaj\u0105ce s\u0142owa dla przyjaci\u00f3\u0142ki, wszystkie flagi \u015bwiata quiz, nela imi\u0119, szczotka pasta kubek ciep\u0142a woda tekst, co na roczek dla ch\u0142opca, \u017carty na prima aprilis w domu, ko\u0142ysanki tekst, zabawka dla rocznej dziewczynki, pieski ma\u0142e dwa tekst, kostek imi\u0119, hello kitty kolorowanka, parasol szablon do wydruku, szablon krokus kolorowanka, irma, miko\u0142ajkowe zabawy<\/p>\n<p>yyyyy<\/p>\n<p>&nbsp;<\/p>\n","protected":false},"excerpt":{"rendered":"<p>Collecta to wyj\u0105tkowa seria figurek kolekcjonerskich, kt\u00f3ra dzi\u0119ki realnemu oddaniu prawdziwego wygl\u0105du doskonale sprawdz\u0105 si\u0119 jako materia\u0142 edukacyjny. Potwierdza to wiele rodzic\u00f3w i dzieci, kt\u00f3re w swoich domach posiadaj\u0105 kolekcje sk\u0142adaj\u0105ce si\u0119 z wielu figurek.Ca\u0142a kolekcja obejmuje ponad 500 r\u00f3\u017cnych gatunk\u00f3w, jednak producent co roku wprowadza do sprzeda\u017cy nowe, nieustannie zaskakuj\u0105c proponowanymi przez siebie gatunkami [&hellip;]<\/p>\n","protected":false},"featured_media":2771,"comment_status":"closed","ping_status":"open","template":"","meta":[],"product_cat":[490,95],"product_tag":[825,792,854,708],"class_list":["post-2770","product","type-product","status-publish","has-post-thumbnail","hentry","product_cat-collecta","product_cat-figurki-makiety-i-zestawy","product_tag-bajka-na-dobranoc-do-czytania","product_tag-cytaty-o-mamie","product_tag-cytaty-rodzina","product_tag-zabawy-ruchowe-dla-dzieci"],"_links":{"self":[{"href":"http:\/\/klubmamgdynia.pl\/index.php\/wp-json\/wp\/v2\/product\/2770","targetHints":{"allow":["GET"]}}],"collection":[{"href":"http:\/\/klubmamgdynia.pl\/index.php\/wp-json\/wp\/v2\/product"}],"about":[{"href":"http:\/\/klubmamgdynia.pl\/index.php\/wp-json\/wp\/v2\/types\/product"}],"replies":[{"embeddable":true,"href":"http:\/\/klubmamgdynia.pl\/index.php\/wp-json\/wp\/v2\/comments?post=2770"}],"wp:featuredmedia":[{"embeddable":true,"href":"http:\/\/klubmamgdynia.pl\/index.php\/wp-json\/wp\/v2\/media\/2771"}],"wp:attachment":[{"href":"http:\/\/klubmamgdynia.pl\/index.php\/wp-json\/wp\/v2\/media?parent=2770"}],"wp:term":[{"taxonomy":"product_cat","embeddable":true,"href":"http:\/\/klubmamgdynia.pl\/index.php\/wp-json\/wp\/v2\/product_cat?post=2770"},{"taxonomy":"product_tag","embeddable":true,"href":"http:\/\/klubmamgdynia.pl\/index.php\/wp-json\/wp\/v2\/product_tag?post=2770"}],"curies":[{"name":"wp","href":"https:\/\/api.w.org\/{rel}","templated":true}]}}