{"id":2772,"date":"2013-04-04T05:58:22","date_gmt":"2013-04-04T03:58:22","guid":{"rendered":"http:\/\/klubmamgdynia.pl\/index.php\/produkt\/lt-zabawka-edukacyjna-kuchnia-zabawka\/"},"modified":"2026-04-30T05:37:20","modified_gmt":"2026-04-30T03:37:20","slug":"lt-zabawka-edukacyjna-kuchnia-zabawka","status":"publish","type":"product","link":"http:\/\/klubmamgdynia.pl\/index.php\/produkt\/lt-zabawka-edukacyjna-kuchnia-zabawka\/","title":{"rendered":"Lt Zabawka Edukacyjna Kuchnia &#8211; Zabawka"},"content":{"rendered":"<p>LT160 LandToys FUNKCJONALNA KUCHNIA Z WIELOMA AKCESORIAMI Dzieci obserwuj\u0105 doros\u0142ych i uwielbiaj\u0105 ich na\u015bladowa\u0107, tak poznaj\u0105 swoje najbli\u017csze otoczenie i \u015bwiat. Kuchnia z zestawem akcesori\u00f3w, to propozycja doskona\u0142ej zabawy, kt\u00f3ra pobudza dzieci\u0119c\u0105 wyobra\u017ani\u0119 i rozwija zainteresowania kulinarne u najm\u0142odszych pociech. Efekty \u015bwietlne i d\u017awi\u0119kowe znajduj\u0105ce si\u0119 w p\u0142ycie dodaj\u0105 W zestawie jest ca\u0142e mn\u00f3stwo kolorowych element\u00f3w, \u0142\u0105cznie a\u017c 39sztuk!. G\u0141\u00d3WNE CECHY PRODUKTU: SPECYFIKACJA: WYMIARY CA\u0141KOWITE KUCHNI 78cm X 27cm X 60cm(wys.) Wysoko\u015b\u0107 do blatu to ok. 30cm Zabawka jest odpowiednia dla dzieci w wieku +3lata P\u0142yta kuchenna zasilana jest bateriami 3xAA o mocy min 1.5V (zestaw nie zawiera baterii). Zabawka posiada niezb\u0119dne certyfikaty CE oraz EN71. ZESTAW KOMPLETNY, GOTOWY DO FANTASTYCZNEJ ZABAWY \u2013 W Sk\u0142ad zabawki wchodzi nie tylko kuchnia ale r\u00f3wnie\u017c wiele akcesori\u00f3w. Zapewni\u0105 one niezapomnian\u0105 zabaw\u0119 na d\u0142ugi czas, s\u0105 to m.in: talerzyki, sztu\u0107ce, garnki, warzywa, owoce oraz kartonowe pude\u0142ka z produktami spo\u017cywczymi-\u0142\u0105cznie a\u017c 39 element\u00f3w. DBA\u0141O\u015a\u0106 O SZCZEG\u00d3\u0141Y &#8211; Wszystkie elementy zestawu wykonane s\u0105 z wysokiej jako\u015bci materia\u0142\u00f3w, z dba\u0142o\u015bci\u0105 o najmniejsze szczeg\u00f3\u0142y. &#8211; kran z wod\u0105: kuchnia wyposa\u017cona jest w bateri\u0119, kt\u00f3ra posiada pompk\u0119 Wystarczy wla\u0107 do zlewu wod\u0119 i po naci\u015bni\u0119ciu pompki z kranu wyleci woda. Ca\u0142y proces odbywa si\u0119 w obiegu zamkni\u0119tym, za\u015b pompka znajduje si\u0119 na g\u00f3rze baterii. D\u0179WI\u0118K I \u015aWIAT\u0141O \u2013 Niew\u0105tpliw\u0105 atrakcj\u0105 zestawu jest p\u0142yta z efektami d\u017awi\u0119kowymi, na\u015bladuj\u0105cymi bulgotanie wody i czerwonym \u015bwiate\u0142kiem imituj\u0105cym p\u0142omienie. Elementy te dodaj\u0105 realizmu i uatrakcyjniaj\u0105 zabaw\u0119. W ZESTAWIE ZNAJDUJE SI\u0118: kuchnia z otwieranym piekarnikiem i lod\u00f3wk\u0105 Akcesoria: garnek, talerzyki, sztu\u0107ce, patelnia, rondel, kartoniki z produktami, artyku\u0142y spo\u017cywcze. WSZYSTKIE NASZE ZABAWKI POSIADAJ\u0104 ODPOWIEDNIE CERTYFIKATY Dzi\u0119ki temu mo\u017cecie by\u0107 spokojni o bezpiecze\u0144stwo swoich pociech CE &#8211; Stanowi deklaracj\u0119, \u017ce dany produkt spe\u0142nia zasadnicze wymagania i zosta\u0142 poddany odpowiedniej procedurze oceny zgodno\u015bci z odpowiednimi dyrektywami dotycz\u0105cymi danego wyrobu. EN71 &#8211; jest norma europejska, kt\u00f3ra okre\u015bla wymogi bezpiecze\u0144stwa stawiane zabawkom. Aby produkt m\u00f3g\u0142by by\u0107 dopuszczony do obrotu. PAMI\u0118TAJCIE Informacje o znakach i certyfikatach daj\u0105 wi\u0119ksz\u0105 pewno\u015b\u0107, \u017ce kupujemy bezpieczny produkt Kolory akcesori\u00f3w mog\u0105 si\u0119 r\u00f3\u017cni\u0107. zabawki dla niemowl\u0105t 6 miesi\u0119cy | sklep alexander | drewniane zabawki | sterowane samochody | zabawki dla 5 latka ch\u0142opca | zabawki do piaskownicy | hot wheels | je\u017adzik dla dziewczynki | instrumenty dla dzieci | dinozaury zabawki | zabawka zestaw do sprz\u0105tania | grzechotka dla niemowlaka | traktory | lalki dla dzieci | zabawki edukacyjne dla 2 latka<\/p>\n<h2>Lt Zabawka Edukacyjna Kuchnia &#8211; Zabawka LandToys<\/h2>\n<p>\u0142amig\u0142\u00f3wki do druku, platformy edukacyjne dla dzieci, gra kulki, ozdoby choinkowe dla dzieci<\/p>\n<p>yyyyy<\/p>\n<p>&nbsp;<\/p>\n","protected":false},"excerpt":{"rendered":"<p>LT160 LandToys FUNKCJONALNA KUCHNIA Z WIELOMA AKCESORIAMI Dzieci obserwuj\u0105 doros\u0142ych i uwielbiaj\u0105 ich na\u015bladowa\u0107, tak poznaj\u0105 swoje najbli\u017csze otoczenie i \u015bwiat. Kuchnia z zestawem akcesori\u00f3w, to propozycja doskona\u0142ej zabawy, kt\u00f3ra pobudza dzieci\u0119c\u0105 wyobra\u017ani\u0119 i rozwija zainteresowania kulinarne u najm\u0142odszych pociech. Efekty \u015bwietlne i d\u017awi\u0119kowe znajduj\u0105ce si\u0119 w p\u0142ycie dodaj\u0105 W zestawie jest ca\u0142e mn\u00f3stwo kolorowych [&hellip;]<\/p>\n","protected":false},"featured_media":2773,"comment_status":"closed","ping_status":"open","template":"","meta":[],"product_cat":[53,144],"product_tag":[765,792,583,657,840],"class_list":["post-2772","product","type-product","status-publish","has-post-thumbnail","hentry","product_cat-kaciki-zabaw","product_cat-landtoys","product_tag-atrakcje-dla-dzieci-warszawa","product_tag-cytaty-o-mamie","product_tag-kolysanki-dla-dzieci-tekst","product_tag-lol-kolorowanka","product_tag-stare-bajki"],"_links":{"self":[{"href":"http:\/\/klubmamgdynia.pl\/index.php\/wp-json\/wp\/v2\/product\/2772","targetHints":{"allow":["GET"]}}],"collection":[{"href":"http:\/\/klubmamgdynia.pl\/index.php\/wp-json\/wp\/v2\/product"}],"about":[{"href":"http:\/\/klubmamgdynia.pl\/index.php\/wp-json\/wp\/v2\/types\/product"}],"replies":[{"embeddable":true,"href":"http:\/\/klubmamgdynia.pl\/index.php\/wp-json\/wp\/v2\/comments?post=2772"}],"wp:featuredmedia":[{"embeddable":true,"href":"http:\/\/klubmamgdynia.pl\/index.php\/wp-json\/wp\/v2\/media\/2773"}],"wp:attachment":[{"href":"http:\/\/klubmamgdynia.pl\/index.php\/wp-json\/wp\/v2\/media?parent=2772"}],"wp:term":[{"taxonomy":"product_cat","embeddable":true,"href":"http:\/\/klubmamgdynia.pl\/index.php\/wp-json\/wp\/v2\/product_cat?post=2772"},{"taxonomy":"product_tag","embeddable":true,"href":"http:\/\/klubmamgdynia.pl\/index.php\/wp-json\/wp\/v2\/product_tag?post=2772"}],"curies":[{"name":"wp","href":"https:\/\/api.w.org\/{rel}","templated":true}]}}