{"id":2774,"date":"2022-08-11T18:59:45","date_gmt":"2022-08-11T16:59:45","guid":{"rendered":"http:\/\/klubmamgdynia.pl\/index.php\/produkt\/kiddymoon-suchy-basen-trojkatny-z-pileczkami-7cm-piankowy-ciemnoszary-bialy-szary-czarny-zloty-16950435\/"},"modified":"2026-04-29T18:17:11","modified_gmt":"2026-04-29T16:17:11","slug":"kiddymoon-suchy-basen-trojkatny-z-pileczkami-7cm-piankowy-ciemnoszary-bialy-szary-czarny-zloty-16950435","status":"publish","type":"product","link":"http:\/\/klubmamgdynia.pl\/index.php\/produkt\/kiddymoon-suchy-basen-trojkatny-z-pileczkami-7cm-piankowy-ciemnoszary-bialy-szary-czarny-zloty-16950435\/","title":{"rendered":"Kiddymoon Suchy basen tr\u00f3jk\u0105tny z pi\u0142eczkami 7cm piankowy ciemnoszary bia\u0142y-szary-czarny-z\u0142oty (16950435)"},"content":{"rendered":"<p>Piankowy sensoryczny basen KiddyMoon to niesamowita zabawa dla Twojego dziecka!!! Z racji na sw\u00f3j kszta\u0142t i kolor daje du\u017co mo\u017cliwo\u015bci aran\u017cacyjnych wpasowuj\u0105c si\u0119 we wn\u0119trza zar\u00f3wno nowoczesne jak i klasyczne, pokoju dziecka jak i salonu. Charakteru nadaj\u0105 mu kolorystycznie dobrane wedle usposobienia i upodoba\u0144 dziecka pi\u0142eczki, kt\u00f3re razem tworz\u0105 integralne gotowe zestawy. Dzi\u0119ki \u017cywym kolorom basen jest r\u00f3wnie\u017c niezwykle przydatny w terapii integracji sensorycznej Twojego malucha &#8211; pozytywnie wp\u0142ywa na jego zdolno\u015bci wzrokowe, manualne i og\u00f3lny rozw\u00f3j dziecka.W\u0142a\u015bciwo\u015bci basenu:- idealny zar\u00f3wno do zabawy jak i w rozwoju i terapii integracji sensorycznej- produkt solidny i trwa\u0142y, odporny na uszkodzenia w ca\u0142o\u015bci wykonany z najwy\u017cszej jako\u015bci pianki- pokryty pokrowcem wykonanym z przyjemnej w dotyku dzianiny w wielu atrakcyjnych kolorach- zdejmowany pokrowiec, zapinany na zamek b\u0142yskawiczny umo\u017cliwia upranie go w pralce (pranie w 30\u00b0C), dzi\u0119ki czemu produkt pozostaje d\u0142ugo schludny i atrakcyjnySk\u0142ad: 42% bawe\u0142na, 50% poliester, 8% elastan.Wymiary basenu:- okr\u0105g\u0142y o \u015brednicy: 90 cm i wysoko\u015bci 30 cm- stabilne boki o grubo\u015bci 5 cm oraz dno wykonane z pianki.W zestawie z suchym basenem znajduje si\u0119 200 lub 300 sztuk kolorowych bezpiecznych dla dzieci pi\u0142eczek o \u015brednicy 7 cm. Pi\u0142eczki wyprodukowane s\u0105 w Europie z nietoksycznego materia\u0142u. Posiadaj\u0105 certyfikat CE. Przyjemne i lekkie a zarazem elastyczne i odporne na zniekszta\u0142cenia : po \u015bci\u015bni\u0119ciu odzyskuj\u0105 sw\u00f3j pierwotny kszta\u0142t nie robi\u0105c dziecku krzywdy.Sk\u0142ad pi\u0142eczek: 100% polietylen.Baseny oraz pi\u0142eczki KiddyMoon s\u0105 produkowane wy\u0142\u0105cznie z atestowanych, wysokiej jako\u015bci materia\u0142\u00f3w.Zabawa powinna odbywa\u0107 si\u0119 pod opiek\u0105 osoby doros\u0142ej.<\/p>\n<h2>Kiddymoon Suchy basen tr\u00f3jk\u0105tny z pi\u0142eczkami 7cm piankowy ciemnoszary bia\u0142y-szary-czarny-z\u0142oty (16950435) KiddyMoon<\/h2>\n<p>testy na znaki drogowe, zagadki dla dzieci 6 lat, zagadki dla dzieci 7-8 lat, zagadki \u015bmieszne, zabawki na roczek dla ch\u0142opca, andrzejki dekoracje do druku, opis do zdj\u0119cia dziecka, bajka terapeutyczna o dokuczaniu<\/p>\n<p>yyyyy<\/p>\n<p>&nbsp;<\/p>\n","protected":false},"excerpt":{"rendered":"<p>Piankowy sensoryczny basen KiddyMoon to niesamowita zabawa dla Twojego dziecka!!! Z racji na sw\u00f3j kszta\u0142t i kolor daje du\u017co mo\u017cliwo\u015bci aran\u017cacyjnych wpasowuj\u0105c si\u0119 we wn\u0119trza zar\u00f3wno nowoczesne jak i klasyczne, pokoju dziecka jak i salonu. Charakteru nadaj\u0105 mu kolorystycznie dobrane wedle usposobienia i upodoba\u0144 dziecka pi\u0142eczki, kt\u00f3re razem tworz\u0105 integralne gotowe zestawy. Dzi\u0119ki \u017cywym kolorom [&hellip;]<\/p>\n","protected":false},"featured_media":2775,"comment_status":"closed","ping_status":"open","template":"","meta":[],"product_cat":[922,346],"product_tag":[797,613,614],"class_list":["post-2774","product","type-product","status-publish","has-post-thumbnail","hentry","product_cat-baseny-dla-dzieci","product_cat-kiddymoon","product_tag-kiekrz","product_tag-na-wyspach-bergamutach","product_tag-pia"],"_links":{"self":[{"href":"http:\/\/klubmamgdynia.pl\/index.php\/wp-json\/wp\/v2\/product\/2774","targetHints":{"allow":["GET"]}}],"collection":[{"href":"http:\/\/klubmamgdynia.pl\/index.php\/wp-json\/wp\/v2\/product"}],"about":[{"href":"http:\/\/klubmamgdynia.pl\/index.php\/wp-json\/wp\/v2\/types\/product"}],"replies":[{"embeddable":true,"href":"http:\/\/klubmamgdynia.pl\/index.php\/wp-json\/wp\/v2\/comments?post=2774"}],"wp:featuredmedia":[{"embeddable":true,"href":"http:\/\/klubmamgdynia.pl\/index.php\/wp-json\/wp\/v2\/media\/2775"}],"wp:attachment":[{"href":"http:\/\/klubmamgdynia.pl\/index.php\/wp-json\/wp\/v2\/media?parent=2774"}],"wp:term":[{"taxonomy":"product_cat","embeddable":true,"href":"http:\/\/klubmamgdynia.pl\/index.php\/wp-json\/wp\/v2\/product_cat?post=2774"},{"taxonomy":"product_tag","embeddable":true,"href":"http:\/\/klubmamgdynia.pl\/index.php\/wp-json\/wp\/v2\/product_tag?post=2774"}],"curies":[{"name":"wp","href":"https:\/\/api.w.org\/{rel}","templated":true}]}}