{"id":2778,"date":"2012-07-06T23:59:44","date_gmt":"2012-07-06T21:59:44","guid":{"rendered":"http:\/\/klubmamgdynia.pl\/index.php\/produkt\/ikea-lattsam-wanienka\/"},"modified":"2026-05-17T22:57:29","modified_gmt":"2026-05-17T20:57:29","slug":"ikea-lattsam-wanienka","status":"publish","type":"product","link":"http:\/\/klubmamgdynia.pl\/index.php\/produkt\/ikea-lattsam-wanienka\/","title":{"rendered":"Ikea Lattsam Wanienka"},"content":{"rendered":"<p>Ikea wanienka wanna dla dzieci antypo\u015blizgowa biel<\/p>\n<h2>Ikea Lattsam Wanienka Ikea<\/h2>\n<p>test z lektury ania z zielonego wzg\u00f3rza klasa 6 z odpowiedziami, darmowe quizy, twarz wiosny do druku, posz\u0142a ola na spacerek, zagadki przyrodnicze, szlaczki dla dzieci, nowe quizy do rozwi\u0105zania<\/p>\n<p>yyyyy<\/p>\n<p>&nbsp;<\/p>\n","protected":false},"excerpt":{"rendered":"<p>Ikea wanienka wanna dla dzieci antypo\u015blizgowa biel Ikea Lattsam Wanienka Ikea test z lektury ania z zielonego wzg\u00f3rza klasa 6 z odpowiedziami, darmowe quizy, twarz wiosny do druku, posz\u0142a ola na spacerek, zagadki przyrodnicze, szlaczki dla dzieci, nowe quizy do rozwi\u0105zania yyyyy &nbsp;<\/p>\n","protected":false},"featured_media":2779,"comment_status":"closed","ping_status":"open","template":"","meta":[],"product_cat":[979,958],"product_tag":[583,752,842,678,609,606],"class_list":["post-2778","product","type-product","status-publish","has-post-thumbnail","hentry","product_cat-ikea","product_cat-komody-kapielowe-wanienki-i-przewijaki","product_tag-kolysanki-dla-dzieci-tekst","product_tag-kuba-imie","product_tag-plac-zabaw-poznan","product_tag-prezent-na-roczek-dla-dziewczynki","product_tag-quiz-flagi-europy","product_tag-stala-pod-sniegiem"],"_links":{"self":[{"href":"http:\/\/klubmamgdynia.pl\/index.php\/wp-json\/wp\/v2\/product\/2778","targetHints":{"allow":["GET"]}}],"collection":[{"href":"http:\/\/klubmamgdynia.pl\/index.php\/wp-json\/wp\/v2\/product"}],"about":[{"href":"http:\/\/klubmamgdynia.pl\/index.php\/wp-json\/wp\/v2\/types\/product"}],"replies":[{"embeddable":true,"href":"http:\/\/klubmamgdynia.pl\/index.php\/wp-json\/wp\/v2\/comments?post=2778"}],"wp:featuredmedia":[{"embeddable":true,"href":"http:\/\/klubmamgdynia.pl\/index.php\/wp-json\/wp\/v2\/media\/2779"}],"wp:attachment":[{"href":"http:\/\/klubmamgdynia.pl\/index.php\/wp-json\/wp\/v2\/media?parent=2778"}],"wp:term":[{"taxonomy":"product_cat","embeddable":true,"href":"http:\/\/klubmamgdynia.pl\/index.php\/wp-json\/wp\/v2\/product_cat?post=2778"},{"taxonomy":"product_tag","embeddable":true,"href":"http:\/\/klubmamgdynia.pl\/index.php\/wp-json\/wp\/v2\/product_tag?post=2778"}],"curies":[{"name":"wp","href":"https:\/\/api.w.org\/{rel}","templated":true}]}}