{"id":2780,"date":"2011-06-20T11:04:50","date_gmt":"2011-06-20T09:04:50","guid":{"rendered":"http:\/\/klubmamgdynia.pl\/index.php\/produkt\/klups-komoda-iwo-bialy\/"},"modified":"2026-05-01T11:56:14","modified_gmt":"2026-05-01T09:56:14","slug":"klups-komoda-iwo-bialy","status":"publish","type":"product","link":"http:\/\/klubmamgdynia.pl\/index.php\/produkt\/klups-komoda-iwo-bialy\/","title":{"rendered":"Klup\u015b Komoda Iwo Bia\u0142y"},"content":{"rendered":"<p>Komoda Klup\u015b z przewijakiem Kolekcja Iwo Nowe meble kolekcji IWO firmy Klup\u015b, charakteryzuj\u0105 si\u0119 ponadczasowym, eleganckim, uniwersalnym wzornictwem. Po\u0142\u0105czenie klasycznej bieli z naturalnym drewnem nadaje im stylu. Opis produktu: wymiar:bez przewijaka: 89x84x55 cmz przewijakiem: 96x84x72 cmmiejsce na przewijak ma wymiary 70 x 48 cm malowany MDF + drewno sosnowe + p\u0142yta wi\u00f3rowa Wi\u0119cej o produkcie:\u0141atwa i szybka mo\u017cliwo\u015b\u0107 monta\u017cu nak\u0142adki na komod\u0119.<\/p>\n<h2>Klup\u015b Komoda Iwo Bia\u0142y Klup\u015b<\/h2>\n<p>\u0142ama\u0144ce j\u0119zykowe dla dzieci, zagadki wielkanocne do druku, pomys\u0142y na pakowanie prezent\u00f3w, kr\u00f3tkie zagadki matematyczne z odpowiedziami, pozytywne cytaty mama cytaty, lucjan imi\u0119, ko\u0142ysanki dla dzieci tekst<\/p>\n<p>yyyyy<\/p>\n<p>&nbsp;<\/p>\n","protected":false},"excerpt":{"rendered":"<p>Komoda Klup\u015b z przewijakiem Kolekcja Iwo Nowe meble kolekcji IWO firmy Klup\u015b, charakteryzuj\u0105 si\u0119 ponadczasowym, eleganckim, uniwersalnym wzornictwem. Po\u0142\u0105czenie klasycznej bieli z naturalnym drewnem nadaje im stylu. Opis produktu: wymiar:bez przewijaka: 89x84x55 cmz przewijakiem: 96x84x72 cmmiejsce na przewijak ma wymiary 70 x 48 cm malowany MDF + drewno sosnowe + p\u0142yta wi\u00f3rowa Wi\u0119cej o produkcie:\u0141atwa [&hellip;]<\/p>\n","protected":false},"featured_media":2781,"comment_status":"closed","ping_status":"open","template":"","meta":[],"product_cat":[957,958],"product_tag":[801,697,618,767],"class_list":["post-2780","product","type-product","status-publish","has-post-thumbnail","hentry","product_cat-klups","product_cat-komody-kapielowe-wanienki-i-przewijaki","product_tag-bajki-terapeutyczne-o-emocjach","product_tag-krotkie-bajki-do-czytania","product_tag-lato-lato-lato-czeka-tekst","product_tag-zaproszenia-urodzinowe-do-druku"],"_links":{"self":[{"href":"http:\/\/klubmamgdynia.pl\/index.php\/wp-json\/wp\/v2\/product\/2780","targetHints":{"allow":["GET"]}}],"collection":[{"href":"http:\/\/klubmamgdynia.pl\/index.php\/wp-json\/wp\/v2\/product"}],"about":[{"href":"http:\/\/klubmamgdynia.pl\/index.php\/wp-json\/wp\/v2\/types\/product"}],"replies":[{"embeddable":true,"href":"http:\/\/klubmamgdynia.pl\/index.php\/wp-json\/wp\/v2\/comments?post=2780"}],"wp:featuredmedia":[{"embeddable":true,"href":"http:\/\/klubmamgdynia.pl\/index.php\/wp-json\/wp\/v2\/media\/2781"}],"wp:attachment":[{"href":"http:\/\/klubmamgdynia.pl\/index.php\/wp-json\/wp\/v2\/media?parent=2780"}],"wp:term":[{"taxonomy":"product_cat","embeddable":true,"href":"http:\/\/klubmamgdynia.pl\/index.php\/wp-json\/wp\/v2\/product_cat?post=2780"},{"taxonomy":"product_tag","embeddable":true,"href":"http:\/\/klubmamgdynia.pl\/index.php\/wp-json\/wp\/v2\/product_tag?post=2780"}],"curies":[{"name":"wp","href":"https:\/\/api.w.org\/{rel}","templated":true}]}}