{"id":2782,"date":"2014-06-13T04:00:55","date_gmt":"2014-06-13T02:00:55","guid":{"rendered":"http:\/\/klubmamgdynia.pl\/index.php\/produkt\/clementoni-puzzle-1000el-panaroama-disney-classics\/"},"modified":"2026-04-05T04:41:41","modified_gmt":"2026-04-05T02:41:41","slug":"clementoni-puzzle-1000el-panaroama-disney-classics","status":"publish","type":"product","link":"http:\/\/klubmamgdynia.pl\/index.php\/produkt\/clementoni-puzzle-1000el-panaroama-disney-classics\/","title":{"rendered":"Clementoni Puzzle 1000El. Panaroama Disney Classics"},"content":{"rendered":"<p>Puzzle 1000 element\u00f3w Panorama Collection Disney Classics Puzzle Clementoni towarzysz\u0105 dziecku w ka\u017cdej fazie jego wzrostu, pomagaj\u0105c mu rozwija\u0107 zr\u0119czno\u015b\u0107 manualn\u0105 i zmys\u0142 obserwacji.Jako\u015b\u0107 materia\u0142\u00f3w i wyj\u0105tkowa technika druku gwarantuj\u0105, \u017ce ilustracje bed\u0105 zawsze pi\u0119kne, \u017cywe i b\u0142yszcz\u0105ce, a zabawa nigdy si\u0119 nie znudzi.<\/p>\n<h2>Clementoni Puzzle 1000El. Panaroama Disney Classics Clementoni<\/h2>\n<p>bianka, ida swieta wielkanocne ida swieta, sentencje napisy cytaty o rodzinie, jak narysowa\u0107, podchwytliwe zagadki na inteligencj\u0119, quizy miko\u0142ajek, everest psi patrol, bajki dla dzieci za darmo, zaproszenia urodzinowe do druku, podchwytliwe zagadki dla dzieci, \u017cyczenia bo\u017ce narodzenie oryginalne<\/p>\n<p>yyyyy<\/p>\n<p>&nbsp;<\/p>\n","protected":false},"excerpt":{"rendered":"<p>Puzzle 1000 element\u00f3w Panorama Collection Disney Classics Puzzle Clementoni towarzysz\u0105 dziecku w ka\u017cdej fazie jego wzrostu, pomagaj\u0105c mu rozwija\u0107 zr\u0119czno\u015b\u0107 manualn\u0105 i zmys\u0142 obserwacji.Jako\u015b\u0107 materia\u0142\u00f3w i wyj\u0105tkowa technika druku gwarantuj\u0105, \u017ce ilustracje bed\u0105 zawsze pi\u0119kne, \u017cywe i b\u0142yszcz\u0105ce, a zabawa nigdy si\u0119 nie znudzi. Clementoni Puzzle 1000El. Panaroama Disney Classics Clementoni bianka, ida swieta wielkanocne [&hellip;]<\/p>\n","protected":false},"featured_media":2783,"comment_status":"closed","ping_status":"open","template":"","meta":[],"product_cat":[163,90],"product_tag":[761,844,813,803,725],"class_list":["post-2782","product","type-product","status-publish","has-post-thumbnail","hentry","product_cat-clementoni","product_cat-puzzle","product_tag-choinko-piekna-jak-las-tekst","product_tag-co-kupic-na-roczek","product_tag-krotkie-zagadki-matematyczne-z-odpowiedziami","product_tag-szlaczki-do-druku","product_tag-zgadywanki"],"_links":{"self":[{"href":"http:\/\/klubmamgdynia.pl\/index.php\/wp-json\/wp\/v2\/product\/2782","targetHints":{"allow":["GET"]}}],"collection":[{"href":"http:\/\/klubmamgdynia.pl\/index.php\/wp-json\/wp\/v2\/product"}],"about":[{"href":"http:\/\/klubmamgdynia.pl\/index.php\/wp-json\/wp\/v2\/types\/product"}],"replies":[{"embeddable":true,"href":"http:\/\/klubmamgdynia.pl\/index.php\/wp-json\/wp\/v2\/comments?post=2782"}],"wp:featuredmedia":[{"embeddable":true,"href":"http:\/\/klubmamgdynia.pl\/index.php\/wp-json\/wp\/v2\/media\/2783"}],"wp:attachment":[{"href":"http:\/\/klubmamgdynia.pl\/index.php\/wp-json\/wp\/v2\/media?parent=2782"}],"wp:term":[{"taxonomy":"product_cat","embeddable":true,"href":"http:\/\/klubmamgdynia.pl\/index.php\/wp-json\/wp\/v2\/product_cat?post=2782"},{"taxonomy":"product_tag","embeddable":true,"href":"http:\/\/klubmamgdynia.pl\/index.php\/wp-json\/wp\/v2\/product_tag?post=2782"}],"curies":[{"name":"wp","href":"https:\/\/api.w.org\/{rel}","templated":true}]}}