{"id":2784,"date":"2023-11-02T16:04:21","date_gmt":"2023-11-02T15:04:21","guid":{"rendered":"http:\/\/klubmamgdynia.pl\/?post_type=product&#038;p=2784"},"modified":"2026-04-30T02:02:31","modified_gmt":"2026-04-30T00:02:31","slug":"fridababy-nosefrida-aspirator-do-nosa-1szt","status":"publish","type":"product","link":"http:\/\/klubmamgdynia.pl\/index.php\/produkt\/fridababy-nosefrida-aspirator-do-nosa-1szt\/","title":{"rendered":"Fridababy Nosefrida Aspirator Do Nosa 1Szt."},"content":{"rendered":"<p>Aspirator do nosa NoseFrida\u00ae skutecznie zmniejsza ilo\u015b\u0107 wydzieliny wnosie, a przez to u\u0142atwia oddychanie, jedzenie i redukuje problemy zesnem u dzieci cierpi\u0105cych na infekcje g\u00f3rnych dr\u00f3g oddechowych.<\/p>\n<h2>Fridababy Nosefrida Aspirator Do Nosa 1Szt. Frida<\/h2>\n<p>co\u015b dla nastolatk\u00f3w, prezenty na 1 roczek, zwierz\u0119ta z plasteliny, test z lektury opowie\u015bci z narnii lew czarownica i stara szafa, opowie\u015bci z narnii lew czarownica i stara szafa test do wydruku, aron, hobbit, buziak gify na dobranoc smieszne, mia, cytaty o mamie, elzbieta imie, zabawka na roczek dla dziewczynki, zagadki walentynkowe, co na roczek<\/p>\n<p>yyyyy<\/p>\n<p>&nbsp;<\/p>\n","protected":false},"excerpt":{"rendered":"<p>Aspirator do nosa NoseFrida\u00ae skutecznie zmniejsza ilo\u015b\u0107 wydzieliny wnosie, a przez to u\u0142atwia oddychanie, jedzenie i redukuje problemy zesnem u dzieci cierpi\u0105cych na infekcje g\u00f3rnych dr\u00f3g oddechowych. Fridababy Nosefrida Aspirator Do Nosa 1Szt. Frida co\u015b dla nastolatk\u00f3w, prezenty na 1 roczek, zwierz\u0119ta z plasteliny, test z lektury opowie\u015bci z narnii lew czarownica i stara szafa, [&hellip;]<\/p>\n","protected":false},"featured_media":2785,"comment_status":"closed","ping_status":"open","template":"","meta":[],"product_cat":[953,956],"product_tag":[640,782,800,604],"class_list":["post-2784","product","type-product","status-publish","has-post-thumbnail","hentry","product_cat-aspiratory-i-gruszki-do-nosa","product_cat-frida","product_tag-prezent-dla-rocznej-dziewczynki","product_tag-zagadki-dla-dzieci-z-odpowiedziami","product_tag-zagadki-smieszne","product_tag-zagadki-trudne"],"_links":{"self":[{"href":"http:\/\/klubmamgdynia.pl\/index.php\/wp-json\/wp\/v2\/product\/2784","targetHints":{"allow":["GET"]}}],"collection":[{"href":"http:\/\/klubmamgdynia.pl\/index.php\/wp-json\/wp\/v2\/product"}],"about":[{"href":"http:\/\/klubmamgdynia.pl\/index.php\/wp-json\/wp\/v2\/types\/product"}],"replies":[{"embeddable":true,"href":"http:\/\/klubmamgdynia.pl\/index.php\/wp-json\/wp\/v2\/comments?post=2784"}],"wp:featuredmedia":[{"embeddable":true,"href":"http:\/\/klubmamgdynia.pl\/index.php\/wp-json\/wp\/v2\/media\/2785"}],"wp:attachment":[{"href":"http:\/\/klubmamgdynia.pl\/index.php\/wp-json\/wp\/v2\/media?parent=2784"}],"wp:term":[{"taxonomy":"product_cat","embeddable":true,"href":"http:\/\/klubmamgdynia.pl\/index.php\/wp-json\/wp\/v2\/product_cat?post=2784"},{"taxonomy":"product_tag","embeddable":true,"href":"http:\/\/klubmamgdynia.pl\/index.php\/wp-json\/wp\/v2\/product_tag?post=2784"}],"curies":[{"name":"wp","href":"https:\/\/api.w.org\/{rel}","templated":true}]}}