{"id":2786,"date":"2015-12-21T03:17:15","date_gmt":"2015-12-21T02:17:15","guid":{"rendered":"http:\/\/klubmamgdynia.pl\/index.php\/produkt\/klups-lozeczko-felix-bialy-z-szuflada-i-barierka-120x60\/"},"modified":"2026-04-19T07:49:38","modified_gmt":"2026-04-19T05:49:38","slug":"klups-lozeczko-felix-bialy-z-szuflada-i-barierka-120x60","status":"publish","type":"product","link":"http:\/\/klubmamgdynia.pl\/index.php\/produkt\/klups-lozeczko-felix-bialy-z-szuflada-i-barierka-120x60\/","title":{"rendered":"Klup\u015b \u0141\u00f3\u017ceczko FELIX bia\u0142y z szuflad\u0105 i barierk\u0105 120&#215;60"},"content":{"rendered":"<p>Wymiary:wewn\u0119trzny: 120 x 60 cmzewn\u0119trzny: 124 x 65 x 93 cmwysoko\u015b\u0107 dna (od pod\u0142o\u017ca): 54 cm 39 cm 24 cmmalowany MDF + drewno sosnoweCechy i funkcje:3 poziomy wysoko\u015bci dna \u0142\u00f3\u017ceczkaWyci\u0105gane szczebleNak\u0142adki ochronne na g\u00f3rn\u0105 listw\u0119Lakierowane wodnymi farbami ekoDrewno sosnowe wyselekcjonowane zostaje ju\u017c na etapie ci\u0119cia w tartaku, dzi\u0119ki czemu przyje\u017cd\u017ca do nas tylko oznaczone gatunkiem pierwszym.Kolejnym etapem selekcji zajmuj\u0105 si\u0119 ju\u017c nasi zaufani ludzie za..<\/p>\n<h2>Klup\u015b \u0141\u00f3\u017ceczko FELIX bia\u0142y z szuflad\u0105 i barierk\u0105 120&#215;60 Klup\u015b<\/h2>\n<p>wiersz o marzannie, filmy rodzinne na halloween, kotek kolorowanka, sentencja dla dziecka, samochwa\u0142a<\/p>\n<p>yyyyy<\/p>\n<p>&nbsp;<\/p>\n","protected":false},"excerpt":{"rendered":"<p>Wymiary:wewn\u0119trzny: 120 x 60 cmzewn\u0119trzny: 124 x 65 x 93 cmwysoko\u015b\u0107 dna (od pod\u0142o\u017ca): 54 cm 39 cm 24 cmmalowany MDF + drewno sosnoweCechy i funkcje:3 poziomy wysoko\u015bci dna \u0142\u00f3\u017ceczkaWyci\u0105gane szczebleNak\u0142adki ochronne na g\u00f3rn\u0105 listw\u0119Lakierowane wodnymi farbami ekoDrewno sosnowe wyselekcjonowane zostaje ju\u017c na etapie ci\u0119cia w tartaku, dzi\u0119ki czemu przyje\u017cd\u017ca do nas tylko oznaczone gatunkiem [&hellip;]<\/p>\n","protected":false},"featured_media":2787,"comment_status":"closed","ping_status":"open","template":"","meta":[],"product_cat":[957,935],"product_tag":[660,844,630,695],"class_list":["post-2786","product","type-product","status-publish","has-post-thumbnail","hentry","product_cat-klups","product_cat-lozeczka-dzieciece","product_tag-bianka","product_tag-co-kupic-na-roczek","product_tag-podchwytliwe-zagadki-z-odpowiedziami","product_tag-rzadkie-imiona-zenskie"],"_links":{"self":[{"href":"http:\/\/klubmamgdynia.pl\/index.php\/wp-json\/wp\/v2\/product\/2786","targetHints":{"allow":["GET"]}}],"collection":[{"href":"http:\/\/klubmamgdynia.pl\/index.php\/wp-json\/wp\/v2\/product"}],"about":[{"href":"http:\/\/klubmamgdynia.pl\/index.php\/wp-json\/wp\/v2\/types\/product"}],"replies":[{"embeddable":true,"href":"http:\/\/klubmamgdynia.pl\/index.php\/wp-json\/wp\/v2\/comments?post=2786"}],"wp:featuredmedia":[{"embeddable":true,"href":"http:\/\/klubmamgdynia.pl\/index.php\/wp-json\/wp\/v2\/media\/2787"}],"wp:attachment":[{"href":"http:\/\/klubmamgdynia.pl\/index.php\/wp-json\/wp\/v2\/media?parent=2786"}],"wp:term":[{"taxonomy":"product_cat","embeddable":true,"href":"http:\/\/klubmamgdynia.pl\/index.php\/wp-json\/wp\/v2\/product_cat?post=2786"},{"taxonomy":"product_tag","embeddable":true,"href":"http:\/\/klubmamgdynia.pl\/index.php\/wp-json\/wp\/v2\/product_tag?post=2786"}],"curies":[{"name":"wp","href":"https:\/\/api.w.org\/{rel}","templated":true}]}}