{"id":2788,"date":"2021-09-25T13:54:06","date_gmt":"2021-09-25T11:54:06","guid":{"rendered":"http:\/\/klubmamgdynia.pl\/index.php\/produkt\/klups-przewijak-twardy-pt80-popiel-bialy-186-misiowe-sny-80x50-cm\/"},"modified":"2026-04-28T11:07:14","modified_gmt":"2026-04-28T09:07:14","slug":"klups-przewijak-twardy-pt80-popiel-bialy-186-misiowe-sny-80x50-cm","status":"publish","type":"product","link":"http:\/\/klubmamgdynia.pl\/index.php\/produkt\/klups-przewijak-twardy-pt80-popiel-bialy-186-misiowe-sny-80x50-cm\/","title":{"rendered":"Klup\u015b Przewijak Twardy Pt80 Popiel-Bia\u0142y 186 Misiowe Sny 80X50 Cm"},"content":{"rendered":"<p>Przewijak twardy PT80 Klup\u015b 80&#215;50 be\u017c-bia\u0142y 185 Misiowe Sny PT80 przewijak twardy o d\u0142ugo\u015bci 80 cm do montowania na \u0142\u00f3\u017ceczku o wymiarach 140\u00d770 Rodzaj przewijaka: Opis produktu: przewijak s\u0142u\u017cy do codziennej piel\u0119gnacji niemowl\u0119cia pokryty jest bezpieczn\u0105 dla sk\u00f3ry dziecka foli\u0105 nie zawieraj\u0105c\u0105 ftalan\u00f3w boki przewijak\u00f3w zosta\u0142y specjalnie wyprofilowane co zabezpiecza maluszka przed zsuni\u0119ciem si\u0119 z przewijaka przewijak z usztywnieniem posiada st\u00f3pki zabezpieczaj\u0105ce przed zsuni\u0119ciem si\u0119 z ramy \u0142\u00f3\u017ceczka<\/p>\n<h2>Klup\u015b Przewijak Twardy Pt80 Popiel-Bia\u0142y 186 Misiowe Sny 80X50 Cm Klup\u015b<\/h2>\n<p>imie aron, maski superbohater\u00f3w do wydrukowania, \u015bw przemys\u0142aw, wiersze o wio\u015bnie jana brzechwy, sonia imi\u0119, teksty ko\u0142ysanek, kuku\u0142eczka kuka tekst, jak narysowa\u0107 nos<\/p>\n<p>yyyyy<\/p>\n<p>&nbsp;<\/p>\n","protected":false},"excerpt":{"rendered":"<p>Przewijak twardy PT80 Klup\u015b 80&#215;50 be\u017c-bia\u0142y 185 Misiowe Sny PT80 przewijak twardy o d\u0142ugo\u015bci 80 cm do montowania na \u0142\u00f3\u017ceczku o wymiarach 140\u00d770 Rodzaj przewijaka: Opis produktu: przewijak s\u0142u\u017cy do codziennej piel\u0119gnacji niemowl\u0119cia pokryty jest bezpieczn\u0105 dla sk\u00f3ry dziecka foli\u0105 nie zawieraj\u0105c\u0105 ftalan\u00f3w boki przewijak\u00f3w zosta\u0142y specjalnie wyprofilowane co zabezpiecza maluszka przed zsuni\u0119ciem si\u0119 z [&hellip;]<\/p>\n","protected":false},"featured_media":2789,"comment_status":"closed","ping_status":"open","template":"","meta":[],"product_cat":[957,958],"product_tag":[848,781,683,736,733],"class_list":["post-2788","product","type-product","status-publish","has-post-thumbnail","hentry","product_cat-klups","product_cat-komody-kapielowe-wanienki-i-przewijaki","product_tag-cytat-o-rodzinie","product_tag-cytaty-o-wychowaniu-dzieci","product_tag-karaluchy-pod-poduchy","product_tag-zabawki-na-roczek","product_tag-zarty-na-prima-aprilis"],"_links":{"self":[{"href":"http:\/\/klubmamgdynia.pl\/index.php\/wp-json\/wp\/v2\/product\/2788","targetHints":{"allow":["GET"]}}],"collection":[{"href":"http:\/\/klubmamgdynia.pl\/index.php\/wp-json\/wp\/v2\/product"}],"about":[{"href":"http:\/\/klubmamgdynia.pl\/index.php\/wp-json\/wp\/v2\/types\/product"}],"replies":[{"embeddable":true,"href":"http:\/\/klubmamgdynia.pl\/index.php\/wp-json\/wp\/v2\/comments?post=2788"}],"wp:featuredmedia":[{"embeddable":true,"href":"http:\/\/klubmamgdynia.pl\/index.php\/wp-json\/wp\/v2\/media\/2789"}],"wp:attachment":[{"href":"http:\/\/klubmamgdynia.pl\/index.php\/wp-json\/wp\/v2\/media?parent=2788"}],"wp:term":[{"taxonomy":"product_cat","embeddable":true,"href":"http:\/\/klubmamgdynia.pl\/index.php\/wp-json\/wp\/v2\/product_cat?post=2788"},{"taxonomy":"product_tag","embeddable":true,"href":"http:\/\/klubmamgdynia.pl\/index.php\/wp-json\/wp\/v2\/product_tag?post=2788"}],"curies":[{"name":"wp","href":"https:\/\/api.w.org\/{rel}","templated":true}]}}