{"id":279,"date":"2017-04-05T21:40:18","date_gmt":"2017-04-05T19:40:18","guid":{"rendered":"http:\/\/klubmamgdynia.pl\/index.php\/produkt\/makita-z-1-4-li-ion-3-6v-df001dw\/"},"modified":"2026-05-02T11:29:00","modified_gmt":"2026-05-02T09:29:00","slug":"makita-z-1-4-li-ion-3-6v-df001dw","status":"publish","type":"product","link":"http:\/\/klubmamgdynia.pl\/index.php\/produkt\/makita-z-1-4-li-ion-3-6v-df001dw\/","title":{"rendered":"Makita Z 1\/4 Li-Ion 3.6V Df001Dw"},"content":{"rendered":"<p>Makita DF001DW to urz\u0105dzenie bezprzewodowe, kt\u00f3re pozwala na wygodn\u0105 zmian\u0119 kierunku pracy. Idealnie nadaje si\u0119 do skr\u0119cania mebli czy wi\u0119kszych urz\u0105dze\u0144. Kompaktowe wymiary oraz waga nieprzekraczaj\u0105ca 400 gram\u00f3w sprawiaj\u0105, \u017ce \u015bwietnie sprawdza si\u0119 w trudnodost\u0119pnych miejscach oraz przy d\u0142ugiej pracy.Typ narz\u0119dzia: wkr\u0119tarka akumulatorowaTyp baterii: Li-IonLiczba baterii: 1Pojemno\u015b\u0107 baterii (mAh): 1500Przeno\u015bny pakiet: TAKO\u015bwietlenie: TAKKontrola pr\u0119dko\u015bci: NIEBardzo lekki i praktyczny siewnikMo\u017cliwo\u015b\u0107 zmiany k\u0105ta uchwytuJedna pr\u0119dko\u015b\u0107 z automatyczn\u0105 blokad\u0105 wrzecionaCzas \u0142adowania 3-5 godzinErgonomicznie ukszta\u0142towany gumowy uchwytSamodzielne o\u015bwietlenie pulpitu LEDW zestawie:Skrzynia transportowa81-cz\u0119\u015bciowy zestaw akcesori\u00f3wBateria 3.6 \/ 1.5Ah (zintegrowana)\u0141adowarkaParametry techniczne:Pr\u0119dko\u015b\u0107 obrotowa biegu ja\u0142owego: 220 min-1Zaciskanie \/ chwyt sze\u015bciok\u0105tny Rozmiar: 1\/4 &#8222;Akumulator: litowo-jonowy 3.6VWaga: 0,36 kgWymiary (DxSxW): 287 x 47 x 51 mm<\/p>\n<h2>Makita Z 1\/4 Li-Ion 3.6V Df001Dw Makita<\/h2>\n<p>zagadka matematyczna, karnawa\u0142 maska karnawa\u0142owa szablon, cytat dla mamy, kolorowanka lego friends, weso\u0142e pisanki tekst<\/p>\n<p>yyyyy<\/p>\n<p>&nbsp;<\/p>\n","protected":false},"excerpt":{"rendered":"<p>Makita DF001DW to urz\u0105dzenie bezprzewodowe, kt\u00f3re pozwala na wygodn\u0105 zmian\u0119 kierunku pracy. Idealnie nadaje si\u0119 do skr\u0119cania mebli czy wi\u0119kszych urz\u0105dze\u0144. Kompaktowe wymiary oraz waga nieprzekraczaj\u0105ca 400 gram\u00f3w sprawiaj\u0105, \u017ce \u015bwietnie sprawdza si\u0119 w trudnodost\u0119pnych miejscach oraz przy d\u0142ugiej pracy.Typ narz\u0119dzia: wkr\u0119tarka akumulatorowaTyp baterii: Li-IonLiczba baterii: 1Pojemno\u015b\u0107 baterii (mAh): 1500Przeno\u015bny pakiet: TAKO\u015bwietlenie: TAKKontrola pr\u0119dko\u015bci: NIEBardzo [&hellip;]<\/p>\n","protected":false},"featured_media":280,"comment_status":"closed","ping_status":"open","template":"","meta":[],"product_cat":[122,123],"product_tag":[740,683,638,840],"class_list":["post-279","product","type-product","status-publish","has-post-thumbnail","hentry","product_cat-makita","product_cat-wkretarki","product_tag-fajne-prezenty-dla-nastolatkow","product_tag-karaluchy-pod-poduchy","product_tag-miastodzieci","product_tag-stare-bajki"],"_links":{"self":[{"href":"http:\/\/klubmamgdynia.pl\/index.php\/wp-json\/wp\/v2\/product\/279","targetHints":{"allow":["GET"]}}],"collection":[{"href":"http:\/\/klubmamgdynia.pl\/index.php\/wp-json\/wp\/v2\/product"}],"about":[{"href":"http:\/\/klubmamgdynia.pl\/index.php\/wp-json\/wp\/v2\/types\/product"}],"replies":[{"embeddable":true,"href":"http:\/\/klubmamgdynia.pl\/index.php\/wp-json\/wp\/v2\/comments?post=279"}],"wp:featuredmedia":[{"embeddable":true,"href":"http:\/\/klubmamgdynia.pl\/index.php\/wp-json\/wp\/v2\/media\/280"}],"wp:attachment":[{"href":"http:\/\/klubmamgdynia.pl\/index.php\/wp-json\/wp\/v2\/media?parent=279"}],"wp:term":[{"taxonomy":"product_cat","embeddable":true,"href":"http:\/\/klubmamgdynia.pl\/index.php\/wp-json\/wp\/v2\/product_cat?post=279"},{"taxonomy":"product_tag","embeddable":true,"href":"http:\/\/klubmamgdynia.pl\/index.php\/wp-json\/wp\/v2\/product_tag?post=279"}],"curies":[{"name":"wp","href":"https:\/\/api.w.org\/{rel}","templated":true}]}}