{"id":2794,"date":"2018-11-17T08:24:52","date_gmt":"2018-11-17T07:24:52","guid":{"rendered":"http:\/\/klubmamgdynia.pl\/index.php\/produkt\/janod-kredki-do-kapieli-6-kolorow-z-gabka-3-j04725\/"},"modified":"2026-04-26T19:58:56","modified_gmt":"2026-04-26T17:58:56","slug":"janod-kredki-do-kapieli-6-kolorow-z-gabka-3-j04725","status":"publish","type":"product","link":"http:\/\/klubmamgdynia.pl\/index.php\/produkt\/janod-kredki-do-kapieli-6-kolorow-z-gabka-3-j04725\/","title":{"rendered":"Janod Kredki Do K\u0105pieli 6 Kolor\u00f3w Z G\u0105bk\u0105 3+ J04725"},"content":{"rendered":"<p>Janod Kredki Do K\u0105pieli 6 Kolor\u00f3w Z G\u0105bk\u0105                            <\/p>\n<p>a                            <\/p>\n<p>Kredki do k\u0105pieli francuskiej marki JANOD to 6 kolorowych sztyft\u00f3w (\u017c\u00f3\u0142ty, pomara\u0144czowy, czerwony, fioletowy, niebieski i zielony) w os\u0142onkach z tworzywa. Nadaj\u0105 si\u0119 do malowania po \u015bliskich powierzchniach, np. wannie czy kafelkach. \u0141atwo si\u0119 zmywaj\u0105. Do zestawu do\u0142\u0105czona jest urocza g\u0105bka w kszta\u0142cie u\u015bmiechni\u0119tej rozgwiazdy. Rysowanie to doskona\u0142y spos\u00f3b na wyciszenie i idealny umilacz czasu, sp\u0119dzanego w wannie. Zabawk\u0119 zaprojektowano we Francji. Zapakowane jest w estetyczne pude\u0142ko z uchwytem. Idealnie nadaje si\u0119 na prezent.Kolekcja do k\u0105pieli JANOD to seria pi\u0119knych wodoodpornych zabawek dla maluszk\u00f3w. Sk\u0142adaj\u0105 si\u0119 na ni\u0105 m.in. sympatyczne zwierzaczki, puzzle, \u0142\u00f3dki, a nawet artyku\u0142y plastyczne. Dzi\u0119ki nim czas k\u0105pieli jest zawsze wype\u0142niony rado\u015bci\u0105 i eksperymentami, a przy tym rozbudza dzieci\u0119c\u0105 wyobra\u017ani\u0119.                            <\/p>\n<p>a                            <\/p>\n<p>Zestawy artystyczne marki Janod to zbi\u00f3r kreatywnych zada\u0144 do samodzielnego wykonania przez dziecko, kt\u00f3re wspaniale kszta\u0142tuj\u0105 koordynacj\u0119 r\u0119ka-oko, poprawiaj\u0105 sprawno\u015b\u0107 manualn\u0105, pobudzaj\u0105 wyobra\u017ani\u0119 i ucz\u0105 koncentracji. To doskona\u0142y pomys\u0142 na zabaw\u0119 dla dzieci, kt\u00f3re lubi\u0105 tworzy\u0107 \u2013 sk\u0142ada\u0107, klei\u0107, malowa\u0107 czy rysowa\u0107. Mali arty\u015bci b\u0119d\u0105 na pewno bardzo dumni ze swoich dzie\u0142.Zabawka rozwija:umiej\u0119tno\u015b\u0107 budowania i projektowaniawyobra\u017ani\u0119, pomys\u0142owo\u015b\u0107 i kreatywno\u015b\u0107wiek: 3 lata +liczba element\u00f3w: 7materia\u0142: plastikdesign: Francjawymiary produktu: 14,5 x 3 x 25waga produktu: 0,12 kgwymiary opakowania: 14,5 x 3 x 25 cmbezpiecze\u0144stwo i jako\u015b\u0107: EN71-1; EN71-2, EN71-3; REACH                            <\/p>\n<p>a                            <\/p>\n<p>Janod od 1970 roku niezmiennie projektuje zabawki, kt\u00f3re s\u0105 synonimem innowacyjno\u015bci, francuskiego designu i najwy\u017cszej jako\u015bci. Unikalne zabawki Janod tworzone s\u0105 z drewna i innych doskona\u0142ych materia\u0142\u00f3w, a przede wszystkim z dzieci\u0119cych marze\u0144!\u00a0W obecnej ofercie Janod jest ponad 500 produkt\u00f3w, z kt\u00f3rych kluczowe to zabawki drewniane, puzzle, uk\u0142adanki i zabawki magnetyczne. Wszystkie produkty projektowane s\u0105 we Francji przez w\u0142asnych designer\u00f3w. St\u0105d wiele motyw\u00f3w i wzor\u00f3w powtarza si\u0119 w kolekcjach, tworz\u0105c wyj\u0105tkowy, bajkowy \u015bwiat Janod.\u00a0Wszystkie zabawki tworzone s\u0105 z dba\u0142o\u015bci\u0105 o szczeg\u00f3\u0142y, z najwy\u017cszej jako\u015bci materia\u0142\u00f3w, bezpiecznych dla dzieci. Zabawki spe\u0142niaj\u0105 restrykcyjne normy bezpiecze\u0144stwa, takie jak EN71-1, EN71-2, EN71-3 oraz REACH.<\/p>\n<h2>Janod Kredki Do K\u0105pieli 6 Kolor\u00f3w Z G\u0105bk\u0105 3+ J04725 Janod<\/h2>\n<p>quizy dla dzieci, prezenty dla 7 latki, jak narysowa\u0107 psa, zabawy dla 6 latk\u00f3w, ko\u0142ysanki tekst, znaki drogowe test, dobre \u017carty na prima aprilis, myszka minnie kolorowanka, konkurencje sportowe dla dzieci, ja\u015bmina, wyprawka warszawiaka 2021, mitologia grecka quiz, matematyczne zagadki, quiz znaki drogowe<\/p>\n<p>yyyyy<\/p>\n<p>&nbsp;<\/p>\n","protected":false},"excerpt":{"rendered":"<p>Janod Kredki Do K\u0105pieli 6 Kolor\u00f3w Z G\u0105bk\u0105 a Kredki do k\u0105pieli francuskiej marki JANOD to 6 kolorowych sztyft\u00f3w (\u017c\u00f3\u0142ty, pomara\u0144czowy, czerwony, fioletowy, niebieski i zielony) w os\u0142onkach z tworzywa. Nadaj\u0105 si\u0119 do malowania po \u015bliskich powierzchniach, np. wannie czy kafelkach. \u0141atwo si\u0119 zmywaj\u0105. Do zestawu do\u0142\u0105czona jest urocza g\u0105bka w kszta\u0142cie u\u015bmiechni\u0119tej rozgwiazdy. Rysowanie [&hellip;]<\/p>\n","protected":false},"featured_media":2795,"comment_status":"closed","ping_status":"open","template":"","meta":[],"product_cat":[557,297],"product_tag":[856,705,591,857,849,633],"class_list":["post-2794","product","type-product","status-publish","has-post-thumbnail","hentry","product_cat-janod","product_cat-szkolne-artykuly-plastyczne","product_tag-prezent-dla-16-latki","product_tag-prezent-na-roczek-dla-chlopca","product_tag-quiz-o-minecraft","product_tag-zagadki-dla-dzieci-7-8-lat","product_tag-zagadki-matematyczne-dla-dzieci","product_tag-zagadki-z-odpowiedziami"],"_links":{"self":[{"href":"http:\/\/klubmamgdynia.pl\/index.php\/wp-json\/wp\/v2\/product\/2794","targetHints":{"allow":["GET"]}}],"collection":[{"href":"http:\/\/klubmamgdynia.pl\/index.php\/wp-json\/wp\/v2\/product"}],"about":[{"href":"http:\/\/klubmamgdynia.pl\/index.php\/wp-json\/wp\/v2\/types\/product"}],"replies":[{"embeddable":true,"href":"http:\/\/klubmamgdynia.pl\/index.php\/wp-json\/wp\/v2\/comments?post=2794"}],"wp:featuredmedia":[{"embeddable":true,"href":"http:\/\/klubmamgdynia.pl\/index.php\/wp-json\/wp\/v2\/media\/2795"}],"wp:attachment":[{"href":"http:\/\/klubmamgdynia.pl\/index.php\/wp-json\/wp\/v2\/media?parent=2794"}],"wp:term":[{"taxonomy":"product_cat","embeddable":true,"href":"http:\/\/klubmamgdynia.pl\/index.php\/wp-json\/wp\/v2\/product_cat?post=2794"},{"taxonomy":"product_tag","embeddable":true,"href":"http:\/\/klubmamgdynia.pl\/index.php\/wp-json\/wp\/v2\/product_tag?post=2794"}],"curies":[{"name":"wp","href":"https:\/\/api.w.org\/{rel}","templated":true}]}}