{"id":2796,"date":"2014-05-22T02:27:08","date_gmt":"2014-05-22T00:27:08","guid":{"rendered":"http:\/\/klubmamgdynia.pl\/index.php\/produkt\/babys-only-pokrowiec-na-podkladke-do-przewijania-sense-old-pink-75x85-cm-r-75x85-cm\/"},"modified":"2026-04-30T03:08:36","modified_gmt":"2026-04-30T01:08:36","slug":"babys-only-pokrowiec-na-podkladke-do-przewijania-sense-old-pink-75x85-cm-r-75x85-cm","status":"publish","type":"product","link":"http:\/\/klubmamgdynia.pl\/index.php\/produkt\/babys-only-pokrowiec-na-podkladke-do-przewijania-sense-old-pink-75x85-cm-r-75x85-cm\/","title":{"rendered":"Baby&#8217;S Only Pokrowiec Na Podk\u0142adk\u0119 Do Przewijania Sense Old Pink 75X85 Cm &#8211; R. 75X85 Cm"},"content":{"rendered":"<p>Babys Only &#8211; Marka Dutch Life style dla niemowl\u0105t i pokoik\u00f3w dzieci\u0119cych przekonuje jako\u015bci\u0105, modern it Design i r\u00f3\u017cnorodno\u015bci\u0105! Zaprojektuj sw\u00f3j wymarzony pok\u00f3j dzieci\u0119cy dzi\u0119ki wspania\u0142ym opcjom mix &amp; match. Style, wzory dzianin i kolory pozwalaj\u0105 na niesko\u0144czon\u0105 ilo\u015b\u0107 kombinacji. Ten pokrowiec na przewijak chroni mat\u0119 do przewijania przed brudem i wilgoci\u0105. Wystarczy przykry\u0107 mat\u0119 do przewijania, aby dziecko mog\u0142o wygodnie le\u017ce\u0107, gdy trzeba je ubra\u0107 lub przewin\u0105\u0107. Pokrowiec na przewijak r\u00f3wnie\u017c wykonany jest z wysokiej jako\u015bci materia\u0142\u00f3w. Szczeg\u00f3\u0142y produktu: Wymiary: szeroko\u015b\u0107 x d\u0142ugo\u015b\u0107 75&#215;85 cm Materia\u0142: 80% bawe\u0142na, 20% poliester Mo\u017cna pra\u0107 w temperaturze 30 \u00b0C Suszy\u0107 w suszarce b\u0119bnowej<\/p>\n<h2>BabyS Only Pokrowiec Na Podk\u0142adk\u0119 Do Przewijania Sense Old Pink 75X85 Cm &#8211; R. 75X85 Cm <\/h2>\n<p>zagadki matematyczne dla przedszkolak\u00f3w, zabawy ruchowe dla dzieci w przedszkolu, prezent na \u015bwi\u0119ta dla nastolatka, \u0142\u00f3d\u017a atrakcje dla dzieci, zabawy miko\u0142ajkowe dla dzieci, materac do basenu, film animowany o \u015bwi\u0119tach, trudne zagadki na inteligencje, esmeralda, sentencje o rodzinie, piosenka dla taty przedszkole, kwiaty polne nazwy i zdj\u0119cia, kolorowanka pokemon, zagadki logiczne z odpowiedziami, jasmin imie, bajki dla dzieci do czytania<\/p>\n<p>yyyyy<\/p>\n<p>&nbsp;<\/p>\n","protected":false},"excerpt":{"rendered":"<p>Babys Only &#8211; Marka Dutch Life style dla niemowl\u0105t i pokoik\u00f3w dzieci\u0119cych przekonuje jako\u015bci\u0105, modern it Design i r\u00f3\u017cnorodno\u015bci\u0105! Zaprojektuj sw\u00f3j wymarzony pok\u00f3j dzieci\u0119cy dzi\u0119ki wspania\u0142ym opcjom mix &amp; match. Style, wzory dzianin i kolory pozwalaj\u0105 na niesko\u0144czon\u0105 ilo\u015b\u0107 kombinacji. Ten pokrowiec na przewijak chroni mat\u0119 do przewijania przed brudem i wilgoci\u0105. Wystarczy przykry\u0107 mat\u0119 [&hellip;]<\/p>\n","protected":false},"featured_media":2797,"comment_status":"closed","ping_status":"open","template":"","meta":[],"product_cat":[958],"product_tag":[598,722,704,732,741],"class_list":["post-2796","product","type-product","status-publish","has-post-thumbnail","hentry","product_cat-komody-kapielowe-wanienki-i-przewijaki","product_tag-co-na-roczek-dla-dziewczynki","product_tag-cytaty-o-przyjazni","product_tag-prezent-dla-nastolatka","product_tag-prezent-dla-rocznego-chlopca","product_tag-wlochy"],"_links":{"self":[{"href":"http:\/\/klubmamgdynia.pl\/index.php\/wp-json\/wp\/v2\/product\/2796","targetHints":{"allow":["GET"]}}],"collection":[{"href":"http:\/\/klubmamgdynia.pl\/index.php\/wp-json\/wp\/v2\/product"}],"about":[{"href":"http:\/\/klubmamgdynia.pl\/index.php\/wp-json\/wp\/v2\/types\/product"}],"replies":[{"embeddable":true,"href":"http:\/\/klubmamgdynia.pl\/index.php\/wp-json\/wp\/v2\/comments?post=2796"}],"wp:featuredmedia":[{"embeddable":true,"href":"http:\/\/klubmamgdynia.pl\/index.php\/wp-json\/wp\/v2\/media\/2797"}],"wp:attachment":[{"href":"http:\/\/klubmamgdynia.pl\/index.php\/wp-json\/wp\/v2\/media?parent=2796"}],"wp:term":[{"taxonomy":"product_cat","embeddable":true,"href":"http:\/\/klubmamgdynia.pl\/index.php\/wp-json\/wp\/v2\/product_cat?post=2796"},{"taxonomy":"product_tag","embeddable":true,"href":"http:\/\/klubmamgdynia.pl\/index.php\/wp-json\/wp\/v2\/product_tag?post=2796"}],"curies":[{"name":"wp","href":"https:\/\/api.w.org\/{rel}","templated":true}]}}