{"id":2798,"date":"2022-07-14T05:38:13","date_gmt":"2022-07-14T03:38:13","guid":{"rendered":"http:\/\/klubmamgdynia.pl\/index.php\/produkt\/ceba-baby-skladana-mata-do-przewijania-80x50-fluffy-puffy-lea\/"},"modified":"2026-04-30T01:56:34","modified_gmt":"2026-04-29T23:56:34","slug":"ceba-baby-skladana-mata-do-przewijania-80x50-fluffy-puffy-lea","status":"publish","type":"product","link":"http:\/\/klubmamgdynia.pl\/index.php\/produkt\/ceba-baby-skladana-mata-do-przewijania-80x50-fluffy-puffy-lea\/","title":{"rendered":"Ceba Baby Sk\u0142adana Mata Do Przewijania 80&#215;50 Fluffy Puffy Lea"},"content":{"rendered":"<p>Sk\u0142adana mata do przewijania 80&#215;50 Fluffy Puffy Lea Ceba BabyMata turystyczna to wygodny gad\u017cet, kt\u00f3ry przyda si\u0119 na spacerze czy w czasie podr\u00f3\u017cy. Wykonana zosta\u0142a z bezpiecznej dla sk\u00f3ry dziecka folii z mi\u0119kkim wype\u0142nieniem. Mata jest wyj\u0105tkowo praktyczna \u2013 po z\u0142o\u017ceniu i spi\u0119ciu napami zajmuje niewiele miejsca.Wymiary: 50 x 80 cm, po z\u0142o\u017ceniu 17 x 39 cm<\/p>\n<h2>Ceba Baby Sk\u0142adana Mata Do Przewijania 80&#215;50 Fluffy Puffy Lea Ceba Baby<\/h2>\n<p>dzien matki cytaty, bajka o miko\u0142aju do czytania, list do gwiazdora, dzie\u0144 nauczyciela cytaty, my jeste\u015bmy krasnoludki tekst, kr\u00f3tkie zagadki dla doros\u0142ych, \u0142amig\u0142owki do druku, maurycy, bajki terapeutyczne o emocjach, daria imie, cytaty o nauczycielach, szlaczki literopodobne do wydruku, kr\u00f3tkie zagadki matematyczne z odpowiedziami, co kupic dziewczynce na roczek<\/p>\n<p>yyyyy<\/p>\n<p>&nbsp;<\/p>\n","protected":false},"excerpt":{"rendered":"<p>Sk\u0142adana mata do przewijania 80&#215;50 Fluffy Puffy Lea Ceba BabyMata turystyczna to wygodny gad\u017cet, kt\u00f3ry przyda si\u0119 na spacerze czy w czasie podr\u00f3\u017cy. Wykonana zosta\u0142a z bezpiecznej dla sk\u00f3ry dziecka folii z mi\u0119kkim wype\u0142nieniem. Mata jest wyj\u0105tkowo praktyczna \u2013 po z\u0142o\u017ceniu i spi\u0119ciu napami zajmuje niewiele miejsca.Wymiary: 50 x 80 cm, po z\u0142o\u017ceniu 17 x [&hellip;]<\/p>\n","protected":false},"featured_media":2799,"comment_status":"closed","ping_status":"open","template":"","meta":[],"product_cat":[959,958],"product_tag":[610,593,815,873],"class_list":["post-2798","product","type-product","status-publish","has-post-thumbnail","hentry","product_cat-ceba-baby","product_cat-komody-kapielowe-wanienki-i-przewijaki","product_tag-co-na-prezent-dla-nastolatkow","product_tag-jak-narysowac-konia","product_tag-ozdoby-choinkowe-dla-dzieci","product_tag-zagadki-z-odpowiedziami-dla-dzieci"],"_links":{"self":[{"href":"http:\/\/klubmamgdynia.pl\/index.php\/wp-json\/wp\/v2\/product\/2798","targetHints":{"allow":["GET"]}}],"collection":[{"href":"http:\/\/klubmamgdynia.pl\/index.php\/wp-json\/wp\/v2\/product"}],"about":[{"href":"http:\/\/klubmamgdynia.pl\/index.php\/wp-json\/wp\/v2\/types\/product"}],"replies":[{"embeddable":true,"href":"http:\/\/klubmamgdynia.pl\/index.php\/wp-json\/wp\/v2\/comments?post=2798"}],"wp:featuredmedia":[{"embeddable":true,"href":"http:\/\/klubmamgdynia.pl\/index.php\/wp-json\/wp\/v2\/media\/2799"}],"wp:attachment":[{"href":"http:\/\/klubmamgdynia.pl\/index.php\/wp-json\/wp\/v2\/media?parent=2798"}],"wp:term":[{"taxonomy":"product_cat","embeddable":true,"href":"http:\/\/klubmamgdynia.pl\/index.php\/wp-json\/wp\/v2\/product_cat?post=2798"},{"taxonomy":"product_tag","embeddable":true,"href":"http:\/\/klubmamgdynia.pl\/index.php\/wp-json\/wp\/v2\/product_tag?post=2798"}],"curies":[{"name":"wp","href":"https:\/\/api.w.org\/{rel}","templated":true}]}}